{"id":7763,"date":"2019-04-19T02:28:58","date_gmt":"2019-04-19T02:28:58","guid":{"rendered":"https:\/\/parisnordkapp.com\/faq\/"},"modified":"2025-09-19T14:38:15","modified_gmt":"2025-09-19T14:38:15","slug":"faq","status":"publish","type":"page","link":"https:\/\/parisnordkapp.com\/de\/faq\/","title":{"rendered":"H\u00e4ufig gestellte Fragen"},"content":{"rendered":"\t\t<div data-elementor-type=\"wp-post\" data-elementor-id=\"7763\" class=\"elementor elementor-7763 elementor-4708\">\n\t\t\t\t\t\t<section class=\"elementor-section elementor-top-section elementor-element elementor-element-29f821b elementor-section-stretched elementor-section-boxed elementor-section-height-default elementor-section-height-default\" data-id=\"29f821b\" data-element_type=\"section\" data-settings=\"{&quot;stretch_section&quot;:&quot;section-stretched&quot;}\">\n\t\t\t\t\t\t<div class=\"elementor-container elementor-column-gap-no\">\n\t\t\t\t\t<div class=\"elementor-column elementor-col-100 elementor-top-column elementor-element elementor-element-fda0086\" data-id=\"fda0086\" data-element_type=\"column\">\n\t\t\t<div class=\"elementor-widget-wrap elementor-element-populated\">\n\t\t\t\t\t\t<div class=\"elementor-element elementor-element-7523374 elementor-align-center animated-fast elementor-invisible elementor-widget elementor-widget-heading\" data-id=\"7523374\" data-element_type=\"widget\" data-settings=\"{&quot;_animation&quot;:&quot;opal-move-up&quot;}\" data-widget_type=\"heading.default\">\n\t\t\t\t<div class=\"elementor-widget-container\">\n\t\t\t<h2 class=\"elementor-heading-title elementor-size-default\">Hier finden Sie Antworten auf alle Ihre<br>Fragen<\/h2>\t\t<\/div>\n\t\t\t\t<\/div>\n\t\t\t\t<section class=\"elementor-section elementor-inner-section elementor-element elementor-element-e9cf79c elementor-section-full_width elementor-section-height-default elementor-section-height-default\" data-id=\"e9cf79c\" data-element_type=\"section\">\n\t\t\t\t\t\t<div class=\"elementor-container elementor-column-gap-no\">\n\t\t\t\t\t<div class=\"elementor-column elementor-col-50 elementor-inner-column elementor-element elementor-element-9c1b73b animated-fast elementor-invisible\" data-id=\"9c1b73b\" data-element_type=\"column\" data-settings=\"{&quot;animation&quot;:&quot;opal-move-up&quot;,&quot;animation_delay&quot;:200}\">\n\t\t\t<div class=\"elementor-widget-wrap elementor-element-populated\">\n\t\t\t\t\t\t<div class=\"elementor-element elementor-element-8be0338 elementor-accordion-i-right elementor-widget elementor-widget-accordion\" data-id=\"8be0338\" data-element_type=\"widget\" data-widget_type=\"accordion.default\">\n\t\t\t\t<div class=\"elementor-widget-container\">\n\t\t\t        <div class=\"elementor-accordion\" role=\"tablist\">\n                    <div class=\"elementor-accordion-item\">\n            <div id=\"elementor-tab-title-1461\" class=\"elementor-tab-title\" tabindex=\"1461\" data-tab=\"1\" role=\"tab\" aria-controls=\"elementor-tab-content-1461\">\n                        <span class=\"elementor-accordion-icon\" aria-hidden=\"true\">\n\t\t\t\t\t\t\t<i class=\"elementor-accordion-icon-closed opal-icon-plus\"><\/i>\n\t\t\t\t\t\t\t<i class=\"elementor-accordion-icon-opened opal-icon-minus\"><\/i>\n\t\t\t\t\t\t<\/span>\n                    Ist Paris\u2013Nordkapp ein Rennen?            <\/div>\n            <div id=\"elementor-tab-content-1461\" class=\"elementor-tab-content elementor-clearfix\" data-tab=\"1\" role=\"tabpanel\" aria-labelledby=\"elementor-tab-title-1461\"><p data-start=\"195\" data-end=\"299\">Nein. Es ist ein Ultra-Distanz-Motorradabenteuer.<br data-start=\"244\" data-end=\"247\" \/>Es gibt keine Ranglisten, nur pers\u00f6nliche Erf\u00fcllung.<\/p><\/div>\n            <\/div>\n                    <div class=\"elementor-accordion-item\">\n            <div id=\"elementor-tab-title-1462\" class=\"elementor-tab-title\" tabindex=\"1462\" data-tab=\"2\" role=\"tab\" aria-controls=\"elementor-tab-content-1462\">\n                        <span class=\"elementor-accordion-icon\" aria-hidden=\"true\">\n\t\t\t\t\t\t\t<i class=\"elementor-accordion-icon-closed opal-icon-plus\"><\/i>\n\t\t\t\t\t\t\t<i class=\"elementor-accordion-icon-opened opal-icon-minus\"><\/i>\n\t\t\t\t\t\t<\/span>\n                    Welches Motorrad kann ich verwenden?            <\/div>\n            <div id=\"elementor-tab-content-1462\" class=\"elementor-tab-content elementor-clearfix\" data-tab=\"2\" role=\"tabpanel\" aria-labelledby=\"elementor-tab-title-1462\"><p data-start=\"353\" data-end=\"775\">Jedes Motorrad, das Offroad-Passagen und lange Stra\u00dfenetappen bew\u00e4ltigen kann.<br data-start=\"431\" data-end=\"434\" \/>Adventure-Bikes werden besonders empfohlen \u2013 wegen ihrer Vielseitigkeit, ihres Komforts und ihrer Zuverl\u00e4ssigkeit.<br data-start=\"548\" data-end=\"551\" \/>Dein Motorrad sollte mit Gep\u00e4cktr\u00e4gern, Seitentaschen oder Softbags, Werkzeug und allem N\u00f6tigen ausgestattet sein, um dich w\u00e4hrend der gesamten Reise selbst zu versorgen.<br data-start=\"721\" data-end=\"724\" \/>Ziel ist es, vollst\u00e4ndig autonom unterwegs zu sein.<\/p><\/div>\n            <\/div>\n                    <div class=\"elementor-accordion-item\">\n            <div id=\"elementor-tab-title-1463\" class=\"elementor-tab-title\" tabindex=\"1463\" data-tab=\"3\" role=\"tab\" aria-controls=\"elementor-tab-content-1463\">\n                        <span class=\"elementor-accordion-icon\" aria-hidden=\"true\">\n\t\t\t\t\t\t\t<i class=\"elementor-accordion-icon-closed opal-icon-plus\"><\/i>\n\t\t\t\t\t\t\t<i class=\"elementor-accordion-icon-opened opal-icon-minus\"><\/i>\n\t\t\t\t\t\t<\/span>\n                    Wie navigiere ich?            <\/div>\n            <div id=\"elementor-tab-content-1463\" class=\"elementor-tab-content elementor-clearfix\" data-tab=\"3\" role=\"tabpanel\" aria-labelledby=\"elementor-tab-title-1463\"><p data-start=\"811\" data-end=\"1201\">Du kannst zwischen zwei Kategorien w\u00e4hlen: RoadBook oder GPX.<br data-start=\"872\" data-end=\"875\" \/>Das RoadBook ist ausschlie\u00dflich digital und funktioniert \u00fcber die Navigations-App <strong data-start=\"957\" data-end=\"972\">Terrapirata<\/strong> (iOS oder Android) in Kombination mit einem daf\u00fcr geeigneten Ger\u00e4t \u2013 z.\u202fB. einem Tablet, das an deinem Motorrad montiert ist.<br data-start=\"1098\" data-end=\"1101\" \/>Die GPX-Navigation funktioniert mit jedem GPS-Ger\u00e4t wie Garmin, einem Tablet mit App oder \u00e4hnlichem.<\/p><p data-start=\"1203\" data-end=\"1378\">Zus\u00e4tzlich stellt die Organisation ein Tracking- und Sicherheitsger\u00e4t zur Verf\u00fcgung, das eine Live-Ortung aller Teilnehmenden erm\u00f6glicht und maximale Sicherheit gew\u00e4hrleistet.<\/p><\/div>\n            <\/div>\n                    <div class=\"elementor-accordion-item\">\n            <div id=\"elementor-tab-title-1464\" class=\"elementor-tab-title\" tabindex=\"1464\" data-tab=\"4\" role=\"tab\" aria-controls=\"elementor-tab-content-1464\">\n                        <span class=\"elementor-accordion-icon\" aria-hidden=\"true\">\n\t\t\t\t\t\t\t<i class=\"elementor-accordion-icon-closed opal-icon-plus\"><\/i>\n\t\t\t\t\t\t\t<i class=\"elementor-accordion-icon-opened opal-icon-minus\"><\/i>\n\t\t\t\t\t\t<\/span>\n                    Gibt es Unterst\u00fctzung?            <\/div>\n            <div id=\"elementor-tab-content-1464\" class=\"elementor-tab-content elementor-clearfix\" data-tab=\"4\" role=\"tabpanel\" aria-labelledby=\"elementor-tab-title-1464\"><p data-start=\"1418\" data-end=\"1669\">Die Veranstaltung ist vollst\u00e4ndig <strong data-start=\"1452\" data-end=\"1467\">unsupported<\/strong>.<br data-start=\"1468\" data-end=\"1471\" \/>Du bist selbst verantwortlich f\u00fcr Wartung, Navigation und Logistik.<br data-start=\"1538\" data-end=\"1541\" \/>Allerdings ist im Startgeld eine Versicherung enthalten, die dich im Falle von <strong data-start=\"1620\" data-end=\"1658\">Personensch\u00e4den w\u00e4hrend des Events <\/strong>absichert.<\/p><\/div>\n            <\/div>\n                    <div class=\"elementor-accordion-item\">\n            <div id=\"elementor-tab-title-1465\" class=\"elementor-tab-title\" tabindex=\"1465\" data-tab=\"5\" role=\"tab\" aria-controls=\"elementor-tab-content-1465\">\n                        <span class=\"elementor-accordion-icon\" aria-hidden=\"true\">\n\t\t\t\t\t\t\t<i class=\"elementor-accordion-icon-closed opal-icon-plus\"><\/i>\n\t\t\t\t\t\t\t<i class=\"elementor-accordion-icon-opened opal-icon-minus\"><\/i>\n\t\t\t\t\t\t<\/span>\n                    An- und Abreise \u2013 Paris & Nordkapp            <\/div>\n            <div id=\"elementor-tab-content-1465\" class=\"elementor-tab-content elementor-clearfix\" data-tab=\"5\" role=\"tabpanel\" aria-labelledby=\"elementor-tab-title-1465\"><p data-start=\"1721\" data-end=\"1809\">Die Anreise nach Paris und die R\u00fcckreise von Nordkapp erfolgen in eigener Verantwortung.<\/p><p data-start=\"1811\" data-end=\"2243\">Wir empfehlen, deine R\u00fcckfahrt \u00fcber die beeindruckende norwegische K\u00fcste fortzusetzen.<br data-start=\"1897\" data-end=\"1900\" \/>Falls dir jedoch die Zeit fehlt, wird ein optionaler Motorrad-Trans\u00adport\u00adservice von <strong data-start=\"1985\" data-end=\"1993\">Alta<\/strong> (ca. 240\u202fkm von Nordkapp entfernt) nach Paris angeboten \u2013 gegen Aufpreis.<br data-start=\"2067\" data-end=\"2070\" \/>So kannst du bequem per Flugzeug nach Hause zur\u00fcckkehren.<br data-start=\"2127\" data-end=\"2130\" \/>Preise und Details werden bekannt gegeben, sobald klar ist, wie viele Teilnehmende diesen Service nutzen m\u00f6chten.<\/p><\/div>\n            <\/div>\n                <\/div>\n        \t\t<\/div>\n\t\t\t\t<\/div>\n\t\t\t\t\t<\/div>\n\t\t<\/div>\n\t\t\t\t<div class=\"elementor-column elementor-col-50 elementor-inner-column elementor-element elementor-element-ace463b animated-fast elementor-invisible\" data-id=\"ace463b\" data-element_type=\"column\" data-settings=\"{&quot;animation&quot;:&quot;opal-move-up&quot;}\">\n\t\t\t<div class=\"elementor-widget-wrap elementor-element-populated\">\n\t\t\t\t\t\t<div class=\"elementor-element elementor-element-a273472 elementor-accordion-i-right elementor-widget elementor-widget-accordion\" data-id=\"a273472\" data-element_type=\"widget\" data-widget_type=\"accordion.default\">\n\t\t\t\t<div class=\"elementor-widget-container\">\n\t\t\t        <div class=\"elementor-accordion\" role=\"tablist\">\n                    <div class=\"elementor-accordion-item\">\n            <div id=\"elementor-tab-title-1701\" class=\"elementor-tab-title\" tabindex=\"1701\" data-tab=\"1\" role=\"tab\" aria-controls=\"elementor-tab-content-1701\">\n                        <span class=\"elementor-accordion-icon\" aria-hidden=\"true\">\n\t\t\t\t\t\t\t<i class=\"elementor-accordion-icon-closed opal-icon-plus\"><\/i>\n\t\t\t\t\t\t\t<i class=\"elementor-accordion-icon-opened opal-icon-minus\"><\/i>\n\t\t\t\t\t\t<\/span>\n                    Was sind die Gates?            <\/div>\n            <div id=\"elementor-tab-content-1701\" class=\"elementor-tab-content elementor-clearfix\" data-tab=\"1\" role=\"tabpanel\" aria-labelledby=\"elementor-tab-title-1701\"><p data-start=\"2280\" data-end=\"2406\">Gates sind strategische Checkpoints entlang der Route.<br data-start=\"2334\" data-end=\"2337\" \/>Jedes Gate \u00f6ffnet und schlie\u00dft zu festgelegten Zeiten und beinhaltet:<\/p><ul data-start=\"2408\" data-end=\"2661\"><li data-start=\"2408\" data-end=\"2483\"><p data-start=\"2410\" data-end=\"2483\">eine <strong data-start=\"2415\" data-end=\"2434\">Malle-Moto-Zone<\/strong> mit Werkstatt, Werkzeug, Reifen- und \u00d6lservice<\/p><\/li><li data-start=\"2484\" data-end=\"2537\"><p data-start=\"2486\" data-end=\"2537\">ein geselliges Zusammenkommen aller Teilnehmenden<\/p><\/li><li data-start=\"2538\" data-end=\"2609\"><p data-start=\"2540\" data-end=\"2609\">eine <strong data-start=\"2545\" data-end=\"2562\">Sonderpr\u00fcfung<\/strong>, bei der Bonuspunkte gesammelt werden k\u00f6nnen<\/p><\/li><li data-start=\"2610\" data-end=\"2661\"><p data-start=\"2612\" data-end=\"2661\">Unterk\u00fcnfte in touristisch erschlossenen Gebieten<\/p><\/li><\/ul><p data-start=\"2663\" data-end=\"2795\">Wer au\u00dferhalb des Zeitfensters ankommt, wird disqualifiziert.<br data-start=\"2724\" data-end=\"2727\" \/>Jede*r muss sich im Gate ausruhen, bevor die Fahrt fortgesetzt wird.<\/p><\/div>\n            <\/div>\n                    <div class=\"elementor-accordion-item\">\n            <div id=\"elementor-tab-title-1702\" class=\"elementor-tab-title\" tabindex=\"1702\" data-tab=\"2\" role=\"tab\" aria-controls=\"elementor-tab-content-1702\">\n                        <span class=\"elementor-accordion-icon\" aria-hidden=\"true\">\n\t\t\t\t\t\t\t<i class=\"elementor-accordion-icon-closed opal-icon-plus\"><\/i>\n\t\t\t\t\t\t\t<i class=\"elementor-accordion-icon-opened opal-icon-minus\"><\/i>\n\t\t\t\t\t\t<\/span>\n                    Was passiert, wenn ich ein Gate verpasse?            <\/div>\n            <div id=\"elementor-tab-content-1702\" class=\"elementor-tab-content elementor-clearfix\" data-tab=\"2\" role=\"tabpanel\" aria-labelledby=\"elementor-tab-title-1702\"><p data-start=\"2854\" data-end=\"2996\">Dann bist du <strong data-start=\"2867\" data-end=\"2898\">aus dem Event ausgeschieden<\/strong>.<br data-start=\"2899\" data-end=\"2902\" \/>Alle Teilnehmenden m\u00fcssen auf der definierten Strecke bleiben und sie vollst\u00e4ndig absolvieren.<\/p><p data-start=\"2998\" data-end=\"3314\">Du darfst die Route aus logistischen Gr\u00fcnden verlassen (z.\u202fB. f\u00fcr Hotels oder Reparaturen), musst aber <strong data-start=\"3101\" data-end=\"3133\">genau dort wieder einsteigen<\/strong>, wo du ausgestiegen bist.<br data-start=\"3159\" data-end=\"3162\" \/>Dank des Live-Trackings erkennt die Organisation jede Abk\u00fcrzung oder Unregelm\u00e4\u00dfigkeit.<br data-start=\"3248\" data-end=\"3251\" \/>Gate-Auslassungen oder Abk\u00fcrzungen f\u00fchren zur Disqualifikation.<\/p><\/div>\n            <\/div>\n                    <div class=\"elementor-accordion-item\">\n            <div id=\"elementor-tab-title-1703\" class=\"elementor-tab-title\" tabindex=\"1703\" data-tab=\"3\" role=\"tab\" aria-controls=\"elementor-tab-content-1703\">\n                        <span class=\"elementor-accordion-icon\" aria-hidden=\"true\">\n\t\t\t\t\t\t\t<i class=\"elementor-accordion-icon-closed opal-icon-plus\"><\/i>\n\t\t\t\t\t\t\t<i class=\"elementor-accordion-icon-opened opal-icon-minus\"><\/i>\n\t\t\t\t\t\t<\/span>\n                    Kann ich mit Freunden fahren?            <\/div>\n            <div id=\"elementor-tab-content-1703\" class=\"elementor-tab-content elementor-clearfix\" data-tab=\"3\" role=\"tabpanel\" aria-labelledby=\"elementor-tab-title-1703\"><p data-start=\"3361\" data-end=\"3616\">Unbedingt! Der Geist von Paris\u2013Nordkapp lebt vom Teilen des Erlebnisses.<br data-start=\"3433\" data-end=\"3436\" \/>Du kannst dich als Team anmelden \u2013 dann m\u00fcsst ihr gemeinsam im selben Tempo fahren.<br data-start=\"3519\" data-end=\"3522\" \/>Das Fahren im Team erleichtert die Aufgabenteilung und verbessert die Probleml\u00f6sung unterwegs.<\/p><p data-start=\"3618\" data-end=\"3775\">Auch wenn du dich allein anmeldest, kannst du unterwegs \u201eAllianzen\u201c mit anderen Abenteurern bilden.<br data-start=\"3717\" data-end=\"3720\" \/>Der gemeinsame Nenner bleibt: der Geist des Abenteuers.<\/p><\/div>\n            <\/div>\n                    <div class=\"elementor-accordion-item\">\n            <div id=\"elementor-tab-title-1704\" class=\"elementor-tab-title\" tabindex=\"1704\" data-tab=\"4\" role=\"tab\" aria-controls=\"elementor-tab-content-1704\">\n                        <span class=\"elementor-accordion-icon\" aria-hidden=\"true\">\n\t\t\t\t\t\t\t<i class=\"elementor-accordion-icon-closed opal-icon-plus\"><\/i>\n\t\t\t\t\t\t\t<i class=\"elementor-accordion-icon-opened opal-icon-minus\"><\/i>\n\t\t\t\t\t\t<\/span>\n                    Ist das gef\u00e4hrlich?            <\/div>\n            <div id=\"elementor-tab-content-1704\" class=\"elementor-tab-content elementor-clearfix\" data-tab=\"4\" role=\"tabpanel\" aria-labelledby=\"elementor-tab-title-1704\"><p data-start=\"3812\" data-end=\"4018\">Die Strecke ist <strong data-start=\"3828\" data-end=\"3844\">nicht extrem<\/strong> oder \u00fcberm\u00e4\u00dfig technisch.<br data-start=\"3870\" data-end=\"3873\" \/>Aber Wetterumschw\u00fcnge oder wechselnde Untergr\u00fcnde k\u00f6nnen Abschnitte herausfordernd machen \u2013 besonders f\u00fcr unvorbereitete oder ersch\u00f6pfte Piloten.<\/p><p data-start=\"4020\" data-end=\"4218\">Deshalb bitten wir dich, dich sowohl <strong data-start=\"4057\" data-end=\"4087\">k\u00f6rperlich als auch mental<\/strong> auf dieses Abenteuer vorzubereiten.<br data-start=\"4123\" data-end=\"4126\" \/>Stelle sicher, dass dein Motorrad, deine Ausr\u00fcstung und dein Kopf bereit sind f\u00fcr die Reise.<\/p><\/div>\n            <\/div>\n                <\/div>\n        \t\t<\/div>\n\t\t\t\t<\/div>\n\t\t\t\t\t<\/div>\n\t\t<\/div>\n\t\t\t\t\t<\/div>\n\t\t<\/section>\n\t\t\t\t\t<\/div>\n\t\t<\/div>\n\t\t\t\t\t<\/div>\n\t\t<\/section>\n\t\t\t\t<\/div>\n\t\t","protected":false},"excerpt":{"rendered":"<p>Hier finden Sie Antworten auf alle IhreFragen Ist Paris\u2013Nordkapp ein Rennen? Nein. Es ist ein Ultra-Distanz-Motorradabenteuer.Es gibt keine Ranglisten, nur pers\u00f6nliche Erf\u00fcllung. Welches Motorrad kann ich verwenden? Jedes Motorrad, das&hellip; <\/p>\n<p class=\"link-more\"><a href=\"https:\/\/parisnordkapp.com\/de\/faq\/\" class=\"more-link\">Read More <span class=\"screen-reader-text\"> &#8222;H\u00e4ufig gestellte Fragen&#8220;<\/span><\/a><\/p>\n","protected":false},"author":1,"featured_media":0,"parent":0,"menu_order":0,"comment_status":"closed","ping_status":"closed","template":"page-elementor.php","meta":{"_monsterinsights_skip_tracking":false,"_monsterinsights_sitenote_active":false,"_monsterinsights_sitenote_note":"","_monsterinsights_sitenote_category":0,"footnotes":""},"aioseo_notices":[],"_links":{"self":[{"href":"https:\/\/parisnordkapp.com\/de\/wp-json\/wp\/v2\/pages\/7763"}],"collection":[{"href":"https:\/\/parisnordkapp.com\/de\/wp-json\/wp\/v2\/pages"}],"about":[{"href":"https:\/\/parisnordkapp.com\/de\/wp-json\/wp\/v2\/types\/page"}],"author":[{"embeddable":true,"href":"https:\/\/parisnordkapp.com\/de\/wp-json\/wp\/v2\/users\/1"}],"replies":[{"embeddable":true,"href":"https:\/\/parisnordkapp.com\/de\/wp-json\/wp\/v2\/comments?post=7763"}],"version-history":[{"count":8,"href":"https:\/\/parisnordkapp.com\/de\/wp-json\/wp\/v2\/pages\/7763\/revisions"}],"predecessor-version":[{"id":8391,"href":"https:\/\/parisnordkapp.com\/de\/wp-json\/wp\/v2\/pages\/7763\/revisions\/8391"}],"wp:attachment":[{"href":"https:\/\/parisnordkapp.com\/de\/wp-json\/wp\/v2\/media?parent=7763"}],"curies":[{"name":"wp","href":"https:\/\/api.w.org\/{rel}","templated":true}]}}