{"id":8511,"date":"2025-09-20T06:13:19","date_gmt":"2025-09-20T06:13:19","guid":{"rendered":"https:\/\/parisnordkapp.com\/motorradtransportservice\/"},"modified":"2026-02-11T07:46:03","modified_gmt":"2026-02-11T07:46:03","slug":"motorrad-transportservice","status":"publish","type":"page","link":"https:\/\/parisnordkapp.com\/de\/informationen\/motorrad-transportservice\/","title":{"rendered":"Motorrad-Transportservice"},"content":{"rendered":"\t\t<div data-elementor-type=\"wp-post\" data-elementor-id=\"8511\" class=\"elementor elementor-8511 elementor-8490\">\n\t\t\t\t\t\t<section class=\"elementor-section elementor-top-section elementor-element elementor-element-29f821b elementor-section-stretched elementor-section-boxed elementor-section-height-default elementor-section-height-default\" data-id=\"29f821b\" data-element_type=\"section\" data-settings=\"{&quot;stretch_section&quot;:&quot;section-stretched&quot;}\">\n\t\t\t\t\t\t<div class=\"elementor-container elementor-column-gap-no\">\n\t\t\t\t\t<div class=\"elementor-column elementor-col-100 elementor-top-column elementor-element elementor-element-fda0086\" data-id=\"fda0086\" data-element_type=\"column\">\n\t\t\t<div class=\"elementor-widget-wrap elementor-element-populated\">\n\t\t\t\t\t\t<div class=\"elementor-element elementor-element-7523374 elementor-align-center animated-fast elementor-invisible elementor-widget elementor-widget-heading\" data-id=\"7523374\" data-element_type=\"widget\" data-settings=\"{&quot;_animation&quot;:&quot;opal-move-up&quot;}\" data-widget_type=\"heading.default\">\n\t\t\t\t<div class=\"elementor-widget-container\">\n\t\t\t<h2 class=\"elementor-heading-title elementor-size-default\">FLY &amp; RIDE<\/h2>\t\t<\/div>\n\t\t\t\t<\/div>\n\t\t\t\t<div class=\"elementor-element elementor-element-2d5c84f elementor-widget elementor-widget-text-editor\" data-id=\"2d5c84f\" data-element_type=\"widget\" data-widget_type=\"text-editor.default\">\n\t\t\t\t<div class=\"elementor-widget-container\">\n\t\t\t        <div class=\"elementor-text-editor elementor-clearfix\"><p class=\"p1\">An der Paris\u2013Nordkapp teilzunehmen bedeutet, ein einzigartiges und umfassendes Abenteuer zu erleben. Wir wissen jedoch, dass die Logistik f\u00fcr viele eine Herausforderung darstellen kann.<br \/>Daher arbeiten wir mit mehreren internationalen Reiseveranstaltern zusammen, die spezielle Motorrad-Transportdienste f\u00fcr die Teilnehmer anbieten.<\/p><p class=\"p1\">Mit diesen L\u00f6sungen kannst du:<br \/>&#8211; Transfers und Reisezeiten minimieren, indem du die <i>Fly &amp; Ride<\/i> Formel w\u00e4hlst.<br \/>&#8211; Dein Motorrad an vorgesehenen Sammelpunkten abgeben und es p\u00fcnktlich zum Start in Paris wieder \u00fcbernehmen.<br \/>&#8211; Das Abenteuer bis zum Nordkap genie\u00dfen und bequem zur\u00fcckreisen \u2013 in der Gewissheit, dass dein Motorrad sicher in dein Land zur\u00fcckgebracht wird.<\/p><p class=\"p1\">Auf dieser Seite findest du die Angebote der verschiedenen Reiseveranstalter, die laufend aktualisiert werden. Jede \u00dcbersicht enth\u00e4lt das Herkunftsland, direkte Kontakte, Preise und Servicebedingungen.<\/p><\/div>\n        \t\t<\/div>\n\t\t\t\t<\/div>\n\t\t\t\t<div class=\"elementor-element elementor-element-a8479ef elementor-widget-divider--view-line elementor-widget elementor-widget-divider\" data-id=\"a8479ef\" data-element_type=\"widget\" data-widget_type=\"divider.default\">\n\t\t\t\t<div class=\"elementor-widget-container\">\n\t\t\t\t\t<div class=\"elementor-divider\">\n\t\t\t<span class=\"elementor-divider-separator\">\n\t\t\t\t\t\t<\/span>\n\t\t<\/div>\n\t\t\t\t<\/div>\n\t\t\t\t<\/div>\n\t\t\t\t<section class=\"elementor-section elementor-inner-section elementor-element elementor-element-e9cf79c elementor-section-full_width elementor-section-height-default elementor-section-height-default\" data-id=\"e9cf79c\" data-element_type=\"section\">\n\t\t\t\t\t\t<div class=\"elementor-container elementor-column-gap-no\">\n\t\t\t\t\t<div class=\"elementor-column elementor-col-100 elementor-inner-column elementor-element elementor-element-9c1b73b animated-fast elementor-invisible\" data-id=\"9c1b73b\" data-element_type=\"column\" data-settings=\"{&quot;animation&quot;:&quot;opal-move-up&quot;,&quot;animation_delay&quot;:200}\">\n\t\t\t<div class=\"elementor-widget-wrap elementor-element-populated\">\n\t\t\t\t\t\t<div class=\"elementor-element elementor-element-655440e elementor-align-center elementor-widget elementor-widget-heading\" data-id=\"655440e\" data-element_type=\"widget\" data-widget_type=\"heading.default\">\n\t\t\t\t<div class=\"elementor-widget-container\">\n\t\t\t<h2 class=\"elementor-heading-title elementor-size-default\">REISEVERANSTALTER<\/h2>\t\t<\/div>\n\t\t\t\t<\/div>\n\t\t\t\t<div class=\"elementor-element elementor-element-8be0338 elementor-accordion-i-right elementor-widget elementor-widget-accordion\" data-id=\"8be0338\" data-element_type=\"widget\" data-widget_type=\"accordion.default\">\n\t\t\t\t<div class=\"elementor-widget-container\">\n\t\t\t        <div class=\"elementor-accordion\" role=\"tablist\">\n                    <div class=\"elementor-accordion-item\">\n            <div id=\"elementor-tab-title-1461\" class=\"elementor-tab-title\" tabindex=\"1461\" data-tab=\"1\" role=\"tab\" aria-controls=\"elementor-tab-content-1461\">\n                        <span class=\"elementor-accordion-icon\" aria-hidden=\"true\">\n\t\t\t\t\t\t\t<i class=\"elementor-accordion-icon-closed opal-icon-plus\"><\/i>\n\t\t\t\t\t\t\t<i class=\"elementor-accordion-icon-opened opal-icon-minus\"><\/i>\n\t\t\t\t\t\t<\/span>\n                    SOLARYS RACING            <\/div>\n            <div id=\"elementor-tab-content-1461\" class=\"elementor-tab-content elementor-clearfix\" data-tab=\"1\" role=\"tabpanel\" aria-labelledby=\"elementor-tab-title-1461\"><p>Preis Toskana &amp; Norditalien \u2192 Paris: 550 \u20ac + MwSt<\/p><p>Preis Alta (Nordkap) \u2192 Paris: 1.350 \u20ac + MwSt <i>(Service verf\u00fcgbar ab 5 Motorr\u00e4dern)<\/i><i><\/i><\/p><p>Preis Alta (Nordkap) \u2192 Norditalien \/ Toskana: 1.500 \u20ac + MwSt <i>(Service verf\u00fcgbar ab 5 Motorr\u00e4dern)<\/i><i><\/i><\/p><p>Individuelle Abhol- und Lieferorte in anderen europ\u00e4ischen L\u00e4ndern k\u00f6nnen organisiert werden <i>(au\u00dfer Spanien)<\/i>.<\/p><p>\u2e3b<\/p><p>Kontakt<\/p><p>Firma: Solarys Factory<\/p><p>Telefon: +39 393 8839969<\/p><p>E-Mail: solarysfactory@gmail.com<\/p><p>\u2e3b<\/p><p>Transportbedingungen<\/p><p>1.Motorr\u00e4der m\u00fcssen mit maximal 2 Litern Treibstoff im Tank angeliefert werden.<\/p><p>2.Gep\u00e4ckst\u00fccke m\u00fcssen abnehmbar und mit dem Namen des Fahrers beschriftet sein; das Gewicht darf 10 kg pro Tasche nicht \u00fcberschreiten.<\/p><p>3.Zahlungsbedingungen: 50 % bei Vertragsabschluss, Restzahlung bei \u00dcbergabe des Motorrads.<\/p><p>\u2e3b<\/p><p>Hinweise<\/p><p>\u2022 Alle Motorr\u00e4der werden sicher transportiert und sind versichert.<\/p><p>\u2022 Der Transportservice wird best\u00e4tigt, sobald die Mindestanzahl von Motorr\u00e4dern erreicht ist.<\/p><p>\u2022 Zus\u00e4tzliche Abhol- und Lieferpunkte k\u00f6nnen auf Anfrage vereinbart werden.<\/p><\/div>\n            <\/div>\n                    <div class=\"elementor-accordion-item\">\n            <div id=\"elementor-tab-title-1462\" class=\"elementor-tab-title\" tabindex=\"1462\" data-tab=\"2\" role=\"tab\" aria-controls=\"elementor-tab-content-1462\">\n                        <span class=\"elementor-accordion-icon\" aria-hidden=\"true\">\n\t\t\t\t\t\t\t<i class=\"elementor-accordion-icon-closed opal-icon-plus\"><\/i>\n\t\t\t\t\t\t\t<i class=\"elementor-accordion-icon-opened opal-icon-minus\"><\/i>\n\t\t\t\t\t\t<\/span>\n                    EVASIONI OFF ROAD            <\/div>\n            <div id=\"elementor-tab-content-1462\" class=\"elementor-tab-content elementor-clearfix\" data-tab=\"2\" role=\"tabpanel\" aria-labelledby=\"elementor-tab-title-1462\"><p><strong>Preis nur R\u00fcckfahrt Alta (Nordkapp) \/ Paris: 1500\u20ac + MwSt.<br \/>Preis Hinfahrt Novara-Paris: 450\u20ac + MwSt.<br \/>Preis Hin- und R\u00fcckfahrt: 1800\u20ac + MwSt.<br \/><\/strong><\/p><p>Ansprechpartner: Fiorenzo Lo Giusto<br \/>Telefon: +39 320 5640864<br \/>E-Mail: info@evasioni.org<br \/>Website: <a href=\"http:\/\/www.evasioni.org\/\">http:\/\/www.evasioni.org\/<\/a><\/p><p>1) Transfer ITALIEN \/ PARIS 27.06.26:<br \/>Motorrad\u00fcbergabe in Novara am 23. Juni.<br \/>Das Motorrad muss \u00fcbergeben werden mit: Tank maximal 2 Liter Benzin, wenn mehr, wird abgelassen; Gep\u00e4ck muss innerhalb der Motorradsilhouette bleiben und maximal 15 kg wiegen, eventuelle Seitenkoffer und Topcase M\u00dcSSEN ABNEHMBAR sein, da sie separat im LKW verladen werden; nur f\u00fcr die Strecke Italien-Paris sind zwei Ersatzreifen erlaubt.<br \/>KEINE R\u00c4DER, KEINE ERSATZMOTOREN.<br \/>Preis 450 \u20ac + 22 % MwSt.<\/p><p>2) Transfer ALTA \/ PARIS 11.07.26:<br \/>Die Verladung erfolgt am 12.07.26. Auslieferung in Paris am 18.07.26.<br \/>Die Bedingungen f\u00fcr die Motorradverladung sind wie unter Punkt 1, aber ohne Transport von Reifen und anderen Motorradersatzteilen.<br \/>Preis 1500 \u20ac + 22 % MwSt.<\/p><p>F\u00fcr die Nutzung der Strecke Italien\/Paris + Alta\/Paris Gesamtpreis 1800 \u20ac + 22 % MwSt.<br \/>Ein Transfer Alta\/Italien (Novara) kann zu den gleichen Bedingungen angeboten werden.<\/p><p>Die Motorr\u00e4der m\u00fcssen mit Originalfahrzeugschein und eventuellen Z\u00fcndschl\u00fcsseln sowie einer Servicevollmacht mit Kopie des Eigent\u00fcmerausweises \u00fcbergeben werden.<\/p><p>Die Mindestanzahl betr\u00e4gt 7 Motorr\u00e4der mit Ausr\u00fcstung.<\/p><p>Der Service muss sp\u00e4testens bis zum 31. M\u00e4rz 2026 mit einer Kaution gesichert werden. Die Anzahlung betr\u00e4gt f\u00fcr Italien\/Paris 200 \u20ac + 22 % MwSt. F\u00fcr Alta\/Paris oder Alta\/Italien 500 \u20ac + 22 % MwSt.<\/p><\/div>\n            <\/div>\n                    <div class=\"elementor-accordion-item\">\n            <div id=\"elementor-tab-title-1463\" class=\"elementor-tab-title\" tabindex=\"1463\" data-tab=\"3\" role=\"tab\" aria-controls=\"elementor-tab-content-1463\">\n                        <span class=\"elementor-accordion-icon\" aria-hidden=\"true\">\n\t\t\t\t\t\t\t<i class=\"elementor-accordion-icon-closed opal-icon-plus\"><\/i>\n\t\t\t\t\t\t\t<i class=\"elementor-accordion-icon-opened opal-icon-minus\"><\/i>\n\t\t\t\t\t\t<\/span>\n                    TRAMELLI - YAMAHA Rental + Service            <\/div>\n            <div id=\"elementor-tab-content-1463\" class=\"elementor-tab-content elementor-clearfix\" data-tab=\"3\" role=\"tabpanel\" aria-labelledby=\"elementor-tab-title-1463\"><p>Motorradtransport &amp; Vermietung \u2013 Yamaha T\u00e9n\u00e9r\u00e9 700 Fly &amp; Ride<\/p><p>Preis Hin- und R\u00fcckfahrt: 1.800 \u20ac + MwSt<\/p><p>Preis Nur R\u00fcckfahrt Alta (Nordkap) \/ Paris: 1.500 \u20ac + MwSt<\/p><p>Yamaha T\u00e9n\u00e9r\u00e9 700 Vermietung (Fly &amp; Ride Formel): 4.500 \u20ac + MwSt<\/p><p>\u2e3b<\/p><p>Kontakt<\/p><p>Name: Alessandro Tramelli<\/p><p>Telefon: +39 335 522 0298<\/p><p>E-Mail: tramellialessandro@gmail.com<\/p><p>Website: <a href=\"http:\/\/www.tramelli.it\">www.tramelli.it<\/a><\/p><p>\u2e3b<\/p><p>Servicebeschreibung<\/p><p>Mit dem Fly &amp; Ride-Service von Tramelli k\u00f6nnen Sie eine voll ausgestattete Yamaha T\u00e9n\u00e9r\u00e9 700 mieten \u2013 vollst\u00e4ndig gewartet, mit neuen Reifen und Navigationssystem ausgestattet.<\/p><p>Fliegen Sie direkt nach Paris und finden Sie Ihr Motorrad startklar f\u00fcr das Abenteuer Paris\u2013Nordkapp 2026.<\/p><p>Nach Ihrer Ankunft in Alta (Nordkap) geben Sie das Motorrad einfach zur\u00fcck und fliegen bequem nach Hause \u2013 alles inklusive, mit Transport und Logistik im Preis enthalten.<\/p><p>\u2e3b<\/p><p>Transportdetails<\/p><p>\u2022\u00dcbergabe der Motorr\u00e4der in Piacenza (Italien) durch die Teilnehmer am 23. Juni 2026.<\/p><p>\u2022Abholung in anderen Teilen Italiens ist nach individueller Vereinbarung mit dem Reiseveranstalter m\u00f6glich.<\/p><p>\u2022Transport der Motorr\u00e4der von Italien nach Paris, mit Entladung am 28. Juni 2026.<\/p><p>\u2022R\u00fcckgabe der Motorr\u00e4der in Alta (Nordkap) durch die Teilnehmer am 12. Juli 2026.<\/p><p>\u2022Nach dem Event sind die Motorr\u00e4der wieder in Paris oder Italien verf\u00fcgbar.<\/p><p>\u2e3b<\/p><p>Lieferbedingungen<\/p><p>Jedes Motorrad muss:<\/p><p>\u2022Mit leerem Tank \u00fcbergeben werden.<\/p><p>\u2022Topcase und Gep\u00e4cktaschen entfernt haben, die deutlich mit dem Namen des Besitzers gekennzeichnet sind.<\/p><p>F\u00fcr jedes Motorrad wird ein \u00dcbergabedokument bereitgestellt, das bei der Abgabe ausgef\u00fcllt und unterschrieben werden muss.<\/p><\/div>\n            <\/div>\n                    <div class=\"elementor-accordion-item\">\n            <div id=\"elementor-tab-title-1464\" class=\"elementor-tab-title\" tabindex=\"1464\" data-tab=\"4\" role=\"tab\" aria-controls=\"elementor-tab-content-1464\">\n                        <span class=\"elementor-accordion-icon\" aria-hidden=\"true\">\n\t\t\t\t\t\t\t<i class=\"elementor-accordion-icon-closed opal-icon-plus\"><\/i>\n\t\t\t\t\t\t\t<i class=\"elementor-accordion-icon-opened opal-icon-minus\"><\/i>\n\t\t\t\t\t\t<\/span>\n                    AVENTURA - KOVE Rental + Service            <\/div>\n            <div id=\"elementor-tab-content-1464\" class=\"elementor-tab-content elementor-clearfix\" data-tab=\"4\" role=\"tabpanel\" aria-labelledby=\"elementor-tab-title-1464\"><p><b>Preis Hin- und R\u00fcckfahrt:<\/b><span> 1800 \u20ac + MwSt<\/span><\/p>\n<p><b>Preis Nur R\u00fcckfahrt Alta (Nordkapp) \/ Paris:<\/b><span> 1500 \u20ac + MwSt<\/span><\/p>\n<p><b>Kove 450 Rally Vermietung (Fly &amp; Ride Formel): 4500\u20ac + MwSt<\/b><b><\/b><\/p><p><b><br><\/b><\/p>\n<p><span><b>Kontakt:<\/b><\/span> Andrea Toscani<\/p>\n<p>Telefon: +39 347 6863347<\/p>\n<p>Telefon: +39 388 1218760<\/p>\n<p>Email: info@aventuraracing.it<\/p><p><br><\/p>\n<p>Mit dem Fly &amp; Ride Service von Aventura Racing kannst du eine Kove 450 Rally mieten, bereit f\u00fcr das Abenteuer, vollst\u00e4ndig gewartet, mit neuen Reifen und HugerRock-Navigation ausgestattet. Fliege nach Paris und finde dein Motorrad startklar vor; am Ende des Abenteuers gib es bequem in Alta zur\u00fcck und fliege nach Hause: All-inclusive, Transport inklusive. F\u00fcr weitere Informationen kontaktiere Aventura.<\/p><p><b>Kove 450 Rally Vermietung (Fly &amp; Ride Formel): 4500\u20ac + MwSt<\/b><br><\/p><p><b><br><\/b><\/p>\n<p><b>Transportdetails:<\/b><b><\/b><\/p>\n<p><\/p>\n<ul>\n<li>\u00dcbergabe der Motorr\u00e4der in Piacenza durch die Teilnehmer am 23. Juni 2026<\/li>\n<li>M\u00f6glichkeit zur Abholung in anderen Teilen Italiens nach privater Vereinbarung mit dem Reiseveranstalter<\/li>\n<li>Transport der Motorr\u00e4der von Italien nach Paris mit Entladung am 28. Juni 2026<\/li>\n<li>\u00dcbergabe der Motorr\u00e4der in Alta am 12. Juli<\/li>\n<li>Motorr\u00e4der verf\u00fcgbar in Paris oder Italien<\/li>\n<\/ul>\n<p>Die Kosten von 1.800 \u20ac pro Fahrzeug beinhalten:<\/p>\n<p><\/p>\n<ul>\n<li>Transport des Motorrads Italien\/Paris und Alta\/Paris oder Italien<\/li>\n<\/ul>\n<p>Die Motorr\u00e4der m\u00fcssen mit leerem Tank und abgenommenen Koffern und\/oder Taschen geliefert werden. Jedes Gep\u00e4ckst\u00fcck muss mit dem Namen des Besitzers gekennzeichnet sein.<\/p>\n<p>F\u00fcr jedes \u00fcbergebene Motorrad wird ein Dokument zum Ausf\u00fcllen und Unterschreiben bereitgestellt.<\/p><\/div>\n            <\/div>\n                <\/div>\n        \t\t<\/div>\n\t\t\t\t<\/div>\n\t\t\t\t<div class=\"elementor-element elementor-element-8ca6c43 elementor-widget-divider--view-line elementor-widget elementor-widget-divider\" data-id=\"8ca6c43\" data-element_type=\"widget\" data-widget_type=\"divider.default\">\n\t\t\t\t<div class=\"elementor-widget-container\">\n\t\t\t\t\t<div class=\"elementor-divider\">\n\t\t\t<span class=\"elementor-divider-separator\">\n\t\t\t\t\t\t<\/span>\n\t\t<\/div>\n\t\t\t\t<\/div>\n\t\t\t\t<\/div>\n\t\t\t\t<div class=\"elementor-element elementor-element-b18627d elementor-align-center elementor-widget elementor-widget-heading\" data-id=\"b18627d\" data-element_type=\"widget\" data-widget_type=\"heading.default\">\n\t\t\t\t<div class=\"elementor-widget-container\">\n\t\t\t<h2 class=\"elementor-heading-title elementor-size-default\">Bist du ein Reiseveranstalter?<\/h2>\t\t<\/div>\n\t\t\t\t<\/div>\n\t\t\t\t<div class=\"elementor-element elementor-element-dc80eff elementor-widget elementor-widget-text-editor\" data-id=\"dc80eff\" data-element_type=\"widget\" data-widget_type=\"text-editor.default\">\n\t\t\t\t<div class=\"elementor-widget-container\">\n\t\t\t        <div class=\"elementor-text-editor elementor-clearfix\"><p class=\"p1\">Wenn du deine Motorrad-Transportdienste anbieten und offizieller Partner der Paris\u2013Nordkapp werden m\u00f6chtest, sende uns dein Angebot an <a href=\"mailto:info@parisnordkapp.com\"><span class=\"s1\"><b>info@parisnordkapp.com<\/b><\/span><\/a>.<br \/>Wir pr\u00fcfen es gerne und ver\u00f6ffentlichen es auf dieser Seite.<\/p><\/div>\n        \t\t<\/div>\n\t\t\t\t<\/div>\n\t\t\t\t\t<\/div>\n\t\t<\/div>\n\t\t\t\t\t<\/div>\n\t\t<\/section>\n\t\t\t\t\t<\/div>\n\t\t<\/div>\n\t\t\t\t\t<\/div>\n\t\t<\/section>\n\t\t\t\t<\/div>\n\t\t","protected":false},"excerpt":{"rendered":"<p>FLY &amp; RIDE An der Paris\u2013Nordkapp teilzunehmen bedeutet, ein einzigartiges und umfassendes Abenteuer zu erleben. Wir wissen jedoch, dass die Logistik f\u00fcr viele eine Herausforderung darstellen kann.Daher arbeiten wir mit&hellip; <\/p>\n<p class=\"link-more\"><a href=\"https:\/\/parisnordkapp.com\/de\/informationen\/motorrad-transportservice\/\" class=\"more-link\">Read More <span class=\"screen-reader-text\"> &#8222;Motorrad-Transportservice&#8220;<\/span><\/a><\/p>\n","protected":false},"author":1,"featured_media":0,"parent":8713,"menu_order":0,"comment_status":"closed","ping_status":"closed","template":"page-elementor.php","meta":{"_monsterinsights_skip_tracking":false,"_monsterinsights_sitenote_active":false,"_monsterinsights_sitenote_note":"","_monsterinsights_sitenote_category":0,"footnotes":""},"aioseo_notices":[],"_links":{"self":[{"href":"https:\/\/parisnordkapp.com\/de\/wp-json\/wp\/v2\/pages\/8511"}],"collection":[{"href":"https:\/\/parisnordkapp.com\/de\/wp-json\/wp\/v2\/pages"}],"about":[{"href":"https:\/\/parisnordkapp.com\/de\/wp-json\/wp\/v2\/types\/page"}],"author":[{"embeddable":true,"href":"https:\/\/parisnordkapp.com\/de\/wp-json\/wp\/v2\/users\/1"}],"replies":[{"embeddable":true,"href":"https:\/\/parisnordkapp.com\/de\/wp-json\/wp\/v2\/comments?post=8511"}],"version-history":[{"count":20,"href":"https:\/\/parisnordkapp.com\/de\/wp-json\/wp\/v2\/pages\/8511\/revisions"}],"predecessor-version":[{"id":8903,"href":"https:\/\/parisnordkapp.com\/de\/wp-json\/wp\/v2\/pages\/8511\/revisions\/8903"}],"up":[{"embeddable":true,"href":"https:\/\/parisnordkapp.com\/de\/wp-json\/wp\/v2\/pages\/8713"}],"wp:attachment":[{"href":"https:\/\/parisnordkapp.com\/de\/wp-json\/wp\/v2\/media?parent=8511"}],"curies":[{"name":"wp","href":"https:\/\/api.w.org\/{rel}","templated":true}]}}