{"id":7736,"date":"2025-05-21T07:53:02","date_gmt":"2025-05-21T07:53:02","guid":{"rendered":"https:\/\/parisnordkapp.com\/el-espiritu\/"},"modified":"2025-07-30T18:27:14","modified_gmt":"2025-07-30T18:27:14","slug":"el-espiritu","status":"publish","type":"page","link":"https:\/\/parisnordkapp.com\/es\/el-espiritu\/","title":{"rendered":"El esp\u00edritu"},"content":{"rendered":"\t\t<div data-elementor-type=\"wp-post\" data-elementor-id=\"7736\" class=\"elementor elementor-7736 elementor-6777\">\n\t\t\t\t\t\t<section class=\"elementor-section elementor-top-section elementor-element elementor-element-7096fff elementor-section-boxed elementor-section-height-default elementor-section-height-default\" data-id=\"7096fff\" data-element_type=\"section\">\n\t\t\t\t\t\t<div class=\"elementor-container elementor-column-gap-no\">\n\t\t\t\t\t<div class=\"elementor-column elementor-col-50 elementor-top-column elementor-element elementor-element-5303ac7\" data-id=\"5303ac7\" data-element_type=\"column\">\n\t\t\t<div class=\"elementor-widget-wrap elementor-element-populated\">\n\t\t\t\t\t\t<div class=\"elementor-element elementor-element-be0101e elementor-tablet-align-center animated-fast elementor-invisible elementor-widget elementor-widget-heading\" data-id=\"be0101e\" data-element_type=\"widget\" data-settings=\"{&quot;_animation&quot;:&quot;opal-move-up&quot;}\" data-widget_type=\"heading.default\">\n\t\t\t\t<div class=\"elementor-widget-container\">\n\t\t\t<h2 class=\"elementor-heading-title elementor-size-default\">Paris\u2013nordkapp no se trata de competir.<br> Se trata de descubrir.<\/h2>\t\t<\/div>\n\t\t\t\t<\/div>\n\t\t\t\t<div class=\"elementor-element elementor-element-cf5c73c animated-fast elementor-invisible elementor-widget elementor-widget-text-editor\" data-id=\"cf5c73c\" data-element_type=\"widget\" data-settings=\"{&quot;_animation&quot;:&quot;opal-move-up&quot;}\" data-widget_type=\"text-editor.default\">\n\t\t\t\t<div class=\"elementor-widget-container\">\n\t\t\t        <div class=\"elementor-text-editor elementor-clearfix\"><p>Se trata de los sinuosos caminos de grava a trav\u00e9s de crestas cubiertas de pinos, los senderos ocultos que bailan entre lagos y marismas, y las pistas remotas que revelan la belleza cruda del norte de Europa, intacta y atemporal. Se trata del silencio en los bosques de Suecia, el viento en las mesetas de Noruega, la soledad de un camino de tierra al amanecer. Se trata de estar presente, vulnerable, vivo.  <\/p><p>No encontrar\u00e1s un podio en la l\u00ednea de meta. Lo que encontrar\u00e1s es algo mucho m\u00e1s duradero: la sensaci\u00f3n de haber cruzado algo verdadero. <\/p><p>Una aventura offroad y la oportunidad de conectar con gente extraordinaria.<\/p><p>Paris\u2013Nordkapp no es solo un evento, es una experiencia \u00fanica dise\u00f1ada para atraer a motociclistas de todo el mundo, unidos por un deseo com\u00fan de superar sus l\u00edmites y vivir lo inolvidable. Habla a aquellos que est\u00e1n listos para salir de su zona de confort y abrazar lo inesperado. <\/p><\/div>\n        \t\t<\/div>\n\t\t\t\t<\/div>\n\t\t\t\t<div class=\"elementor-element elementor-element-2148f5c img-animated elementor-widget elementor-widget-image\" data-id=\"2148f5c\" data-element_type=\"widget\" data-widget_type=\"image.default\">\n\t\t\t\t<div class=\"elementor-widget-container\">\n\t\t\t        <div class=\"elementor-image\">\n                                                <img fetchpriority=\"high\" decoding=\"async\" width=\"630\" height=\"500\" src=\"https:\/\/parisnordkapp.com\/wp-content\/uploads\/2025\/07\/Spirit_Paris-Nordkapp_2026_1.jpg\" class=\"attachment-full size-full wp-image-7679\" alt=\"\" srcset=\"https:\/\/parisnordkapp.com\/wp-content\/uploads\/2025\/07\/Spirit_Paris-Nordkapp_2026_1.jpg 630w, https:\/\/parisnordkapp.com\/wp-content\/uploads\/2025\/07\/Spirit_Paris-Nordkapp_2026_1-300x238.jpg 300w, https:\/\/parisnordkapp.com\/wp-content\/uploads\/2025\/07\/Spirit_Paris-Nordkapp_2026_1-400x317.jpg 400w\" sizes=\"(max-width: 630px) 100vw, 630px\" \/>                                                            <\/div>\n        \t\t<\/div>\n\t\t\t\t<\/div>\n\t\t\t\t\t<\/div>\n\t\t<\/div>\n\t\t\t\t<div class=\"elementor-column elementor-col-50 elementor-top-column elementor-element elementor-element-82a9ab1 c-primary\" data-id=\"82a9ab1\" data-element_type=\"column\">\n\t\t\t<div class=\"elementor-widget-wrap elementor-element-populated\">\n\t\t\t\t\t\t<div class=\"elementor-element elementor-element-bc9dd8a img-animated elementor-widget elementor-widget-image\" data-id=\"bc9dd8a\" data-element_type=\"widget\" data-widget_type=\"image.default\">\n\t\t\t\t<div class=\"elementor-widget-container\">\n\t\t\t        <div class=\"elementor-image\">\n                                                <img decoding=\"async\" width=\"520\" height=\"640\" src=\"https:\/\/parisnordkapp.com\/wp-content\/uploads\/2025\/07\/Spirit_Paris-Nordkapp_2026_2.jpg\" class=\"attachment-full size-full wp-image-7683\" alt=\"\" srcset=\"https:\/\/parisnordkapp.com\/wp-content\/uploads\/2025\/07\/Spirit_Paris-Nordkapp_2026_2.jpg 520w, https:\/\/parisnordkapp.com\/wp-content\/uploads\/2025\/07\/Spirit_Paris-Nordkapp_2026_2-244x300.jpg 244w, https:\/\/parisnordkapp.com\/wp-content\/uploads\/2025\/07\/Spirit_Paris-Nordkapp_2026_2-400x492.jpg 400w\" sizes=\"(max-width: 520px) 100vw, 520px\" \/>                                                            <\/div>\n        \t\t<\/div>\n\t\t\t\t<\/div>\n\t\t\t\t<div class=\"elementor-element elementor-element-5ed828d animated-fast elementor-invisible elementor-widget elementor-widget-text-editor\" data-id=\"5ed828d\" data-element_type=\"widget\" data-settings=\"{&quot;_animation&quot;:&quot;opal-move-up&quot;}\" data-widget_type=\"text-editor.default\">\n\t\t\t\t<div class=\"elementor-widget-container\">\n\t\t\t        <div class=\"elementor-text-editor elementor-clearfix\"><p><span style=\"font-family: var( --e-global-typography-text-font-family ), Sans-serif; font-weight: var( --e-global-typography-text-font-weight ); font-size: 1rem;\">No importa de d\u00f3nde seas o cu\u00e1l sea tu historia: en Paris\u2013Nordkapp, encontrar\u00e1s una comunidad llena de pasi\u00f3n, ambici\u00f3n y esa misma sed por lo desconocido. Aqu\u00ed, los pilotos experimentados comparten la carretera con aquellos que se enfrentan a su primer gran desaf\u00edo, todos unidos por el impulso de explorar lo que hay m\u00e1s all\u00e1 de lo ordinario. <\/span><\/p><p>Cruzar miles de kil\u00f3metros en tu motocicleta no es solo un desaf\u00edo f\u00edsico y t\u00e9cnico, tambi\u00e9n es un viaje interior. Con un Roadbook como gu\u00eda y paisajes salvajes como compa\u00f1ero, cada kil\u00f3metro te acerca no solo al Cabo Norte, sino a una nueva comprensi\u00f3n de ti mismo. <\/p><\/div>\n        \t\t<\/div>\n\t\t\t\t<\/div>\n\t\t\t\t<div class=\"elementor-element elementor-element-7b1c535 elementor-widget elementor-widget-opal-video-popup\" data-id=\"7b1c535\" data-element_type=\"widget\" data-widget_type=\"opal-video-popup.default\">\n\t\t\t\t<div class=\"elementor-widget-container\">\n\t\t\t        <div class=\"elementor-video-wrapper opal-video-popup\">\n            <a class=\"elementor-video-popup\" role=\"button\" href=\"https:\/\/youtu.be\/2FPJeamhcBw\" data-effect=\"mfp-zoom-in\">\n                <span class=\"elementor-video-icon\"><i class=\"opal-icon-play\"><\/i><\/span>\n                <span class=\"elementor-video-title\">Play the video<\/span>            <\/a>\n\n        <\/div>\n        \t\t<\/div>\n\t\t\t\t<\/div>\n\t\t\t\t\t<\/div>\n\t\t<\/div>\n\t\t\t\t\t<\/div>\n\t\t<\/section>\n\t\t\t\t<section class=\"elementor-section elementor-top-section elementor-element elementor-element-b08bb38 elementor-section-stretched elementor-section-boxed elementor-section-height-default elementor-section-height-default\" data-id=\"b08bb38\" data-element_type=\"section\" data-settings=\"{&quot;stretch_section&quot;:&quot;section-stretched&quot;,&quot;background_background&quot;:&quot;classic&quot;}\">\n\t\t\t\t\t\t\t<div class=\"elementor-background-overlay\"><\/div>\n\t\t\t\t\t\t\t<div class=\"elementor-container elementor-column-gap-no\">\n\t\t\t\t\t<div class=\"elementor-column elementor-col-100 elementor-top-column elementor-element elementor-element-c26de39\" data-id=\"c26de39\" data-element_type=\"column\">\n\t\t\t<div class=\"elementor-widget-wrap elementor-element-populated\">\n\t\t\t\t\t\t<div class=\"elementor-element elementor-element-746773b elementor-align-center animated-fast elementor-invisible elementor-widget elementor-widget-heading\" data-id=\"746773b\" data-element_type=\"widget\" data-settings=\"{&quot;_animation&quot;:&quot;opal-move-up&quot;}\" data-widget_type=\"heading.default\">\n\t\t\t\t<div class=\"elementor-widget-container\">\n\t\t\t<h2 class=\"elementor-heading-title elementor-size-default\">Una aventura que no termina cuando dejas de montar.<\/h2>\t\t<\/div>\n\t\t\t\t<\/div>\n\t\t\t\t\t<\/div>\n\t\t<\/div>\n\t\t\t\t\t<\/div>\n\t\t<\/section>\n\t\t\t\t<section class=\"elementor-section elementor-top-section elementor-element elementor-element-2b4f4b5 elementor-section-stretched elementor-section-boxed elementor-section-height-default elementor-section-height-default\" data-id=\"2b4f4b5\" data-element_type=\"section\" data-settings=\"{&quot;stretch_section&quot;:&quot;section-stretched&quot;}\">\n\t\t\t\t\t\t<div class=\"elementor-container elementor-column-gap-no\">\n\t\t\t\t\t<div class=\"elementor-column elementor-col-50 elementor-top-column elementor-element elementor-element-f78a8fc\" data-id=\"f78a8fc\" data-element_type=\"column\">\n\t\t\t<div class=\"elementor-widget-wrap elementor-element-populated\">\n\t\t\t\t\t\t<div class=\"elementor-element elementor-element-913728d animated-fast elementor-invisible elementor-widget elementor-widget-heading\" data-id=\"913728d\" data-element_type=\"widget\" data-settings=\"{&quot;_animation&quot;:&quot;opal-move-up&quot;}\" data-widget_type=\"heading.default\">\n\t\t\t\t<div class=\"elementor-widget-container\">\n\t\t\t<h2 class=\"elementor-heading-title elementor-size-default\">Duerme bajo las estrellas\u2026 <br>o entre s\u00e1banas limpias<\/h2>\t\t<\/div>\n\t\t\t\t<\/div>\n\t\t\t\t\t<\/div>\n\t\t<\/div>\n\t\t\t\t<div class=\"elementor-column elementor-col-50 elementor-top-column elementor-element elementor-element-9b8eb12\" data-id=\"9b8eb12\" data-element_type=\"column\">\n\t\t\t<div class=\"elementor-widget-wrap elementor-element-populated\">\n\t\t\t\t\t\t<div class=\"elementor-element elementor-element-3d45ba6 animated-fast elementor-invisible elementor-widget elementor-widget-text-editor\" data-id=\"3d45ba6\" data-element_type=\"widget\" data-settings=\"{&quot;_animation&quot;:&quot;opal-move-up&quot;,&quot;_animation_delay&quot;:350}\" data-widget_type=\"text-editor.default\">\n\t\t\t\t<div class=\"elementor-widget-container\">\n\t\t\t        <div class=\"elementor-text-editor elementor-clearfix\"><p data-start=\"348\" data-end=\"412\">Paris\u2013Nordkapp est\u00e1 dise\u00f1ado para adaptarse a tu esp\u00edritu de aventura.<\/p><p data-start=\"414\" data-end=\"655\">\u00bfSue\u00f1as con acampar en plena naturaleza bajo el cielo del norte, cocinar junto a tu moto y despertarte con el amanecer en medio de la nada?<br data-start=\"547\" data-end=\"550\">\u00bfO prefieres la comodidad de una cama caliente, una ducha caliente y una cena bien merecida en un restaurante local?<\/p><p data-start=\"657\" data-end=\"690\"><strong data-start=\"657\" data-end=\"690\">La elecci\u00f3n es totalmente tuya.<\/strong><\/p><p data-start=\"692\" data-end=\"747\">Entre cada Gate, eres libre de gestionar tu viaje:<\/p><p data-start=\"750\" data-end=\"867\">\ud83c\udfd5\ufe0f <strong data-start=\"754\" data-end=\"765\">A lo salvaje<\/strong>: monta tu tienda en el bosque, duerme bajo las estrellas y sum\u00e9rgete por completo en el ritmo de la naturaleza.<\/p><p>\ud83c\udfe8 <strong data-start=\"873\" data-end=\"884\">A lo suave<\/strong>: reserva hoteles, disfruta de comidas abundantes y descansa bien&#8230; listo para otro largo d\u00eda en la carretera.<\/p><p data-start=\"976\" data-end=\"1086\">No hay una f\u00f3rmula fija.<br data-start=\"1001\" data-end=\"1004\">Puedes mezclar ambos estilos.<br data-start=\"1028\" data-end=\"1031\">Conduce duro todo el d\u00eda y luego recomp\u00e9nsate como mejor te parezca.<\/p><p data-start=\"1088\" data-end=\"1176\"><strong data-start=\"1088\" data-end=\"1176\">Paris\u2013Nordkapp no se trata de c\u00f3mo descansas.<br data-start=\"1131\" data-end=\"1134\">Se trata de hasta d\u00f3nde est\u00e1s dispuesto a llegar.<\/strong><\/p><\/div>\n        \t\t<\/div>\n\t\t\t\t<\/div>\n\t\t\t\t\t<\/div>\n\t\t<\/div>\n\t\t\t\t\t<\/div>\n\t\t<\/section>\n\t\t\t\t<section class=\"elementor-section elementor-top-section elementor-element elementor-element-8775363 elementor-section-stretched elementor-section-boxed elementor-section-height-default elementor-section-height-default\" data-id=\"8775363\" data-element_type=\"section\" data-settings=\"{&quot;stretch_section&quot;:&quot;section-stretched&quot;,&quot;background_background&quot;:&quot;classic&quot;}\">\n\t\t\t\t\t\t\t<div class=\"elementor-background-overlay\"><\/div>\n\t\t\t\t\t\t\t<div class=\"elementor-container elementor-column-gap-no\">\n\t\t\t\t\t<div class=\"elementor-column elementor-col-100 elementor-top-column elementor-element elementor-element-010890d\" data-id=\"010890d\" data-element_type=\"column\">\n\t\t\t<div class=\"elementor-widget-wrap elementor-element-populated\">\n\t\t\t\t\t\t<div class=\"elementor-element elementor-element-613d592 elementor-align-center animated-fast elementor-invisible elementor-widget elementor-widget-heading\" data-id=\"613d592\" data-element_type=\"widget\" data-settings=\"{&quot;_animation&quot;:&quot;opal-move-up&quot;}\" data-widget_type=\"heading.default\">\n\t\t\t\t<div class=\"elementor-widget-container\">\n\t\t\t<h2 class=\"elementor-heading-title elementor-size-default\">No vienes aqu\u00ed a ganar.\nVienes aqu\u00ed a recordar qui\u00e9n eres.<\/h2>\t\t<\/div>\n\t\t\t\t<\/div>\n\t\t\t\t<div class=\"elementor-element elementor-element-f3eb94f elementor-align-center animated-fast elementor-invisible elementor-widget elementor-widget-heading\" data-id=\"f3eb94f\" data-element_type=\"widget\" data-settings=\"{&quot;_animation&quot;:&quot;opal-move-up&quot;}\" data-widget_type=\"heading.default\">\n\t\t\t\t<div class=\"elementor-widget-container\">\n\t\t\t<h2 class=\"elementor-heading-title elementor-size-default\">Esto no es una carrera. <br>Esto es Paris\u2013nordkapp.<\/h2>\t\t<\/div>\n\t\t\t\t<\/div>\n\t\t\t\t<div class=\"elementor-element elementor-element-154eaef elementor-align-center animated-fast elementor-hidden-tablet elementor-hidden-mobile elementor-button-primary elementor-invisible elementor-widget elementor-widget-button\" data-id=\"154eaef\" data-element_type=\"widget\" data-settings=\"{&quot;_animation&quot;:&quot;opal-move-up&quot;}\" data-widget_type=\"button.default\">\n\t\t\t\t<div class=\"elementor-widget-container\">\n\t\t\t        <div class=\"elementor-button-wrapper\">\n            <a href=\"https:\/\/parisnordkapp.com\/es\/el-evento\/\" class=\"elementor-button-link elementor-button elementor-size-md\" target=\"_blank\" role=\"button\">\n                \t\t<span class=\"elementor-button-content-wrapper\">\n\t\t\t\t\t\t\t\t\t<span class=\"elementor-button-text\">DESCUBRE EL EVENTO<\/span>\n\t\t\t\t\t<\/span>\n\t\t            <\/a>\n        <\/div>\n        \t\t<\/div>\n\t\t\t\t<\/div>\n\t\t\t\t\t<\/div>\n\t\t<\/div>\n\t\t\t\t\t<\/div>\n\t\t<\/section>\n\t\t\t\t<\/div>\n\t\t","protected":false},"excerpt":{"rendered":"<p>Paris\u2013nordkapp no se trata de competir. Se trata de descubrir. Se trata de los sinuosos caminos de grava a trav\u00e9s de crestas cubiertas de pinos, los senderos ocultos que bailan&hellip; <\/p>\n<p class=\"link-more\"><a href=\"https:\/\/parisnordkapp.com\/es\/el-espiritu\/\" class=\"more-link\">Read More <span class=\"screen-reader-text\"> \u00abEl esp\u00edritu\u00bb<\/span><\/a><\/p>\n","protected":false},"author":1,"featured_media":0,"parent":0,"menu_order":0,"comment_status":"closed","ping_status":"closed","template":"page-elementor.php","meta":{"_monsterinsights_skip_tracking":false,"_monsterinsights_sitenote_active":false,"_monsterinsights_sitenote_note":"","_monsterinsights_sitenote_category":0,"footnotes":""},"aioseo_notices":[],"_links":{"self":[{"href":"https:\/\/parisnordkapp.com\/es\/wp-json\/wp\/v2\/pages\/7736"}],"collection":[{"href":"https:\/\/parisnordkapp.com\/es\/wp-json\/wp\/v2\/pages"}],"about":[{"href":"https:\/\/parisnordkapp.com\/es\/wp-json\/wp\/v2\/types\/page"}],"author":[{"embeddable":true,"href":"https:\/\/parisnordkapp.com\/es\/wp-json\/wp\/v2\/users\/1"}],"replies":[{"embeddable":true,"href":"https:\/\/parisnordkapp.com\/es\/wp-json\/wp\/v2\/comments?post=7736"}],"version-history":[{"count":13,"href":"https:\/\/parisnordkapp.com\/es\/wp-json\/wp\/v2\/pages\/7736\/revisions"}],"predecessor-version":[{"id":8358,"href":"https:\/\/parisnordkapp.com\/es\/wp-json\/wp\/v2\/pages\/7736\/revisions\/8358"}],"wp:attachment":[{"href":"https:\/\/parisnordkapp.com\/es\/wp-json\/wp\/v2\/media?parent=7736"}],"curies":[{"name":"wp","href":"https:\/\/api.w.org\/{rel}","templated":true}]}}