{"id":7753,"date":"2019-04-19T02:28:58","date_gmt":"2019-04-19T02:28:58","guid":{"rendered":"https:\/\/parisnordkapp.com\/preguntas-frecuentes\/"},"modified":"2025-07-30T17:45:17","modified_gmt":"2025-07-30T17:45:17","slug":"preguntas-frecuentes","status":"publish","type":"page","link":"https:\/\/parisnordkapp.com\/es\/preguntas-frecuentes\/","title":{"rendered":"Preguntas frecuentes"},"content":{"rendered":"\t\t<div data-elementor-type=\"wp-post\" data-elementor-id=\"7753\" class=\"elementor elementor-7753 elementor-4708\">\n\t\t\t\t\t\t<section class=\"elementor-section elementor-top-section elementor-element elementor-element-29f821b elementor-section-stretched elementor-section-boxed elementor-section-height-default elementor-section-height-default\" data-id=\"29f821b\" data-element_type=\"section\" data-settings=\"{&quot;stretch_section&quot;:&quot;section-stretched&quot;}\">\n\t\t\t\t\t\t<div class=\"elementor-container elementor-column-gap-no\">\n\t\t\t\t\t<div class=\"elementor-column elementor-col-100 elementor-top-column elementor-element elementor-element-fda0086\" data-id=\"fda0086\" data-element_type=\"column\">\n\t\t\t<div class=\"elementor-widget-wrap elementor-element-populated\">\n\t\t\t\t\t\t<div class=\"elementor-element elementor-element-7523374 elementor-align-center animated-fast elementor-invisible elementor-widget elementor-widget-heading\" data-id=\"7523374\" data-element_type=\"widget\" data-settings=\"{&quot;_animation&quot;:&quot;opal-move-up&quot;}\" data-widget_type=\"heading.default\">\n\t\t\t\t<div class=\"elementor-widget-container\">\n\t\t\t<h2 class=\"elementor-heading-title elementor-size-default\">Encuentre respuestas a todas sus<br>preguntas aqu\u00ed<\/h2>\t\t<\/div>\n\t\t\t\t<\/div>\n\t\t\t\t<section class=\"elementor-section elementor-inner-section elementor-element elementor-element-e9cf79c elementor-section-full_width elementor-section-height-default elementor-section-height-default\" data-id=\"e9cf79c\" data-element_type=\"section\">\n\t\t\t\t\t\t<div class=\"elementor-container elementor-column-gap-no\">\n\t\t\t\t\t<div class=\"elementor-column elementor-col-50 elementor-inner-column elementor-element elementor-element-9c1b73b animated-fast elementor-invisible\" data-id=\"9c1b73b\" data-element_type=\"column\" data-settings=\"{&quot;animation&quot;:&quot;opal-move-up&quot;,&quot;animation_delay&quot;:200}\">\n\t\t\t<div class=\"elementor-widget-wrap elementor-element-populated\">\n\t\t\t\t\t\t<div class=\"elementor-element elementor-element-8be0338 elementor-accordion-i-right elementor-widget elementor-widget-accordion\" data-id=\"8be0338\" data-element_type=\"widget\" data-widget_type=\"accordion.default\">\n\t\t\t\t<div class=\"elementor-widget-container\">\n\t\t\t        <div class=\"elementor-accordion\" role=\"tablist\">\n                    <div class=\"elementor-accordion-item\">\n            <div id=\"elementor-tab-title-1461\" class=\"elementor-tab-title\" tabindex=\"1461\" data-tab=\"1\" role=\"tab\" aria-controls=\"elementor-tab-content-1461\">\n                        <span class=\"elementor-accordion-icon\" aria-hidden=\"true\">\n\t\t\t\t\t\t\t<i class=\"elementor-accordion-icon-closed opal-icon-plus\"><\/i>\n\t\t\t\t\t\t\t<i class=\"elementor-accordion-icon-opened opal-icon-minus\"><\/i>\n\t\t\t\t\t\t<\/span>\n                    \u00bfEs la Paris\u2013nordkapp una carrera?            <\/div>\n            <div id=\"elementor-tab-content-1461\" class=\"elementor-tab-content elementor-clearfix\" data-tab=\"1\" role=\"tabpanel\" aria-labelledby=\"elementor-tab-title-1461\"><p>No. Es una aventura de motociclismo de ultradistancia. No hay clasificaciones, solo viajes personales.  <\/p>\n<\/div>\n            <\/div>\n                    <div class=\"elementor-accordion-item\">\n            <div id=\"elementor-tab-title-1462\" class=\"elementor-tab-title\" tabindex=\"1462\" data-tab=\"2\" role=\"tab\" aria-controls=\"elementor-tab-content-1462\">\n                        <span class=\"elementor-accordion-icon\" aria-hidden=\"true\">\n\t\t\t\t\t\t\t<i class=\"elementor-accordion-icon-closed opal-icon-plus\"><\/i>\n\t\t\t\t\t\t\t<i class=\"elementor-accordion-icon-opened opal-icon-minus\"><\/i>\n\t\t\t\t\t\t<\/span>\n                    \u00bfQu\u00e9 tipo de moto puedo usar?             <\/div>\n            <div id=\"elementor-tab-content-1462\" class=\"elementor-tab-content elementor-clearfix\" data-tab=\"2\" role=\"tabpanel\" aria-labelledby=\"elementor-tab-title-1462\"><p>Cualquier motocicleta capaz de circular por tramos todoterreno y largos enlaces por carretera. Las motocicletas de aventura son muy recomendables por su versatilidad, comodidad y robustez. Tu moto debe estar equipada con equipaje, alforjas laterales o maletas blandas, herramientas y todo lo necesario para que puedas desenvolverte durante todo el viaje. El objetivo es ser totalmente autosuficiente.<br \/>Traducci\u00f3n realizada con la versi\u00f3n gratuita del traductor DeepL.com   <\/p>\n<\/div>\n            <\/div>\n                    <div class=\"elementor-accordion-item\">\n            <div id=\"elementor-tab-title-1463\" class=\"elementor-tab-title\" tabindex=\"1463\" data-tab=\"3\" role=\"tab\" aria-controls=\"elementor-tab-content-1463\">\n                        <span class=\"elementor-accordion-icon\" aria-hidden=\"true\">\n\t\t\t\t\t\t\t<i class=\"elementor-accordion-icon-closed opal-icon-plus\"><\/i>\n\t\t\t\t\t\t\t<i class=\"elementor-accordion-icon-opened opal-icon-minus\"><\/i>\n\t\t\t\t\t\t<\/span>\n                    \u00bfC\u00f3mo navego?            <\/div>\n            <div id=\"elementor-tab-content-1463\" class=\"elementor-tab-content elementor-clearfix\" data-tab=\"3\" role=\"tabpanel\" aria-labelledby=\"elementor-tab-title-1463\"><p>Puede elegir entre dos categor\u00edas: Roadbook o GPX. La navegaci\u00f3n con Roadbook es digital, utilizando la aplicaci\u00f3n de navegaci\u00f3n Terrapirata (iOS o Android) y un dispositivo espec\u00edfico, como una tableta montada en su moto. La navegaci\u00f3n GPX se puede realizar con cualquier dispositivo compatible con GPS, como un Garmin, una tableta o similar. Adem\u00e1s, la organizaci\u00f3n proporcionar\u00e1 un dispositivo de seguimiento y seguridad para permitir el seguimiento en vivo de todos los participantes y garantizar la m\u00e1xima seguridad.   <\/p>\n<\/div>\n            <\/div>\n                    <div class=\"elementor-accordion-item\">\n            <div id=\"elementor-tab-title-1464\" class=\"elementor-tab-title\" tabindex=\"1464\" data-tab=\"4\" role=\"tab\" aria-controls=\"elementor-tab-content-1464\">\n                        <span class=\"elementor-accordion-icon\" aria-hidden=\"true\">\n\t\t\t\t\t\t\t<i class=\"elementor-accordion-icon-closed opal-icon-plus\"><\/i>\n\t\t\t\t\t\t\t<i class=\"elementor-accordion-icon-opened opal-icon-minus\"><\/i>\n\t\t\t\t\t\t<\/span>\n                    \u00bfHay alguna asistencia?             <\/div>\n            <div id=\"elementor-tab-content-1464\" class=\"elementor-tab-content elementor-clearfix\" data-tab=\"4\" role=\"tabpanel\" aria-labelledby=\"elementor-tab-title-1464\"><p>El evento no cuenta con ning\u00fan tipo de asistencia. Los pilotos deben gestionar el mantenimiento, la navegaci\u00f3n y la log\u00edstica de forma independiente. Sin embargo, la cuota de inscripci\u00f3n incluye cobertura de seguro para la recuperaci\u00f3n del veh\u00edculo y asistencia por lesiones personales durante el evento.  <\/p>\n<\/div>\n            <\/div>\n                    <div class=\"elementor-accordion-item\">\n            <div id=\"elementor-tab-title-1465\" class=\"elementor-tab-title\" tabindex=\"1465\" data-tab=\"5\" role=\"tab\" aria-controls=\"elementor-tab-content-1465\">\n                        <span class=\"elementor-accordion-icon\" aria-hidden=\"true\">\n\t\t\t\t\t\t\t<i class=\"elementor-accordion-icon-closed opal-icon-plus\"><\/i>\n\t\t\t\t\t\t\t<i class=\"elementor-accordion-icon-opened opal-icon-minus\"><\/i>\n\t\t\t\t\t\t<\/span>\n                    Transporte a Par\u00eds y desde Nordkapp            <\/div>\n            <div id=\"elementor-tab-content-1465\" class=\"elementor-tab-content elementor-clearfix\" data-tab=\"5\" role=\"tabpanel\" aria-labelledby=\"elementor-tab-title-1465\"><p><strong data-start=\"98\" data-end=\"226\">Los participantes son responsables de organizar su viaje hasta el punto de partida en Par\u00eds y desde la l\u00ednea de meta en Nordkapp.<\/strong><br data-start=\"226\" data-end=\"229\">Recomendamos prolongar su viaje regresando por la impresionante costa noruega. Sin embargo, si el tiempo es limitado, habr\u00e1 disponible un servicio opcional de transporte de motocicletas desde Alta (aproximadamente a 240 km de Nordkapp) de vuelta a Par\u00eds, con un coste adicional. Esto permitir\u00e1 a los participantes regresar a casa de forma r\u00e1pida y c\u00f3moda en avi\u00f3n. Los precios y los detalles de este servicio se proporcionar\u00e1n una vez que tengamos una estimaci\u00f3n clara de los pilotos interesados.<\/p>\n<\/div>\n            <\/div>\n                <\/div>\n        \t\t<\/div>\n\t\t\t\t<\/div>\n\t\t\t\t\t<\/div>\n\t\t<\/div>\n\t\t\t\t<div class=\"elementor-column elementor-col-50 elementor-inner-column elementor-element elementor-element-ace463b animated-fast elementor-invisible\" data-id=\"ace463b\" data-element_type=\"column\" data-settings=\"{&quot;animation&quot;:&quot;opal-move-up&quot;}\">\n\t\t\t<div class=\"elementor-widget-wrap elementor-element-populated\">\n\t\t\t\t\t\t<div class=\"elementor-element elementor-element-a273472 elementor-accordion-i-right elementor-widget elementor-widget-accordion\" data-id=\"a273472\" data-element_type=\"widget\" data-widget_type=\"accordion.default\">\n\t\t\t\t<div class=\"elementor-widget-container\">\n\t\t\t        <div class=\"elementor-accordion\" role=\"tablist\">\n                    <div class=\"elementor-accordion-item\">\n            <div id=\"elementor-tab-title-1701\" class=\"elementor-tab-title\" tabindex=\"1701\" data-tab=\"1\" role=\"tab\" aria-controls=\"elementor-tab-content-1701\">\n                        <span class=\"elementor-accordion-icon\" aria-hidden=\"true\">\n\t\t\t\t\t\t\t<i class=\"elementor-accordion-icon-closed opal-icon-plus\"><\/i>\n\t\t\t\t\t\t\t<i class=\"elementor-accordion-icon-opened opal-icon-minus\"><\/i>\n\t\t\t\t\t\t<\/span>\n                    \u00bfCu\u00e1les son las puertas?            <\/div>\n            <div id=\"elementor-tab-content-1701\" class=\"elementor-tab-content elementor-clearfix\" data-tab=\"1\" role=\"tabpanel\" aria-labelledby=\"elementor-tab-title-1701\"><p>Las puertas son puntos de control estrat\u00e9gicos situados a lo largo de la ruta. Cada puerta se abre y se cierra a horas espec\u00edficas e incluye: <\/p>\n<ul>\n<li>Una zona Malle Moto con taller, herramientas, servicio de neum\u00e1ticos y aceite<\/li>\n<li>Una reuni\u00f3n social y un momento festivo para todos los pilotos<\/li>\n<li>Un desaf\u00edo basado en habilidades que otorga cr\u00e9ditos de bonificaci\u00f3n<\/li>\n<li>Alojamiento tur\u00edstico conveniente. Llegar fuera del horario establecido significa la descalificaci\u00f3n. Los pilotos deben descansar en la puerta antes de continuar. <\/li>\n<\/ul>\n<\/div>\n            <\/div>\n                    <div class=\"elementor-accordion-item\">\n            <div id=\"elementor-tab-title-1702\" class=\"elementor-tab-title\" tabindex=\"1702\" data-tab=\"2\" role=\"tab\" aria-controls=\"elementor-tab-content-1702\">\n                        <span class=\"elementor-accordion-icon\" aria-hidden=\"true\">\n\t\t\t\t\t\t\t<i class=\"elementor-accordion-icon-closed opal-icon-plus\"><\/i>\n\t\t\t\t\t\t\t<i class=\"elementor-accordion-icon-opened opal-icon-minus\"><\/i>\n\t\t\t\t\t\t<\/span>\n                    \u00bfQu\u00e9 pasa si me salto una puerta?            <\/div>\n            <div id=\"elementor-tab-content-1702\" class=\"elementor-tab-content elementor-clearfix\" data-tab=\"2\" role=\"tabpanel\" aria-labelledby=\"elementor-tab-title-1702\"><p>Queda fuera del evento. Los pilotos tambi\u00e9n deben permanecer en la ruta definida y completarla en su totalidad. Puede abandonar la pista por necesidades log\u00edsticas (por ejemplo, hotel, reparaciones), pero debe reanudar exactamente donde lo dej\u00f3. Gracias al sistema de seguimiento en vivo, la organizaci\u00f3n detectar\u00e1 cualquier atajo o irregularidad. Los atajos o saltarse una puerta acarrear\u00e1n en la descalificaci\u00f3n.    <\/p>\n<\/div>\n            <\/div>\n                    <div class=\"elementor-accordion-item\">\n            <div id=\"elementor-tab-title-1703\" class=\"elementor-tab-title\" tabindex=\"1703\" data-tab=\"3\" role=\"tab\" aria-controls=\"elementor-tab-content-1703\">\n                        <span class=\"elementor-accordion-icon\" aria-hidden=\"true\">\n\t\t\t\t\t\t\t<i class=\"elementor-accordion-icon-closed opal-icon-plus\"><\/i>\n\t\t\t\t\t\t\t<i class=\"elementor-accordion-icon-opened opal-icon-minus\"><\/i>\n\t\t\t\t\t\t<\/span>\n                    \u00bfPuedo rodar con amigos?             <\/div>\n            <div id=\"elementor-tab-content-1703\" class=\"elementor-tab-content elementor-clearfix\" data-tab=\"3\" role=\"tabpanel\" aria-labelledby=\"elementor-tab-title-1703\"><p>\u00a1Absolutamente! El esp\u00edritu del evento tambi\u00e9n se trata de compartir. Puede inscribirse como equipo, pero debe montar junto al mismo ritmo. Estar en un equipo permite una mejor distribuci\u00f3n de la carga y flexibilidad en la resoluci\u00f3n de problemas. Incluso si se inscribe solo, es libre de construir \u201calianzas\u201d con otros aventureros a lo largo del camino. El esp\u00edritu de aventura ser\u00e1 su idioma com\u00fan.     <\/p>\n<\/div>\n            <\/div>\n                    <div class=\"elementor-accordion-item\">\n            <div id=\"elementor-tab-title-1704\" class=\"elementor-tab-title\" tabindex=\"1704\" data-tab=\"4\" role=\"tab\" aria-controls=\"elementor-tab-content-1704\">\n                        <span class=\"elementor-accordion-icon\" aria-hidden=\"true\">\n\t\t\t\t\t\t\t<i class=\"elementor-accordion-icon-closed opal-icon-plus\"><\/i>\n\t\t\t\t\t\t\t<i class=\"elementor-accordion-icon-opened opal-icon-minus\"><\/i>\n\t\t\t\t\t\t<\/span>\n                    \u00bfEs un evento peligroso?            <\/div>\n            <div id=\"elementor-tab-content-1704\" class=\"elementor-tab-content elementor-clearfix\" data-tab=\"4\" role=\"tabpanel\" aria-labelledby=\"elementor-tab-title-1704\"><p>Si bien la ruta nunca es extrema ni excesivamente t\u00e9cnica, las condiciones clim\u00e1ticas y de la superficie impredecibles pueden hacer que algunos tramos sean desafiantes, especialmente para los pilotos no preparados o fatigados. Esta es la raz\u00f3n por la que le pedimos que se prepare para su aventura tanto f\u00edsica como t\u00e9cnicamente, asegur\u00e1ndose de que su equipo, motocicleta y mentalidad est\u00e9n listos para el viaje. <\/p>\n<\/div>\n            <\/div>\n                <\/div>\n        \t\t<\/div>\n\t\t\t\t<\/div>\n\t\t\t\t\t<\/div>\n\t\t<\/div>\n\t\t\t\t\t<\/div>\n\t\t<\/section>\n\t\t\t\t\t<\/div>\n\t\t<\/div>\n\t\t\t\t\t<\/div>\n\t\t<\/section>\n\t\t\t\t<\/div>\n\t\t","protected":false},"excerpt":{"rendered":"<p>Encuentre respuestas a todas suspreguntas aqu\u00ed \u00bfEs la Paris\u2013nordkapp una carrera? No. Es una aventura de motociclismo de ultradistancia. No hay clasificaciones, solo viajes personales. \u00bfQu\u00e9 tipo de moto puedo&hellip; <\/p>\n<p class=\"link-more\"><a href=\"https:\/\/parisnordkapp.com\/es\/preguntas-frecuentes\/\" class=\"more-link\">Read More <span class=\"screen-reader-text\"> \u00abPreguntas frecuentes\u00bb<\/span><\/a><\/p>\n","protected":false},"author":1,"featured_media":0,"parent":0,"menu_order":0,"comment_status":"closed","ping_status":"closed","template":"page-elementor.php","meta":{"_monsterinsights_skip_tracking":false,"_monsterinsights_sitenote_active":false,"_monsterinsights_sitenote_note":"","_monsterinsights_sitenote_category":0,"footnotes":""},"aioseo_notices":[],"_links":{"self":[{"href":"https:\/\/parisnordkapp.com\/es\/wp-json\/wp\/v2\/pages\/7753"}],"collection":[{"href":"https:\/\/parisnordkapp.com\/es\/wp-json\/wp\/v2\/pages"}],"about":[{"href":"https:\/\/parisnordkapp.com\/es\/wp-json\/wp\/v2\/types\/page"}],"author":[{"embeddable":true,"href":"https:\/\/parisnordkapp.com\/es\/wp-json\/wp\/v2\/users\/1"}],"replies":[{"embeddable":true,"href":"https:\/\/parisnordkapp.com\/es\/wp-json\/wp\/v2\/comments?post=7753"}],"version-history":[{"count":8,"href":"https:\/\/parisnordkapp.com\/es\/wp-json\/wp\/v2\/pages\/7753\/revisions"}],"predecessor-version":[{"id":8352,"href":"https:\/\/parisnordkapp.com\/es\/wp-json\/wp\/v2\/pages\/7753\/revisions\/8352"}],"wp:attachment":[{"href":"https:\/\/parisnordkapp.com\/es\/wp-json\/wp\/v2\/media?parent=7753"}],"curies":[{"name":"wp","href":"https:\/\/api.w.org\/{rel}","templated":true}]}}