{"id":7797,"date":"2019-04-17T01:39:15","date_gmt":"2019-04-17T01:39:15","guid":{"rendered":"https:\/\/parisnordkapp.com\/el-sueno\/"},"modified":"2025-07-30T18:22:28","modified_gmt":"2025-07-30T18:22:28","slug":"el-sueno","status":"publish","type":"page","link":"https:\/\/parisnordkapp.com\/es\/el-sueno\/","title":{"rendered":"El sue\u00f1o"},"content":{"rendered":"\t\t<div data-elementor-type=\"wp-post\" data-elementor-id=\"7797\" class=\"elementor elementor-7797 elementor-310\">\n\t\t\t\t\t\t<section class=\"elementor-section elementor-top-section elementor-element elementor-element-f5d9ada elementor-section-height-min-height elementor-section-boxed elementor-section-height-default elementor-section-items-middle\" data-id=\"f5d9ada\" data-element_type=\"section\">\n\t\t\t\t\t\t<div class=\"elementor-container elementor-column-gap-no\">\n\t\t\t\t\t<div class=\"elementor-column elementor-col-33 elementor-top-column elementor-element elementor-element-0fb7ba6\" data-id=\"0fb7ba6\" data-element_type=\"column\">\n\t\t\t<div class=\"elementor-widget-wrap elementor-element-populated\">\n\t\t\t\t\t\t<div class=\"elementor-element elementor-element-8524ea4 animated-fast img-animated elementor-invisible elementor-widget elementor-widget-image\" data-id=\"8524ea4\" data-element_type=\"widget\" data-settings=\"{&quot;_animation&quot;:&quot;opal-move-up&quot;}\" data-widget_type=\"image.default\">\n\t\t\t\t<div class=\"elementor-widget-container\">\n\t\t\t        <div class=\"elementor-image\">\n                                                <img fetchpriority=\"high\" decoding=\"async\" width=\"520\" height=\"400\" src=\"https:\/\/parisnordkapp.com\/wp-content\/uploads\/2025\/05\/parisnordkapp-history-1.jpg\" class=\"attachment-full size-full wp-image-7499\" alt=\"\" srcset=\"https:\/\/parisnordkapp.com\/wp-content\/uploads\/2025\/05\/parisnordkapp-history-1.jpg 520w, https:\/\/parisnordkapp.com\/wp-content\/uploads\/2025\/05\/parisnordkapp-history-1-300x231.jpg 300w, https:\/\/parisnordkapp.com\/wp-content\/uploads\/2025\/05\/parisnordkapp-history-1-400x308.jpg 400w\" sizes=\"(max-width: 520px) 100vw, 520px\" \/>                                                            <\/div>\n        \t\t<\/div>\n\t\t\t\t<\/div>\n\t\t\t\t\t<\/div>\n\t\t<\/div>\n\t\t\t\t<div class=\"elementor-column elementor-col-66 elementor-top-column elementor-element elementor-element-8f0d82e\" data-id=\"8f0d82e\" data-element_type=\"column\">\n\t\t\t<div class=\"elementor-widget-wrap elementor-element-populated\">\n\t\t\t\t\t\t<div class=\"elementor-element elementor-element-a94aa9d animated-fast elementor-invisible elementor-widget elementor-widget-heading\" data-id=\"a94aa9d\" data-element_type=\"widget\" data-settings=\"{&quot;_animation&quot;:&quot;opal-move-up&quot;}\" data-widget_type=\"heading.default\">\n\t\t\t\t<div class=\"elementor-widget-container\">\n\t\t\t<h2 class=\"elementor-heading-title elementor-size-default\">LA CHISPA QUE ENCENDI\u00d3 EL VIAJE<\/h2>\t\t<\/div>\n\t\t\t\t<\/div>\n\t\t\t\t<div class=\"elementor-element elementor-element-64b62de animated-fast elementor-invisible elementor-widget elementor-widget-text-editor\" data-id=\"64b62de\" data-element_type=\"widget\" data-settings=\"{&quot;_animation&quot;:&quot;opal-move-up&quot;,&quot;_animation_delay&quot;:150}\" data-widget_type=\"text-editor.default\">\n\t\t\t\t<div class=\"elementor-widget-container\">\n\t\t\t        <div class=\"elementor-text-editor elementor-clearfix\"><p>Paris\u2013Nordkapp naci\u00f3 de la visi\u00f3n de Tiziano Intern\u00f2.<\/p>\n<p>El 24 de agosto de 2019, reci\u00e9n llegado de una aventura<span style=\"font-family: var( --e-global-typography-text-font-family ), Sans-serif; font-weight: var( --e-global-typography-text-font-weight );\">&nbsp;en moto sin asistencia desde Tur\u00edn hasta Nordkapp, Tiziano se sent\u00f3 con una pregunta en mente: \u00bfqu\u00e9 es lo siguiente? Esa misma noche, so\u00f1\u00f3 con correr el Dakar, lo que una vez fue el legendario Par\u00eds-Dakar. Ese sue\u00f1o se convirti\u00f3 en una chispa, una que lo llevar\u00eda a la l\u00ednea de salida de cinco ediciones del rally m\u00e1s duro del mundo. Exactamente cinco a\u00f1os despu\u00e9s, el 24 de agosto de 2024, otra visi\u00f3n lo golpe\u00f3, no para viajar hacia el sur esta vez, sino para dirigirse hacia el norte nuevamente. As\u00ed, naci\u00f3 Paris\u2013Nordkapp. Desde la misma l\u00ednea de salida simb\u00f3lica, pero hacia el \u00c1rtico, no hacia el Sahara. No en invierno, sino en pleno verano, persiguiendo el sol de medianoche.      <\/span><\/p><\/div>\n        \t\t<\/div>\n\t\t\t\t<\/div>\n\t\t\t\t\t<\/div>\n\t\t<\/div>\n\t\t\t\t\t<\/div>\n\t\t<\/section>\n\t\t\t\t<section class=\"elementor-section elementor-top-section elementor-element elementor-element-e3bdc46 elementor-section-height-min-height elementor-section-boxed elementor-section-height-default elementor-section-items-middle\" data-id=\"e3bdc46\" data-element_type=\"section\">\n\t\t\t\t\t\t<div class=\"elementor-container elementor-column-gap-no\">\n\t\t\t\t\t<div class=\"elementor-column elementor-col-66 elementor-top-column elementor-element elementor-element-a7ef938\" data-id=\"a7ef938\" data-element_type=\"column\">\n\t\t\t<div class=\"elementor-widget-wrap elementor-element-populated\">\n\t\t\t\t\t\t<div class=\"elementor-element elementor-element-ae1fef9 animated-fast elementor-invisible elementor-widget elementor-widget-text-editor\" data-id=\"ae1fef9\" data-element_type=\"widget\" data-settings=\"{&quot;_animation&quot;:&quot;opal-move-up&quot;,&quot;_animation_delay&quot;:150}\" data-widget_type=\"text-editor.default\">\n\t\t\t\t<div class=\"elementor-widget-container\">\n\t\t\t        <div class=\"elementor-text-editor elementor-clearfix\"><p>Manuel Podetti es el cofundador de la legendaria Gibraltar Race y el fundador de Lamas Rally. Con m\u00e1s de 2 d\u00e9cadas de experiencia en el dise\u00f1o y la organizaci\u00f3n de eventos de motociclismo de aventura, es conocido por crear rutas tan desafiantes como m\u00e1gicas. Pensador estrat\u00e9gico y explorador de coraz\u00f3n, Manuel concibi\u00f3 el sistema de puertas y la estructura de ruta que definen la experiencia Paris\u2013Nordkapp.  <\/p><p>Tiziano y Manuel se cruzaron por primera vez durante la edici\u00f3n de 2021 de la Gibraltar Race: Manuel como organizador del evento y Tiziano como piloto participante y narrador. Ese encuentro marc\u00f3 el comienzo de un respeto mutuo y una conexi\u00f3n que evolucion\u00f3 hasta convertirse en una s\u00f3lida amistad. En los a\u00f1os siguientes, descubrieron una visi\u00f3n compartida de aventura y autenticidad, que finalmente condujo al nacimiento de Paris\u2013Nordkapp.  <\/p><p>Juntos, crearon un evento que no se trata de competir contra otros, sino de competir contra tus l\u00edmites.<\/p><\/div>\n        \t\t<\/div>\n\t\t\t\t<\/div>\n\t\t\t\t\t<\/div>\n\t\t<\/div>\n\t\t\t\t<div class=\"elementor-column elementor-col-33 elementor-top-column elementor-element elementor-element-38cbfaf\" data-id=\"38cbfaf\" data-element_type=\"column\">\n\t\t\t<div class=\"elementor-widget-wrap elementor-element-populated\">\n\t\t\t\t\t\t<div class=\"elementor-element elementor-element-78e68e7 animated-fast img-animated elementor-invisible elementor-widget elementor-widget-image\" data-id=\"78e68e7\" data-element_type=\"widget\" data-settings=\"{&quot;_animation&quot;:&quot;opal-move-up&quot;}\" data-widget_type=\"image.default\">\n\t\t\t\t<div class=\"elementor-widget-container\">\n\t\t\t        <div class=\"elementor-image\">\n                                                <img decoding=\"async\" width=\"520\" height=\"400\" src=\"https:\/\/parisnordkapp.com\/wp-content\/uploads\/2025\/05\/parisnordkapp-history-2.jpg\" class=\"attachment-full size-full wp-image-7503\" alt=\"\" srcset=\"https:\/\/parisnordkapp.com\/wp-content\/uploads\/2025\/05\/parisnordkapp-history-2.jpg 520w, https:\/\/parisnordkapp.com\/wp-content\/uploads\/2025\/05\/parisnordkapp-history-2-300x231.jpg 300w, https:\/\/parisnordkapp.com\/wp-content\/uploads\/2025\/05\/parisnordkapp-history-2-400x308.jpg 400w\" sizes=\"(max-width: 520px) 100vw, 520px\" \/>                                                            <\/div>\n        \t\t<\/div>\n\t\t\t\t<\/div>\n\t\t\t\t\t<\/div>\n\t\t<\/div>\n\t\t\t\t\t<\/div>\n\t\t<\/section>\n\t\t\t\t<section class=\"elementor-section elementor-top-section elementor-element elementor-element-1eb7429 elementor-section-boxed elementor-section-height-default elementor-section-height-default\" data-id=\"1eb7429\" data-element_type=\"section\">\n\t\t\t\t\t\t<div class=\"elementor-container elementor-column-gap-no\">\n\t\t\t\t\t<div class=\"elementor-column elementor-col-66 elementor-top-column elementor-element elementor-element-aa934ff\" data-id=\"aa934ff\" data-element_type=\"column\">\n\t\t\t<div class=\"elementor-widget-wrap elementor-element-populated\">\n\t\t\t\t\t\t<div class=\"elementor-element elementor-element-a76409d animated-fast img-animated elementor-invisible elementor-widget elementor-widget-image\" data-id=\"a76409d\" data-element_type=\"widget\" data-settings=\"{&quot;_animation&quot;:&quot;opal-move-up&quot;}\" data-widget_type=\"image.default\">\n\t\t\t\t<div class=\"elementor-widget-container\">\n\t\t\t        <div class=\"elementor-image\">\n                                                <img decoding=\"async\" width=\"1068\" height=\"988\" src=\"https:\/\/parisnordkapp.com\/wp-content\/uploads\/2025\/05\/parisnordkapp-history-3-1.jpg\" class=\"attachment-full size-full wp-image-7515\" alt=\"\" srcset=\"https:\/\/parisnordkapp.com\/wp-content\/uploads\/2025\/05\/parisnordkapp-history-3-1.jpg 1068w, https:\/\/parisnordkapp.com\/wp-content\/uploads\/2025\/05\/parisnordkapp-history-3-1-300x278.jpg 300w, https:\/\/parisnordkapp.com\/wp-content\/uploads\/2025\/05\/parisnordkapp-history-3-1-1024x947.jpg 1024w, https:\/\/parisnordkapp.com\/wp-content\/uploads\/2025\/05\/parisnordkapp-history-3-1-768x710.jpg 768w, https:\/\/parisnordkapp.com\/wp-content\/uploads\/2025\/05\/parisnordkapp-history-3-1-400x370.jpg 400w\" sizes=\"(max-width: 1068px) 100vw, 1068px\" \/>                                                            <\/div>\n        \t\t<\/div>\n\t\t\t\t<\/div>\n\t\t\t\t\t<\/div>\n\t\t<\/div>\n\t\t\t\t<div class=\"elementor-column elementor-col-33 elementor-top-column elementor-element elementor-element-a5c5ffa\" data-id=\"a5c5ffa\" data-element_type=\"column\">\n\t\t\t<div class=\"elementor-widget-wrap elementor-element-populated\">\n\t\t\t\t\t\t<section class=\"elementor-section elementor-inner-section elementor-element elementor-element-f94f2ca elementor-section-boxed elementor-section-height-default elementor-section-height-default\" data-id=\"f94f2ca\" data-element_type=\"section\">\n\t\t\t\t\t\t<div class=\"elementor-container elementor-column-gap-no\">\n\t\t\t\t\t<div class=\"elementor-column elementor-col-100 elementor-inner-column elementor-element elementor-element-bde2db6\" data-id=\"bde2db6\" data-element_type=\"column\">\n\t\t\t<div class=\"elementor-widget-wrap elementor-element-populated\">\n\t\t\t\t\t\t<div class=\"elementor-element elementor-element-35e6c20 elementor-view-default elementor-widget elementor-widget-icon\" data-id=\"35e6c20\" data-element_type=\"widget\" data-widget_type=\"icon.default\">\n\t\t\t\t<div class=\"elementor-widget-container\">\n\t\t\t\t\t<div class=\"elementor-icon-wrapper\">\n\t\t\t<div class=\"elementor-icon\">\n\t\t\t\t\t\t\t<i class=\"opal-icon-quote-left\" aria-hidden=\"true\"><\/i>\n\t\t\t\t\t\t<\/div>\n\t\t<\/div>\n\t\t\t\t<\/div>\n\t\t\t\t<\/div>\n\t\t\t\t<div class=\"elementor-element elementor-element-869d310 elementor-widget elementor-widget-text-editor\" data-id=\"869d310\" data-element_type=\"widget\" data-widget_type=\"text-editor.default\">\n\t\t\t\t<div class=\"elementor-widget-container\">\n\t\t\t        <div class=\"elementor-text-editor elementor-clearfix\"><p>Nuestra misi\u00f3n es canalizar el esp\u00edritu del Par\u00eds-Dakar original en una aventura cruda y sin asistencia a trav\u00e9s de Europa&#8230; donde el verdadero destino es el viaje en s\u00ed.<\/p><\/div>\n        \t\t<\/div>\n\t\t\t\t<\/div>\n\t\t\t\t<div class=\"elementor-element elementor-element-e97d885 animated-fast elementor-invisible elementor-widget elementor-widget-text-editor\" data-id=\"e97d885\" data-element_type=\"widget\" data-settings=\"{&quot;_animation&quot;:&quot;opal-move-up&quot;}\" data-widget_type=\"text-editor.default\">\n\t\t\t\t<div class=\"elementor-widget-container\">\n\t\t\t        <div class=\"elementor-text-editor elementor-clearfix\"><p><img loading=\"lazy\" decoding=\"async\" class=\"aligncenter wp-image-6762 size-large\" src=\"https:\/\/parisnordkapp.com\/wp-content\/uploads\/2025\/05\/Signature-Nordkapp-Paris-2-1024x278.png\" alt=\"\" width=\"1024\" height=\"278\" srcset=\"https:\/\/parisnordkapp.com\/wp-content\/uploads\/2025\/05\/Signature-Nordkapp-Paris-2-1024x278.png 1024w, https:\/\/parisnordkapp.com\/wp-content\/uploads\/2025\/05\/Signature-Nordkapp-Paris-2-300x81.png 300w, https:\/\/parisnordkapp.com\/wp-content\/uploads\/2025\/05\/Signature-Nordkapp-Paris-2-768x209.png 768w, https:\/\/parisnordkapp.com\/wp-content\/uploads\/2025\/05\/Signature-Nordkapp-Paris-2-1536x417.png 1536w, https:\/\/parisnordkapp.com\/wp-content\/uploads\/2025\/05\/Signature-Nordkapp-Paris-2-400x109.png 400w, https:\/\/parisnordkapp.com\/wp-content\/uploads\/2025\/05\/Signature-Nordkapp-Paris-2.png 1922w\" sizes=\"(max-width: 1024px) 100vw, 1024px\" \/><\/p><\/div>\n        \t\t<\/div>\n\t\t\t\t<\/div>\n\t\t\t\t<div class=\"elementor-element elementor-element-1810fdb animated-fast elementor-invisible elementor-widget elementor-widget-heading\" data-id=\"1810fdb\" data-element_type=\"widget\" data-settings=\"{&quot;_animation&quot;:&quot;opal-move-up&quot;}\" data-widget_type=\"heading.default\">\n\t\t\t\t<div class=\"elementor-widget-container\">\n\t\t\t<h3 class=\"elementor-heading-title elementor-size-default\">Tiziano interno' &amp; MANUEL PODETTI<\/h3>\t\t<\/div>\n\t\t\t\t<\/div>\n\t\t\t\t<div class=\"elementor-element elementor-element-dca7bdd animated-fast elementor-invisible elementor-widget elementor-widget-heading\" data-id=\"dca7bdd\" data-element_type=\"widget\" data-settings=\"{&quot;_animation&quot;:&quot;opal-move-up&quot;}\" data-widget_type=\"heading.default\">\n\t\t\t\t<div class=\"elementor-widget-container\">\n\t\t\t<h3 class=\"elementor-heading-title elementor-size-default\">fundadores<\/h3>\t\t<\/div>\n\t\t\t\t<\/div>\n\t\t\t\t\t<\/div>\n\t\t<\/div>\n\t\t\t\t\t<\/div>\n\t\t<\/section>\n\t\t\t\t\t<\/div>\n\t\t<\/div>\n\t\t\t\t\t<\/div>\n\t\t<\/section>\n\t\t\t\t<section class=\"elementor-section elementor-top-section elementor-element elementor-element-01cbe99 elementor-section-stretched elementor-section-boxed elementor-section-height-default elementor-section-height-default\" data-id=\"01cbe99\" data-element_type=\"section\" data-settings=\"{&quot;stretch_section&quot;:&quot;section-stretched&quot;,&quot;background_background&quot;:&quot;classic&quot;}\">\n\t\t\t\t\t\t\t<div class=\"elementor-background-overlay\"><\/div>\n\t\t\t\t\t\t\t<div class=\"elementor-container elementor-column-gap-no\">\n\t\t\t\t\t<div class=\"elementor-column elementor-col-100 elementor-top-column elementor-element elementor-element-cfb64ef\" data-id=\"cfb64ef\" data-element_type=\"column\">\n\t\t\t<div class=\"elementor-widget-wrap elementor-element-populated\">\n\t\t\t\t\t\t<div class=\"elementor-element elementor-element-383a37e elementor-align-center animated-fast elementor-invisible elementor-widget elementor-widget-heading\" data-id=\"383a37e\" data-element_type=\"widget\" data-settings=\"{&quot;_animation&quot;:&quot;opal-move-up&quot;}\" data-widget_type=\"heading.default\">\n\t\t\t\t<div class=\"elementor-widget-container\">\n\t\t\t<h2 class=\"elementor-heading-title elementor-size-default\">Llegar a NordKapp no es el final.<\/h2>\t\t<\/div>\n\t\t\t\t<\/div>\n\t\t\t\t<div class=\"elementor-element elementor-element-f7ce6a0 elementor-align-center animated-fast elementor-invisible elementor-widget elementor-widget-heading\" data-id=\"f7ce6a0\" data-element_type=\"widget\" data-settings=\"{&quot;_animation&quot;:&quot;opal-move-up&quot;}\" data-widget_type=\"heading.default\">\n\t\t\t\t<div class=\"elementor-widget-container\">\n\t\t\t<h2 class=\"elementor-heading-title elementor-size-default\">Donde termina el camino,<br> comienza la historia.<\/h2>\t\t<\/div>\n\t\t\t\t<\/div>\n\t\t\t\t<div class=\"elementor-element elementor-element-a81a62c elementor-align-center animated-fast elementor-button-primary elementor-invisible elementor-widget elementor-widget-button\" data-id=\"a81a62c\" data-element_type=\"widget\" data-settings=\"{&quot;_animation&quot;:&quot;opal-scale-up&quot;}\" data-widget_type=\"button.default\">\n\t\t\t\t<div class=\"elementor-widget-container\">\n\t\t\t        <div class=\"elementor-button-wrapper\">\n            <a href=\"https:\/\/parisnordkapp.com\/es\/el-evento\/\" class=\"elementor-button-link elementor-button elementor-size-md\" role=\"button\">\n                \t\t<span class=\"elementor-button-content-wrapper\">\n\t\t\t\t\t\t\t\t\t<span class=\"elementor-button-text\">DESCUBRE EL EVENTO<\/span>\n\t\t\t\t\t<\/span>\n\t\t            <\/a>\n        <\/div>\n        \t\t<\/div>\n\t\t\t\t<\/div>\n\t\t\t\t\t<\/div>\n\t\t<\/div>\n\t\t\t\t\t<\/div>\n\t\t<\/section>\n\t\t\t\t<\/div>\n\t\t","protected":false},"excerpt":{"rendered":"<p>LA CHISPA QUE ENCENDI\u00d3 EL VIAJE Paris\u2013Nordkapp naci\u00f3 de la visi\u00f3n de Tiziano Intern\u00f2. El 24 de agosto de 2019, reci\u00e9n llegado de una aventura&nbsp;en moto sin asistencia desde Tur\u00edn&hellip; <\/p>\n<p class=\"link-more\"><a href=\"https:\/\/parisnordkapp.com\/es\/el-sueno\/\" class=\"more-link\">Read More <span class=\"screen-reader-text\"> \u00abEl sue\u00f1o\u00bb<\/span><\/a><\/p>\n","protected":false},"author":1,"featured_media":0,"parent":0,"menu_order":0,"comment_status":"closed","ping_status":"closed","template":"page-elementor.php","meta":{"_monsterinsights_skip_tracking":false,"_monsterinsights_sitenote_active":false,"_monsterinsights_sitenote_note":"","_monsterinsights_sitenote_category":0,"footnotes":""},"aioseo_notices":[],"_links":{"self":[{"href":"https:\/\/parisnordkapp.com\/es\/wp-json\/wp\/v2\/pages\/7797"}],"collection":[{"href":"https:\/\/parisnordkapp.com\/es\/wp-json\/wp\/v2\/pages"}],"about":[{"href":"https:\/\/parisnordkapp.com\/es\/wp-json\/wp\/v2\/types\/page"}],"author":[{"embeddable":true,"href":"https:\/\/parisnordkapp.com\/es\/wp-json\/wp\/v2\/users\/1"}],"replies":[{"embeddable":true,"href":"https:\/\/parisnordkapp.com\/es\/wp-json\/wp\/v2\/comments?post=7797"}],"version-history":[{"count":9,"href":"https:\/\/parisnordkapp.com\/es\/wp-json\/wp\/v2\/pages\/7797\/revisions"}],"predecessor-version":[{"id":8354,"href":"https:\/\/parisnordkapp.com\/es\/wp-json\/wp\/v2\/pages\/7797\/revisions\/8354"}],"wp:attachment":[{"href":"https:\/\/parisnordkapp.com\/es\/wp-json\/wp\/v2\/media?parent=7797"}],"curies":[{"name":"wp","href":"https:\/\/api.w.org\/{rel}","templated":true}]}}