{"id":8442,"date":"2025-09-19T15:39:46","date_gmt":"2025-09-19T15:39:46","guid":{"rendered":"https:\/\/parisnordkapp.com\/inscribete\/"},"modified":"2025-10-02T16:39:27","modified_gmt":"2025-10-02T16:39:27","slug":"inscribete","status":"publish","type":"page","link":"https:\/\/parisnordkapp.com\/es\/inscribete\/","title":{"rendered":"\u00a1Inscr\u00edbete!"},"content":{"rendered":"\t\t<div data-elementor-type=\"wp-post\" data-elementor-id=\"8442\" class=\"elementor elementor-8442 elementor-8420\">\n\t\t\t\t\t\t<section class=\"elementor-section elementor-top-section elementor-element elementor-element-0afbde9 elementor-section-height-min-height elementor-section-boxed elementor-section-height-default elementor-section-items-middle\" data-id=\"0afbde9\" data-element_type=\"section\">\n\t\t\t\t\t\t<div class=\"elementor-container elementor-column-gap-no\">\n\t\t\t\t\t<div class=\"elementor-column elementor-col-33 elementor-top-column elementor-element elementor-element-1d050b2\" data-id=\"1d050b2\" data-element_type=\"column\">\n\t\t\t<div class=\"elementor-widget-wrap elementor-element-populated\">\n\t\t\t\t\t\t<div class=\"elementor-element elementor-element-e3d537d elementor-widget elementor-widget-image\" data-id=\"e3d537d\" data-element_type=\"widget\" data-widget_type=\"image.default\">\n\t\t\t\t<div class=\"elementor-widget-container\">\n\t\t\t        <div class=\"elementor-image\">\n                                                <img fetchpriority=\"high\" decoding=\"async\" width=\"600\" height=\"223\" src=\"https:\/\/parisnordkapp.com\/wp-content\/uploads\/2025\/10\/Nordkapp_white.png\" class=\"attachment-large size-large wp-image-8764\" alt=\"\" srcset=\"https:\/\/parisnordkapp.com\/wp-content\/uploads\/2025\/10\/Nordkapp_white.png 600w, https:\/\/parisnordkapp.com\/wp-content\/uploads\/2025\/10\/Nordkapp_white-300x112.png 300w, https:\/\/parisnordkapp.com\/wp-content\/uploads\/2025\/10\/Nordkapp_white-400x149.png 400w\" sizes=\"(max-width: 600px) 100vw, 600px\" \/>                                                            <\/div>\n        \t\t<\/div>\n\t\t\t\t<\/div>\n\t\t\t\t\t<\/div>\n\t\t<\/div>\n\t\t\t\t<div class=\"elementor-column elementor-col-66 elementor-top-column elementor-element elementor-element-5b4d14e\" data-id=\"5b4d14e\" data-element_type=\"column\">\n\t\t\t<div class=\"elementor-widget-wrap elementor-element-populated\">\n\t\t\t\t\t\t<div class=\"elementor-element elementor-element-5581e0c animated-fast elementor-invisible elementor-widget elementor-widget-heading\" data-id=\"5581e0c\" data-element_type=\"widget\" data-settings=\"{&quot;_animation&quot;:&quot;opal-move-up&quot;}\" data-widget_type=\"heading.default\">\n\t\t\t\t<div class=\"elementor-widget-container\">\n\t\t\t<h2 class=\"elementor-heading-title elementor-size-default\">\u00a1La Aventura est\u00e1 oficialmente COMPLETA!<\/h2>\t\t<\/div>\n\t\t\t\t<\/div>\n\t\t\t\t<div class=\"elementor-element elementor-element-94b7cff animated-fast elementor-invisible elementor-widget elementor-widget-text-editor\" data-id=\"94b7cff\" data-element_type=\"widget\" data-settings=\"{&quot;_animation&quot;:&quot;opal-move-up&quot;,&quot;_animation_delay&quot;:150}\" data-widget_type=\"text-editor.default\">\n\t\t\t\t<div class=\"elementor-widget-container\">\n\t\t\t        <div class=\"elementor-text-editor elementor-clearfix\"><p class=\"p1\">La primera edici\u00f3n de la Paris\u2013Nordkapp Ultra Motorcycling Adventure ha sido un \u00e9xito abrumador:<br \/>200 pilotos \u2013 plazas agotadas en menos de 24 horas desde la apertura de inscripciones.<\/p><p class=\"p1\">Pero no te preocupes, tu oportunidad a\u00fan no ha desaparecido.<\/p><p class=\"p1\">\ud83d\udc49 Inscribi\u00e9ndote en la Lista de Espera Oficial asegurar\u00e1s tu lugar en la fila.<\/p><p class=\"p1\">Si alg\u00fan participante registrado se da de baja, nos pondremos en contacto contigo personalmente para darte la oportunidad de unirte a esta aventura \u00fanica en la vida, de Par\u00eds a Nordkapp.<\/p><\/div>\n        \t\t<\/div>\n\t\t\t\t<\/div>\n\t\t\t\t\t<\/div>\n\t\t<\/div>\n\t\t\t\t\t<\/div>\n\t\t<\/section>\n\t\t\t\t<section class=\"elementor-section elementor-top-section elementor-element elementor-element-64efe21 elementor-section-stretched elementor-section-boxed elementor-section-height-default elementor-section-height-default\" data-id=\"64efe21\" data-element_type=\"section\" data-settings=\"{&quot;stretch_section&quot;:&quot;section-stretched&quot;}\">\n\t\t\t\t\t\t<div class=\"elementor-container elementor-column-gap-no\">\n\t\t\t\t\t<div class=\"elementor-column elementor-col-100 elementor-top-column elementor-element elementor-element-0af728d\" data-id=\"0af728d\" data-element_type=\"column\" data-settings=\"{&quot;background_background&quot;:&quot;classic&quot;}\">\n\t\t\t<div class=\"elementor-widget-wrap elementor-element-populated\">\n\t\t\t\t\t\t<div class=\"elementor-element elementor-element-5618b0e animated-fast elementor-invisible elementor-widget elementor-widget-heading\" data-id=\"5618b0e\" data-element_type=\"widget\" data-settings=\"{&quot;_animation&quot;:&quot;opal-move-up&quot;}\" data-widget_type=\"heading.default\">\n\t\t\t\t<div class=\"elementor-widget-container\">\n\t\t\t<h2 class=\"elementor-heading-title elementor-size-default\">Lista de Espera Oficial<\/h2>\t\t<\/div>\n\t\t\t\t<\/div>\n\t\t\t\t<div class=\"elementor-element elementor-element-a24ccc9 animated-fast elementor-invisible elementor-widget elementor-widget-text-editor\" data-id=\"a24ccc9\" data-element_type=\"widget\" data-settings=\"{&quot;_animation&quot;:&quot;opal-move-up&quot;,&quot;_animation_delay&quot;:150}\" data-widget_type=\"text-editor.default\">\n\t\t\t\t<div class=\"elementor-widget-container\">\n\t\t\t        <div class=\"elementor-text-editor elementor-clearfix\"><p class=\"p3\">\u26a0\ufe0f Las plazas son limitadas y la demanda es alt\u00edsima, as\u00ed que no lo pienses demasiado: a\u00f1ade tu nombre hoy mismo a la lista y prep\u00e1rate para rodar hacia el norte bajo el Sol de Medianoche.<\/p><\/div>\n        \t\t<\/div>\n\t\t\t\t<\/div>\n\t\t\t\t<div class=\"elementor-element elementor-element-896f95f animated-fast elementor-wpcf7-button-primary elementor-wpcf7-button-md elementor-invisible elementor-widget elementor-widget-opal-contactform7\" data-id=\"896f95f\" data-element_type=\"widget\" data-settings=\"{&quot;_animation&quot;:&quot;opal-move-up&quot;,&quot;_animation_delay&quot;:200}\" data-widget_type=\"opal-contactform7.default\">\n\t\t\t\t<div class=\"elementor-widget-container\">\n\t\t\t\n<div class=\"wpcf7 no-js\" id=\"wpcf7-f8750-o1\" lang=\"en-US\" dir=\"ltr\">\n<div class=\"screen-reader-response\"><p role=\"status\" aria-live=\"polite\" aria-atomic=\"true\"><\/p> <ul><\/ul><\/div>\n<form action=\"\/es\/wp-json\/wp\/v2\/pages\/8442#wpcf7-f8750-o1\" method=\"post\" class=\"wpcf7-form init\" aria-label=\"Contact form\" novalidate=\"novalidate\" data-status=\"init\">\n<div style=\"display: none;\">\n<input type=\"hidden\" name=\"_wpcf7\" value=\"8750\" \/>\n<input type=\"hidden\" name=\"_wpcf7_version\" value=\"5.9.7\" \/>\n<input type=\"hidden\" name=\"_wpcf7_locale\" value=\"en_US\" \/>\n<input type=\"hidden\" name=\"_wpcf7_unit_tag\" value=\"wpcf7-f8750-o1\" \/>\n<input type=\"hidden\" name=\"_wpcf7_container_post\" value=\"0\" \/>\n<input type=\"hidden\" name=\"_wpcf7_posted_data_hash\" value=\"\" \/>\n<\/div>\n<p><label> Your Name<br \/>\n<span class=\"wpcf7-form-control-wrap\" data-name=\"text-487\"><input size=\"40\" maxlength=\"400\" class=\"wpcf7-form-control wpcf7-text wpcf7-validates-as-required\" aria-required=\"true\" aria-invalid=\"false\" value=\"\" type=\"text\" name=\"text-487\" \/><\/span><\/label>\n<\/p>\n<p><label> Your Surname<br \/>\n<span class=\"wpcf7-form-control-wrap\" data-name=\"text-986\"><input size=\"40\" maxlength=\"400\" class=\"wpcf7-form-control wpcf7-text wpcf7-validates-as-required\" aria-required=\"true\" aria-invalid=\"false\" value=\"\" type=\"text\" name=\"text-986\" \/><\/span><\/label>\n<\/p>\n<p><label> Your eMail<br \/>\n<span class=\"wpcf7-form-control-wrap\" data-name=\"your-email\"><input size=\"40\" maxlength=\"400\" class=\"wpcf7-form-control wpcf7-email wpcf7-validates-as-required wpcf7-text wpcf7-validates-as-email\" autocomplete=\"email\" aria-required=\"true\" aria-invalid=\"false\" value=\"\" type=\"email\" name=\"your-email\" \/><\/span> <\/label>\n<\/p>\n<p><label> Your Phone<br \/>\n<span class=\"wpcf7-form-control-wrap\" data-name=\"tel-193\"><input size=\"40\" maxlength=\"400\" class=\"wpcf7-form-control wpcf7-tel wpcf7-validates-as-required wpcf7-text wpcf7-validates-as-tel\" aria-required=\"true\" aria-invalid=\"false\" value=\"\" type=\"tel\" name=\"tel-193\" \/><\/span> <\/label>\n<\/p>\n<p><label> Your Category<br \/>\n<span class=\"wpcf7-form-control-wrap\" data-name=\"menu-260\"><select class=\"wpcf7-form-control wpcf7-select wpcf7-validates-as-required\" aria-required=\"true\" aria-invalid=\"false\" name=\"menu-260\"><option value=\"RALLY ROADBOOK\">RALLY ROADBOOK<\/option><option value=\"RALLY GPX\">RALLY GPX<\/option><option value=\"EXPLORER GPX\">EXPLORER GPX<\/option><\/select><\/span> <\/label>\n<\/p>\n<p><label> Nationality<br \/>\n<span class=\"wpcf7-form-control-wrap\" data-name=\"text-619\"><input size=\"40\" maxlength=\"400\" class=\"wpcf7-form-control wpcf7-text wpcf7-validates-as-required\" aria-required=\"true\" aria-invalid=\"false\" value=\"\" type=\"text\" name=\"text-619\" \/><\/span> <\/label>\n<\/p>\n<p><input class=\"wpcf7-form-control wpcf7-submit has-spinner\" type=\"submit\" value=\"Subscribe to the Waiting List\" \/>\n<\/p><div class=\"wpcf7-response-output\" aria-hidden=\"true\"><\/div>\n<\/form>\n<\/div>\n\t\t<\/div>\n\t\t\t\t<\/div>\n\t\t\t\t\t<\/div>\n\t\t<\/div>\n\t\t\t\t\t<\/div>\n\t\t<\/section>\n\t\t\t\t<\/div>\n\t\t","protected":false},"excerpt":{"rendered":"<p>\u00a1La Aventura est\u00e1 oficialmente COMPLETA! La primera edici\u00f3n de la Paris\u2013Nordkapp Ultra Motorcycling Adventure ha sido un \u00e9xito abrumador:200 pilotos \u2013 plazas agotadas en menos de 24 horas desde la&hellip; <\/p>\n<p class=\"link-more\"><a href=\"https:\/\/parisnordkapp.com\/es\/inscribete\/\" class=\"more-link\">Read More <span class=\"screen-reader-text\"> \u00ab\u00a1Inscr\u00edbete!\u00bb<\/span><\/a><\/p>\n","protected":false},"author":1,"featured_media":0,"parent":0,"menu_order":0,"comment_status":"closed","ping_status":"closed","template":"page-elementor.php","meta":{"_monsterinsights_skip_tracking":false,"_monsterinsights_sitenote_active":false,"_monsterinsights_sitenote_note":"","_monsterinsights_sitenote_category":0,"footnotes":""},"aioseo_notices":[],"_links":{"self":[{"href":"https:\/\/parisnordkapp.com\/es\/wp-json\/wp\/v2\/pages\/8442"}],"collection":[{"href":"https:\/\/parisnordkapp.com\/es\/wp-json\/wp\/v2\/pages"}],"about":[{"href":"https:\/\/parisnordkapp.com\/es\/wp-json\/wp\/v2\/types\/page"}],"author":[{"embeddable":true,"href":"https:\/\/parisnordkapp.com\/es\/wp-json\/wp\/v2\/users\/1"}],"replies":[{"embeddable":true,"href":"https:\/\/parisnordkapp.com\/es\/wp-json\/wp\/v2\/comments?post=8442"}],"version-history":[{"count":7,"href":"https:\/\/parisnordkapp.com\/es\/wp-json\/wp\/v2\/pages\/8442\/revisions"}],"predecessor-version":[{"id":8773,"href":"https:\/\/parisnordkapp.com\/es\/wp-json\/wp\/v2\/pages\/8442\/revisions\/8773"}],"wp:attachment":[{"href":"https:\/\/parisnordkapp.com\/es\/wp-json\/wp\/v2\/media?parent=8442"}],"curies":[{"name":"wp","href":"https:\/\/api.w.org\/{rel}","templated":true}]}}