{"id":8513,"date":"2025-09-20T06:13:19","date_gmt":"2025-09-20T06:13:19","guid":{"rendered":"https:\/\/parisnordkapp.com\/servicio-de-transporte-de-motos\/"},"modified":"2026-02-11T07:45:40","modified_gmt":"2026-02-11T07:45:40","slug":"servicio-de-transporte-de-motos","status":"publish","type":"page","link":"https:\/\/parisnordkapp.com\/es\/informacion\/servicio-de-transporte-de-motos\/","title":{"rendered":"Servicio de Transporte"},"content":{"rendered":"\t\t<div data-elementor-type=\"wp-post\" data-elementor-id=\"8513\" class=\"elementor elementor-8513 elementor-8490\">\n\t\t\t\t\t\t<section class=\"elementor-section elementor-top-section elementor-element elementor-element-29f821b elementor-section-stretched elementor-section-boxed elementor-section-height-default elementor-section-height-default\" data-id=\"29f821b\" data-element_type=\"section\" data-settings=\"{&quot;stretch_section&quot;:&quot;section-stretched&quot;}\">\n\t\t\t\t\t\t<div class=\"elementor-container elementor-column-gap-no\">\n\t\t\t\t\t<div class=\"elementor-column elementor-col-100 elementor-top-column elementor-element elementor-element-fda0086\" data-id=\"fda0086\" data-element_type=\"column\">\n\t\t\t<div class=\"elementor-widget-wrap elementor-element-populated\">\n\t\t\t\t\t\t<div class=\"elementor-element elementor-element-7523374 elementor-align-center animated-fast elementor-invisible elementor-widget elementor-widget-heading\" data-id=\"7523374\" data-element_type=\"widget\" data-settings=\"{&quot;_animation&quot;:&quot;opal-move-up&quot;}\" data-widget_type=\"heading.default\">\n\t\t\t\t<div class=\"elementor-widget-container\">\n\t\t\t<h2 class=\"elementor-heading-title elementor-size-default\">FLY &amp; RIDE<\/h2>\t\t<\/div>\n\t\t\t\t<\/div>\n\t\t\t\t<div class=\"elementor-element elementor-element-2d5c84f elementor-widget elementor-widget-text-editor\" data-id=\"2d5c84f\" data-element_type=\"widget\" data-widget_type=\"text-editor.default\">\n\t\t\t\t<div class=\"elementor-widget-container\">\n\t\t\t        <div class=\"elementor-text-editor elementor-clearfix\"><p class=\"p1\">Participar en la Paris\u2013Nordkapp significa vivir una aventura \u00fanica y total, pero sabemos que para muchos la log\u00edstica puede ser un reto.<br \/>Por eso hemos establecido colaboraciones con varios Tour Operadores internacionales que ofrecen servicios de transporte de motos dedicados a los participantes.<\/p><p class=\"p1\">Gracias a estas soluciones podr\u00e1s:<br \/>&#8211; Reducir al m\u00ednimo los desplazamientos y el tiempo de viaje eligiendo la f\u00f3rmula <i>Fly &amp; Ride<\/i>.<br \/>&#8211; Entregar tu moto en puntos de recogida predefinidos y encontrarla lista para la salida en Par\u00eds.<br \/>&#8211; Disfrutar de la aventura hasta Cabo Norte y regresar c\u00f3modamente, con la seguridad de recuperar tu moto en tu pa\u00eds.<\/p><p class=\"p1\">En esta p\u00e1gina encontrar\u00e1s las ofertas de los distintos Tour Operadores, que se ir\u00e1n actualizando a medida que las recibamos. Cada ficha mostrar\u00e1 el pa\u00eds de referencia, los contactos directos, los precios y las condiciones del servicio.<\/p><\/div>\n        \t\t<\/div>\n\t\t\t\t<\/div>\n\t\t\t\t<div class=\"elementor-element elementor-element-a8479ef elementor-widget-divider--view-line elementor-widget elementor-widget-divider\" data-id=\"a8479ef\" data-element_type=\"widget\" data-widget_type=\"divider.default\">\n\t\t\t\t<div class=\"elementor-widget-container\">\n\t\t\t\t\t<div class=\"elementor-divider\">\n\t\t\t<span class=\"elementor-divider-separator\">\n\t\t\t\t\t\t<\/span>\n\t\t<\/div>\n\t\t\t\t<\/div>\n\t\t\t\t<\/div>\n\t\t\t\t<section class=\"elementor-section elementor-inner-section elementor-element elementor-element-e9cf79c elementor-section-full_width elementor-section-height-default elementor-section-height-default\" data-id=\"e9cf79c\" data-element_type=\"section\">\n\t\t\t\t\t\t<div class=\"elementor-container elementor-column-gap-no\">\n\t\t\t\t\t<div class=\"elementor-column elementor-col-100 elementor-inner-column elementor-element elementor-element-9c1b73b animated-fast elementor-invisible\" data-id=\"9c1b73b\" data-element_type=\"column\" data-settings=\"{&quot;animation&quot;:&quot;opal-move-up&quot;,&quot;animation_delay&quot;:200}\">\n\t\t\t<div class=\"elementor-widget-wrap elementor-element-populated\">\n\t\t\t\t\t\t<div class=\"elementor-element elementor-element-655440e elementor-align-center elementor-widget elementor-widget-heading\" data-id=\"655440e\" data-element_type=\"widget\" data-widget_type=\"heading.default\">\n\t\t\t\t<div class=\"elementor-widget-container\">\n\t\t\t<h2 class=\"elementor-heading-title elementor-size-default\">TOUROPERADOR<\/h2>\t\t<\/div>\n\t\t\t\t<\/div>\n\t\t\t\t<div class=\"elementor-element elementor-element-8be0338 elementor-accordion-i-right elementor-widget elementor-widget-accordion\" data-id=\"8be0338\" data-element_type=\"widget\" data-widget_type=\"accordion.default\">\n\t\t\t\t<div class=\"elementor-widget-container\">\n\t\t\t        <div class=\"elementor-accordion\" role=\"tablist\">\n                    <div class=\"elementor-accordion-item\">\n            <div id=\"elementor-tab-title-1461\" class=\"elementor-tab-title\" tabindex=\"1461\" data-tab=\"1\" role=\"tab\" aria-controls=\"elementor-tab-content-1461\">\n                        <span class=\"elementor-accordion-icon\" aria-hidden=\"true\">\n\t\t\t\t\t\t\t<i class=\"elementor-accordion-icon-closed opal-icon-plus\"><\/i>\n\t\t\t\t\t\t\t<i class=\"elementor-accordion-icon-opened opal-icon-minus\"><\/i>\n\t\t\t\t\t\t<\/span>\n                    Jes\u00fas Toldos            <\/div>\n            <div id=\"elementor-tab-content-1461\" class=\"elementor-tab-content elementor-clearfix\" data-tab=\"1\" role=\"tabpanel\" aria-labelledby=\"elementor-tab-title-1461\"><p class=\"p1\"><b>Precio Ida + Vuelta: 1600 \u20ac + IVA<br \/><\/b><b>Precio confirmado con un m\u00ednimo de 20 motos.<\/b><b><\/b><\/p><p>\u00a0<\/p><p>Referente: Jes\u00fas Toldos<br \/>eMail: jtoldosortiz@gmail.com<\/p><p class=\"p3\"><br \/>Dos puntos de carga y entrega: Madrid y Barcelona<br \/>Transporte de equipaje incluido.<\/p><\/div>\n            <\/div>\n                    <div class=\"elementor-accordion-item\">\n            <div id=\"elementor-tab-title-1462\" class=\"elementor-tab-title\" tabindex=\"1462\" data-tab=\"2\" role=\"tab\" aria-controls=\"elementor-tab-content-1462\">\n                        <span class=\"elementor-accordion-icon\" aria-hidden=\"true\">\n\t\t\t\t\t\t\t<i class=\"elementor-accordion-icon-closed opal-icon-plus\"><\/i>\n\t\t\t\t\t\t\t<i class=\"elementor-accordion-icon-opened opal-icon-minus\"><\/i>\n\t\t\t\t\t\t<\/span>\n                    SOLARYS RACING            <\/div>\n            <div id=\"elementor-tab-content-1462\" class=\"elementor-tab-content elementor-clearfix\" data-tab=\"2\" role=\"tabpanel\" aria-labelledby=\"elementor-tab-title-1462\"><p>Precio Toscana y Norte de Italia \u2192 Par\u00eds: 550 \u20ac + IVA<\/p><p>Precio Alta (Cabo Norte) \u2192 Par\u00eds: 1.350 \u20ac + IVA <i>(servicio disponible a partir de 5 motos)<\/i><i><\/i><\/p><p>Precio Alta (Cabo Norte) \u2192 Norte de Italia \/ Toscana: 1.500 \u20ac + IVA <i>(servicio disponible a partir de 5 motos)<\/i><i><\/i><\/p><p>Se pueden organizar recogidas y entregas personalizadas desde otras ubicaciones europeas <i>(excepto Espa\u00f1a)<\/i>.<\/p><p>\u2e3b<\/p><p>Contacto<\/p><p>Empresa: Solarys Factory<\/p><p>Tel\u00e9fono: +39 393 8839969<\/p><p>Correo electr\u00f3nico: solarysfactory@gmail.com<\/p><p>\u2e3b<\/p><p>Condiciones de Transporte<\/p><p>1.Las motos deben entregarse con un m\u00e1ximo de 2 litros de combustible en el dep\u00f3sito.<\/p><p>2.El equipaje debe ser desmontable, estar etiquetado con el nombre del piloto y no superar los 10 kg por bolsa.<\/p><p>3.Condiciones de pago: 50 % al firmar el contrato y el resto en el momento de la recogida de la moto.<\/p><p>\u2e3b<\/p><p>Notas<\/p><p>\u2022 Todas las motos se transportan de forma segura y est\u00e1n aseguradas.<\/p><p>\u2022 El servicio de transporte ser\u00e1 confirmado una vez alcanzado el n\u00famero m\u00ednimo de motos requerido.<\/p><p>\u2022 Se pueden considerar puntos adicionales de recogida y entrega previa solicitud.<\/p><\/div>\n            <\/div>\n                    <div class=\"elementor-accordion-item\">\n            <div id=\"elementor-tab-title-1463\" class=\"elementor-tab-title\" tabindex=\"1463\" data-tab=\"3\" role=\"tab\" aria-controls=\"elementor-tab-content-1463\">\n                        <span class=\"elementor-accordion-icon\" aria-hidden=\"true\">\n\t\t\t\t\t\t\t<i class=\"elementor-accordion-icon-closed opal-icon-plus\"><\/i>\n\t\t\t\t\t\t\t<i class=\"elementor-accordion-icon-opened opal-icon-minus\"><\/i>\n\t\t\t\t\t\t<\/span>\n                    EVASIONI OFF ROAD            <\/div>\n            <div id=\"elementor-tab-content-1463\" class=\"elementor-tab-content elementor-clearfix\" data-tab=\"3\" role=\"tabpanel\" aria-labelledby=\"elementor-tab-title-1463\"><p><strong>Precio solo Vuelta Alta (Nordkapp) \/ Par\u00eds: 1500\u20ac + IVA<br \/>Precio Ida Novara-Par\u00eds: 450\u20ac + IVA<br \/>Precio Ida + Vuelta: 1800\u20ac + IVA<br \/><\/strong><\/p><p>\u00a0<\/p><p>Referente: Fiorenzo Lo Giusto<br \/>Tel\u00e9fono: +39 320 5640864<br \/>eMail: info@evasioni.org<br \/>Sitio web: <a href=\"http:\/\/www.evasioni.org\/\">http:\/\/www.evasioni.org\/<\/a><\/p><p>\u00a0<\/p><p>1) Transfer ITALIA \/ PAR\u00cdS 27\/06\/26:<br \/>Entrega de la moto en Novara el 23 de junio.<br \/>La moto debe entregarse con: dep\u00f3sito con un m\u00e1ximo de 2 litros de gasolina, si tiene m\u00e1s se vaciar\u00e1; equipaje que debe caber dentro del contorno de la moto y con un peso m\u00e1ximo de 15 kg, las posibles bolsas laterales y ba\u00fales traseros DEBEN SER EXTRA\u00cdBLES porque se retirar\u00e1n y se cargar\u00e1n aparte en el cami\u00f3n; solo para el trayecto Italia Par\u00eds se permiten dos neum\u00e1ticos de repuesto.<br \/>NO RUEDAS, NO MOTORES DE REPUESTO.<br \/>Cuota \u20ac 450 + IVA 22<\/p><p>\u00a0<\/p><p>2) Transfer ALTA \/ PAR\u00cdS 11\/07\/26:<br \/>La carga se realiza el 12\/07\/26. La entrega en Par\u00eds el 18\/07\/26.<br \/>Las condiciones de carga de la moto son como en el punto 1, pero excluye el transporte de neum\u00e1ticos y cualquier otro repuesto de moto.<br \/>Cuota \u20ac 1500 + IVA 22%<\/p><p>\u00a0<\/p><p>Para quien utilice el trayecto Italia\/Par\u00eds + Alta\/Par\u00eds, la cuota total es de \u20ac 1800 + IVA 22%.<br \/>Se puede valorar el transfer Alta\/Italia (Novara) en las mismas condiciones.<\/p><p>Las motos deben entregarse con el libro original y las llaves de arranque, as\u00ed como una autorizaci\u00f3n al servicio con una copia del documento del propietario.<\/p><p>\u00a0<\/p><p>El n\u00famero m\u00ednimo es de 7 motos con equipamiento.<\/p><p>El servicio debe estar garantizado como m\u00e1ximo antes del 31 de marzo de 2026. La cuota de anticipo si es Italia\/Par\u00eds es de \u20ac 200 + IVA 22%. Si la cuota es Alta\/Par\u00eds o Alta\/Italia, es de \u20ac 500 + IVA 22%.<\/p><\/div>\n            <\/div>\n                    <div class=\"elementor-accordion-item\">\n            <div id=\"elementor-tab-title-1464\" class=\"elementor-tab-title\" tabindex=\"1464\" data-tab=\"4\" role=\"tab\" aria-controls=\"elementor-tab-content-1464\">\n                        <span class=\"elementor-accordion-icon\" aria-hidden=\"true\">\n\t\t\t\t\t\t\t<i class=\"elementor-accordion-icon-closed opal-icon-plus\"><\/i>\n\t\t\t\t\t\t\t<i class=\"elementor-accordion-icon-opened opal-icon-minus\"><\/i>\n\t\t\t\t\t\t<\/span>\n                    TRAMELLI - YAMAHA Rental + Service            <\/div>\n            <div id=\"elementor-tab-content-1464\" class=\"elementor-tab-content elementor-clearfix\" data-tab=\"4\" role=\"tabpanel\" aria-labelledby=\"elementor-tab-title-1464\"><p>Precio Ida y Vuelta: 1.800 \u20ac + IVA<\/p><p>Precio Solo Vuelta Alta (Cabo Norte) \/ Par\u00eds: 1.500 \u20ac + IVA<\/p><p>Alquiler Yamaha T\u00e9n\u00e9r\u00e9 700 (F\u00f3rmula Fly &amp; Ride): 4.500 \u20ac + IVA<\/p><p>\u2e3b<\/p><p>Contacto<\/p><p>Nombre: Alessandro Tramelli<\/p><p>Tel\u00e9fono: +39 335 522 0298<\/p><p>Correo electr\u00f3nico: tramellialessandro@gmail.com<\/p><p>Sitio web: <a href=\"http:\/\/www.tramelli.it\">www.tramelli.it<\/a><\/p><p>\u2e3b<\/p><p>Descripci\u00f3n del Servicio<\/p><p>Con el servicio Fly &amp; Ride de Tramelli, puedes alquilar una Yamaha T\u00e9n\u00e9r\u00e9 700 totalmente equipada, completamente revisada, con neum\u00e1ticos nuevos y sistema de navegaci\u00f3n incluido.<\/p><p>Vuela directamente a Par\u00eds y encuentra tu moto lista para la salida de la Paris\u2013Nordkapp 2026.<\/p><p>Una vez que llegues a Alta (Cabo Norte), simplemente devuelve la moto y toma tu vuelo de regreso a casa \u2014 todo incluido, con transporte y log\u00edstica cubiertos.<\/p><p>\u2e3b<\/p><p>Detalles del Transporte<\/p><p>\u2022Entrega de las motos en Piacenza (Italia) por parte de los participantes el 23 de junio de 2026.<\/p><p>\u2022Posibilidad de recogida en otras zonas de Italia mediante acuerdo privado con el operador tur\u00edstico.<\/p><p>\u2022Transporte de las motos desde Italia a Par\u00eds, con descarga prevista el 28 de junio de 2026.<\/p><p>\u2022Entrega de las motos en Alta (Cabo Norte) por parte de los participantes el 12 de julio de 2026.<\/p><p>\u2022Tras el evento, las motos estar\u00e1n disponibles nuevamente en Par\u00eds o en Italia.<\/p><p>\u2e3b<\/p><p>Condiciones de Entrega<\/p><p>Cada moto debe:<\/p><p>\u2022Ser entregada con el dep\u00f3sito vac\u00edo.<\/p><p>\u2022Tener las maletas o ba\u00fales desmontados, cada uno etiquetado con el nombre del propietario.<\/p><p>Se proporcionar\u00e1 un documento de entrega para cada moto, que deber\u00e1 completarse y firmarse en el momento de la entrega.<\/p><\/div>\n            <\/div>\n                    <div class=\"elementor-accordion-item\">\n            <div id=\"elementor-tab-title-1465\" class=\"elementor-tab-title\" tabindex=\"1465\" data-tab=\"5\" role=\"tab\" aria-controls=\"elementor-tab-content-1465\">\n                        <span class=\"elementor-accordion-icon\" aria-hidden=\"true\">\n\t\t\t\t\t\t\t<i class=\"elementor-accordion-icon-closed opal-icon-plus\"><\/i>\n\t\t\t\t\t\t\t<i class=\"elementor-accordion-icon-opened opal-icon-minus\"><\/i>\n\t\t\t\t\t\t<\/span>\n                    AVENTURA - KOVE Rental + Service            <\/div>\n            <div id=\"elementor-tab-content-1465\" class=\"elementor-tab-content elementor-clearfix\" data-tab=\"5\" role=\"tabpanel\" aria-labelledby=\"elementor-tab-title-1465\"><p><b>Precio Ida y Vuelta:<\/b><span class=\"s1\"> 1800 \u20ac + IVA<\/span><\/p><p><b>Precio Solo Regreso Alta (Nordkapp) \/ Par\u00eds:<\/b><span class=\"s1\"> 1500 \u20ac + IVA<\/span><\/p><p><b>Alquiler Kove 450 Rally (F\u00f3rmula Fly &amp; Ride): 4500\u20ac + IVA<\/b><b><\/b><\/p><p><b>\u00a0<\/b><\/p><p><span class=\"s2\"><b>Contacto:<\/b><\/span> Andrea Toscani<\/p><p>Tel\u00e9fono: +39 347 6863347<\/p><p>Tel\u00e9fono: +39 388 1218760<\/p><p>Email: info@aventuraracing.it<\/p><p>\u00a0<\/p><p>Con el servicio Fly &amp; Ride de Aventura Racing puedes alquilar una Kove 450 Rally lista para la aventura, revisada, con neum\u00e1ticos nuevos y equipada con navegaci\u00f3n HugerRock. Vuela a Par\u00eds y encuentra tu moto lista para la salida; al final de la aventura entr\u00e9gala c\u00f3modamente en Alta y toma un vuelo de regreso a casa: f\u00f3rmula todo incluido, con transporte cubierto. Para m\u00e1s informaci\u00f3n, contacta con Aventura.<\/p><p><b>Alquiler Kove 450 Rally (F\u00f3rmula Fly &amp; Ride): 4500\u20ac + IVA<\/b><\/p><p>\u00a0<\/p><p><b>Detalles del Transporte:<\/b><b><\/b><\/p><p>\u00a0<\/p><ul><li>Entrega de las motos en Piacenza por los participantes el 23 de junio de 2026<\/li><li>Posibilidad de recogida en otras partes de Italia previo acuerdo privado con el Tour Operator<\/li><li>Transporte de las motos desde Italia a Par\u00eds con descarga el 28 de junio de 2026<\/li><li>Entrega de las motos en Alta el 12 de julio<\/li><li>Motos disponibles en Par\u00eds o en Italia<\/li><\/ul><p>El coste de 1.800 \u20ac por veh\u00edculo incluye:<\/p><p>\u00a0<\/p><ul><li>Transporte de la moto Italia\/Par\u00eds y Alta\/Par\u00eds o Italia<\/li><\/ul><p>Las motos deben tener el dep\u00f3sito vac\u00edo y las maletas y\/o bolsas desmontadas. Cada bulto debe estar etiquetado con el nombre del propietario.<\/p><p>Se entregar\u00e1 un documento para completar y firmar por cada moto entregada.<\/p><\/div>\n            <\/div>\n                <\/div>\n        \t\t<\/div>\n\t\t\t\t<\/div>\n\t\t\t\t<div class=\"elementor-element elementor-element-8ca6c43 elementor-widget-divider--view-line elementor-widget elementor-widget-divider\" data-id=\"8ca6c43\" data-element_type=\"widget\" data-widget_type=\"divider.default\">\n\t\t\t\t<div class=\"elementor-widget-container\">\n\t\t\t\t\t<div class=\"elementor-divider\">\n\t\t\t<span class=\"elementor-divider-separator\">\n\t\t\t\t\t\t<\/span>\n\t\t<\/div>\n\t\t\t\t<\/div>\n\t\t\t\t<\/div>\n\t\t\t\t<div class=\"elementor-element elementor-element-b18627d elementor-align-center elementor-widget elementor-widget-heading\" data-id=\"b18627d\" data-element_type=\"widget\" data-widget_type=\"heading.default\">\n\t\t\t\t<div class=\"elementor-widget-container\">\n\t\t\t<h2 class=\"elementor-heading-title elementor-size-default\">\u00bfEres un Tour Operador?<\/h2>\t\t<\/div>\n\t\t\t\t<\/div>\n\t\t\t\t<div class=\"elementor-element elementor-element-dc80eff elementor-widget elementor-widget-text-editor\" data-id=\"dc80eff\" data-element_type=\"widget\" data-widget_type=\"text-editor.default\">\n\t\t\t\t<div class=\"elementor-widget-container\">\n\t\t\t        <div class=\"elementor-text-editor elementor-clearfix\"><p class=\"p1\">Si quieres proponer tus servicios de transporte de motos y convertirte en socio oficial de la Paris\u2013Nordkapp, env\u00edanos tu oferta a\u00a0<a href=\"mailto:info@parisnordkapp.com\"><span class=\"s1\"><b>info@parisnordkapp.com<\/b><\/span><\/a>.<br \/>Estaremos encantados de evaluarla y publicarla en esta p\u00e1gina.<\/p><\/div>\n        \t\t<\/div>\n\t\t\t\t<\/div>\n\t\t\t\t\t<\/div>\n\t\t<\/div>\n\t\t\t\t\t<\/div>\n\t\t<\/section>\n\t\t\t\t\t<\/div>\n\t\t<\/div>\n\t\t\t\t\t<\/div>\n\t\t<\/section>\n\t\t\t\t<\/div>\n\t\t","protected":false},"excerpt":{"rendered":"<p>FLY &amp; RIDE Participar en la Paris\u2013Nordkapp significa vivir una aventura \u00fanica y total, pero sabemos que para muchos la log\u00edstica puede ser un reto.Por eso hemos establecido colaboraciones con&hellip; <\/p>\n<p class=\"link-more\"><a href=\"https:\/\/parisnordkapp.com\/es\/informacion\/servicio-de-transporte-de-motos\/\" class=\"more-link\">Read More <span class=\"screen-reader-text\"> \u00abServicio de Transporte\u00bb<\/span><\/a><\/p>\n","protected":false},"author":1,"featured_media":0,"parent":8715,"menu_order":0,"comment_status":"closed","ping_status":"closed","template":"page-elementor.php","meta":{"_monsterinsights_skip_tracking":false,"_monsterinsights_sitenote_active":false,"_monsterinsights_sitenote_note":"","_monsterinsights_sitenote_category":0,"footnotes":""},"aioseo_notices":[],"_links":{"self":[{"href":"https:\/\/parisnordkapp.com\/es\/wp-json\/wp\/v2\/pages\/8513"}],"collection":[{"href":"https:\/\/parisnordkapp.com\/es\/wp-json\/wp\/v2\/pages"}],"about":[{"href":"https:\/\/parisnordkapp.com\/es\/wp-json\/wp\/v2\/types\/page"}],"author":[{"embeddable":true,"href":"https:\/\/parisnordkapp.com\/es\/wp-json\/wp\/v2\/users\/1"}],"replies":[{"embeddable":true,"href":"https:\/\/parisnordkapp.com\/es\/wp-json\/wp\/v2\/comments?post=8513"}],"version-history":[{"count":23,"href":"https:\/\/parisnordkapp.com\/es\/wp-json\/wp\/v2\/pages\/8513\/revisions"}],"predecessor-version":[{"id":8900,"href":"https:\/\/parisnordkapp.com\/es\/wp-json\/wp\/v2\/pages\/8513\/revisions\/8900"}],"up":[{"embeddable":true,"href":"https:\/\/parisnordkapp.com\/es\/wp-json\/wp\/v2\/pages\/8715"}],"wp:attachment":[{"href":"https:\/\/parisnordkapp.com\/es\/wp-json\/wp\/v2\/media?parent=8513"}],"curies":[{"name":"wp","href":"https:\/\/api.w.org\/{rel}","templated":true}]}}