{"id":7793,"date":"2019-04-17T01:39:15","date_gmt":"2019-04-17T01:39:15","guid":{"rendered":"https:\/\/parisnordkapp.com\/le-reve\/"},"modified":"2025-07-21T07:35:33","modified_gmt":"2025-07-21T07:35:33","slug":"le-reve","status":"publish","type":"page","link":"https:\/\/parisnordkapp.com\/fr\/le-reve\/","title":{"rendered":"Le r\u00eave"},"content":{"rendered":"\t\t<div data-elementor-type=\"wp-post\" data-elementor-id=\"7793\" class=\"elementor elementor-7793 elementor-310\">\n\t\t\t\t\t\t<section class=\"elementor-section elementor-top-section elementor-element elementor-element-f5d9ada elementor-section-height-min-height elementor-section-boxed elementor-section-height-default elementor-section-items-middle\" data-id=\"f5d9ada\" data-element_type=\"section\">\n\t\t\t\t\t\t<div class=\"elementor-container elementor-column-gap-no\">\n\t\t\t\t\t<div class=\"elementor-column elementor-col-33 elementor-top-column elementor-element elementor-element-0fb7ba6\" data-id=\"0fb7ba6\" data-element_type=\"column\">\n\t\t\t<div class=\"elementor-widget-wrap elementor-element-populated\">\n\t\t\t\t\t\t<div class=\"elementor-element elementor-element-8524ea4 animated-fast img-animated elementor-invisible elementor-widget elementor-widget-image\" data-id=\"8524ea4\" data-element_type=\"widget\" data-settings=\"{&quot;_animation&quot;:&quot;opal-move-up&quot;}\" data-widget_type=\"image.default\">\n\t\t\t\t<div class=\"elementor-widget-container\">\n\t\t\t        <div class=\"elementor-image\">\n                                                <img fetchpriority=\"high\" decoding=\"async\" width=\"520\" height=\"400\" src=\"https:\/\/parisnordkapp.com\/wp-content\/uploads\/2025\/05\/parisnordkapp-history-1.jpg\" class=\"attachment-full size-full wp-image-7496\" alt=\"\" srcset=\"https:\/\/parisnordkapp.com\/wp-content\/uploads\/2025\/05\/parisnordkapp-history-1.jpg 520w, https:\/\/parisnordkapp.com\/wp-content\/uploads\/2025\/05\/parisnordkapp-history-1-300x231.jpg 300w, https:\/\/parisnordkapp.com\/wp-content\/uploads\/2025\/05\/parisnordkapp-history-1-400x308.jpg 400w\" sizes=\"(max-width: 520px) 100vw, 520px\" \/>                                                            <\/div>\n        \t\t<\/div>\n\t\t\t\t<\/div>\n\t\t\t\t\t<\/div>\n\t\t<\/div>\n\t\t\t\t<div class=\"elementor-column elementor-col-66 elementor-top-column elementor-element elementor-element-8f0d82e\" data-id=\"8f0d82e\" data-element_type=\"column\">\n\t\t\t<div class=\"elementor-widget-wrap elementor-element-populated\">\n\t\t\t\t\t\t<div class=\"elementor-element elementor-element-a94aa9d animated-fast elementor-invisible elementor-widget elementor-widget-heading\" data-id=\"a94aa9d\" data-element_type=\"widget\" data-settings=\"{&quot;_animation&quot;:&quot;opal-move-up&quot;}\" data-widget_type=\"heading.default\">\n\t\t\t\t<div class=\"elementor-widget-container\">\n\t\t\t<h2 class=\"elementor-heading-title elementor-size-default\">L'\u00c9TINCELLE QUI A ALLUM\u00c9 L'AVENTURE<\/h2>\t\t<\/div>\n\t\t\t\t<\/div>\n\t\t\t\t<div class=\"elementor-element elementor-element-64b62de animated-fast elementor-invisible elementor-widget elementor-widget-text-editor\" data-id=\"64b62de\" data-element_type=\"widget\" data-settings=\"{&quot;_animation&quot;:&quot;opal-move-up&quot;,&quot;_animation_delay&quot;:150}\" data-widget_type=\"text-editor.default\">\n\t\t\t\t<div class=\"elementor-widget-container\">\n\t\t\t        <div class=\"elementor-text-editor elementor-clearfix\"><p>Paris-Nordkapp est n\u00e9 de la vision de Tiziano Intern\u00f2.<\/p>\n<p>Le 24 ao\u00fbt 2019, tout juste revenu d&rsquo;un voyage<span style=\"font-family: var( --e-global-typography-text-font-family ), Sans-serif; font-weight: var( --e-global-typography-text-font-weight );\">&nbsp;\u00e0 v\u00e9lo en autonomie de Turin \u00e0 Nordkapp, Tiziano s&rsquo;est pos\u00e9 une question : et maintenant ? Cette m\u00eame nuit, il a r\u00eav\u00e9 de courir le Dakar, l&rsquo;ancien l\u00e9gendaire Paris-Dakar. Ce r\u00eave est devenu une \u00e9tincelle, celle qui le m\u00e8nerait sur la ligne de d\u00e9part de cinq \u00e9ditions du plus dur rallye au monde. Exactement cinq ans plus tard, le 24 ao\u00fbt 2024, une autre vision l&rsquo;a frapp\u00e9, non pas de rouler vers le sud cette fois, mais de repartir vers le nord. Ainsi est n\u00e9 Paris-Nordkapp. Depuis la m\u00eame ligne de d\u00e9part symbolique, mais vers l&rsquo;Arctique, non le Sahara. Pas en hiver, mais au c\u0153ur de l&rsquo;\u00e9t\u00e9, \u00e0 la poursuite du Soleil de Minuit.      <\/span><\/p><\/div>\n        \t\t<\/div>\n\t\t\t\t<\/div>\n\t\t\t\t\t<\/div>\n\t\t<\/div>\n\t\t\t\t\t<\/div>\n\t\t<\/section>\n\t\t\t\t<section class=\"elementor-section elementor-top-section elementor-element elementor-element-e3bdc46 elementor-section-height-min-height elementor-section-boxed elementor-section-height-default elementor-section-items-middle\" data-id=\"e3bdc46\" data-element_type=\"section\">\n\t\t\t\t\t\t<div class=\"elementor-container elementor-column-gap-no\">\n\t\t\t\t\t<div class=\"elementor-column elementor-col-66 elementor-top-column elementor-element elementor-element-a7ef938\" data-id=\"a7ef938\" data-element_type=\"column\">\n\t\t\t<div class=\"elementor-widget-wrap elementor-element-populated\">\n\t\t\t\t\t\t<div class=\"elementor-element elementor-element-ae1fef9 animated-fast elementor-invisible elementor-widget elementor-widget-text-editor\" data-id=\"ae1fef9\" data-element_type=\"widget\" data-settings=\"{&quot;_animation&quot;:&quot;opal-move-up&quot;,&quot;_animation_delay&quot;:150}\" data-widget_type=\"text-editor.default\">\n\t\t\t\t<div class=\"elementor-widget-container\">\n\t\t\t        <div class=\"elementor-text-editor elementor-clearfix\"><p>Manuel Podetti est le co-fondateur du l\u00e9gendaire Gibraltar Race et le fondateur du Lamas Rally. Avec plus de deux d\u00e9cennies d&rsquo;exp\u00e9rience dans la conception et l&rsquo;organisation d&rsquo;\u00e9v\u00e9nements de moto d&rsquo;aventure, il est connu pour cr\u00e9er des parcours aussi exigeants que magiques. Strat\u00e8ge et explorateur dans l&rsquo;\u00e2me, Manuel a con\u00e7u le syst\u00e8me de portes et la structure du parcours qui d\u00e9finissent l&rsquo;exp\u00e9rience Paris-Nordkapp.  <\/p><p>Tiziano et Manuel se sont rencontr\u00e9s pour la premi\u00e8re fois lors de l&rsquo;\u00e9dition 2021 du Gibraltar Race : Manuel en tant qu&rsquo;organisateur de l&rsquo;\u00e9v\u00e9nement, et Tiziano en tant que participant et narrateur. Cette rencontre a marqu\u00e9 le d\u00e9but d&rsquo;un respect mutuel et d&rsquo;une connexion qui s&rsquo;est transform\u00e9e en une solide amiti\u00e9. Au fil des ann\u00e9es, ils ont d\u00e9couvert une vision commune de l&rsquo;aventure et de l&rsquo;authenticit\u00e9, qui a finalement conduit \u00e0 la naissance de Paris-Nordkapp.  <\/p><p>Ensemble, ils ont cr\u00e9\u00e9 un \u00e9v\u00e9nement qui ne consiste pas \u00e0 courir contre les autres, mais \u00e0 repousser ses propres limites.<\/p><\/div>\n        \t\t<\/div>\n\t\t\t\t<\/div>\n\t\t\t\t\t<\/div>\n\t\t<\/div>\n\t\t\t\t<div class=\"elementor-column elementor-col-33 elementor-top-column elementor-element elementor-element-38cbfaf\" data-id=\"38cbfaf\" data-element_type=\"column\">\n\t\t\t<div class=\"elementor-widget-wrap elementor-element-populated\">\n\t\t\t\t\t\t<div class=\"elementor-element elementor-element-78e68e7 animated-fast img-animated elementor-invisible elementor-widget elementor-widget-image\" data-id=\"78e68e7\" data-element_type=\"widget\" data-settings=\"{&quot;_animation&quot;:&quot;opal-move-up&quot;}\" data-widget_type=\"image.default\">\n\t\t\t\t<div class=\"elementor-widget-container\">\n\t\t\t        <div class=\"elementor-image\">\n                                                <img decoding=\"async\" width=\"520\" height=\"400\" src=\"https:\/\/parisnordkapp.com\/wp-content\/uploads\/2025\/05\/parisnordkapp-history-2.jpg\" class=\"attachment-full size-full wp-image-7500\" alt=\"\" srcset=\"https:\/\/parisnordkapp.com\/wp-content\/uploads\/2025\/05\/parisnordkapp-history-2.jpg 520w, https:\/\/parisnordkapp.com\/wp-content\/uploads\/2025\/05\/parisnordkapp-history-2-300x231.jpg 300w, https:\/\/parisnordkapp.com\/wp-content\/uploads\/2025\/05\/parisnordkapp-history-2-400x308.jpg 400w\" sizes=\"(max-width: 520px) 100vw, 520px\" \/>                                                            <\/div>\n        \t\t<\/div>\n\t\t\t\t<\/div>\n\t\t\t\t\t<\/div>\n\t\t<\/div>\n\t\t\t\t\t<\/div>\n\t\t<\/section>\n\t\t\t\t<section class=\"elementor-section elementor-top-section elementor-element elementor-element-1eb7429 elementor-section-boxed elementor-section-height-default elementor-section-height-default\" data-id=\"1eb7429\" data-element_type=\"section\">\n\t\t\t\t\t\t<div class=\"elementor-container elementor-column-gap-no\">\n\t\t\t\t\t<div class=\"elementor-column elementor-col-66 elementor-top-column elementor-element elementor-element-aa934ff\" data-id=\"aa934ff\" data-element_type=\"column\">\n\t\t\t<div class=\"elementor-widget-wrap elementor-element-populated\">\n\t\t\t\t\t\t<div class=\"elementor-element elementor-element-a76409d animated-fast img-animated elementor-invisible elementor-widget elementor-widget-image\" data-id=\"a76409d\" data-element_type=\"widget\" data-settings=\"{&quot;_animation&quot;:&quot;opal-move-up&quot;}\" data-widget_type=\"image.default\">\n\t\t\t\t<div class=\"elementor-widget-container\">\n\t\t\t        <div class=\"elementor-image\">\n                                                <img decoding=\"async\" width=\"1068\" height=\"988\" src=\"https:\/\/parisnordkapp.com\/wp-content\/uploads\/2025\/05\/parisnordkapp-history-3-1.jpg\" class=\"attachment-full size-full wp-image-7512\" alt=\"\" srcset=\"https:\/\/parisnordkapp.com\/wp-content\/uploads\/2025\/05\/parisnordkapp-history-3-1.jpg 1068w, https:\/\/parisnordkapp.com\/wp-content\/uploads\/2025\/05\/parisnordkapp-history-3-1-300x278.jpg 300w, https:\/\/parisnordkapp.com\/wp-content\/uploads\/2025\/05\/parisnordkapp-history-3-1-1024x947.jpg 1024w, https:\/\/parisnordkapp.com\/wp-content\/uploads\/2025\/05\/parisnordkapp-history-3-1-768x710.jpg 768w, https:\/\/parisnordkapp.com\/wp-content\/uploads\/2025\/05\/parisnordkapp-history-3-1-400x370.jpg 400w\" sizes=\"(max-width: 1068px) 100vw, 1068px\" \/>                                                            <\/div>\n        \t\t<\/div>\n\t\t\t\t<\/div>\n\t\t\t\t\t<\/div>\n\t\t<\/div>\n\t\t\t\t<div class=\"elementor-column elementor-col-33 elementor-top-column elementor-element elementor-element-a5c5ffa\" data-id=\"a5c5ffa\" data-element_type=\"column\">\n\t\t\t<div class=\"elementor-widget-wrap elementor-element-populated\">\n\t\t\t\t\t\t<section class=\"elementor-section elementor-inner-section elementor-element elementor-element-f94f2ca elementor-section-boxed elementor-section-height-default elementor-section-height-default\" data-id=\"f94f2ca\" data-element_type=\"section\">\n\t\t\t\t\t\t<div class=\"elementor-container elementor-column-gap-no\">\n\t\t\t\t\t<div class=\"elementor-column elementor-col-100 elementor-inner-column elementor-element elementor-element-bde2db6\" data-id=\"bde2db6\" data-element_type=\"column\">\n\t\t\t<div class=\"elementor-widget-wrap elementor-element-populated\">\n\t\t\t\t\t\t<div class=\"elementor-element elementor-element-35e6c20 elementor-view-default elementor-widget elementor-widget-icon\" data-id=\"35e6c20\" data-element_type=\"widget\" data-widget_type=\"icon.default\">\n\t\t\t\t<div class=\"elementor-widget-container\">\n\t\t\t\t\t<div class=\"elementor-icon-wrapper\">\n\t\t\t<div class=\"elementor-icon\">\n\t\t\t\t\t\t\t<i class=\"opal-icon-quote-left\" aria-hidden=\"true\"><\/i>\n\t\t\t\t\t\t<\/div>\n\t\t<\/div>\n\t\t\t\t<\/div>\n\t\t\t\t<\/div>\n\t\t\t\t<div class=\"elementor-element elementor-element-869d310 elementor-widget elementor-widget-text-editor\" data-id=\"869d310\" data-element_type=\"widget\" data-widget_type=\"text-editor.default\">\n\t\t\t\t<div class=\"elementor-widget-container\">\n\t\t\t        <div class=\"elementor-text-editor elementor-clearfix\"><p>Notre mission est de canaliser l&rsquo;esprit du Paris-Dakar original dans une aventure brute et autonome \u00e0 travers l&rsquo;Europe&#8230; o\u00f9 la v\u00e9ritable destination est le voyage lui-m\u00eame.<\/p><\/div>\n        \t\t<\/div>\n\t\t\t\t<\/div>\n\t\t\t\t<div class=\"elementor-element elementor-element-e97d885 animated-fast elementor-invisible elementor-widget elementor-widget-text-editor\" data-id=\"e97d885\" data-element_type=\"widget\" data-settings=\"{&quot;_animation&quot;:&quot;opal-move-up&quot;}\" data-widget_type=\"text-editor.default\">\n\t\t\t\t<div class=\"elementor-widget-container\">\n\t\t\t        <div class=\"elementor-text-editor elementor-clearfix\"><p><img loading=\"lazy\" decoding=\"async\" class=\"aligncenter wp-image-6762 size-large\" src=\"https:\/\/parisnordkapp.com\/wp-content\/uploads\/2025\/05\/Signature-Nordkapp-Paris-2-1024x278.png\" alt=\"\" width=\"1024\" height=\"278\" srcset=\"https:\/\/parisnordkapp.com\/wp-content\/uploads\/2025\/05\/Signature-Nordkapp-Paris-2-1024x278.png 1024w, https:\/\/parisnordkapp.com\/wp-content\/uploads\/2025\/05\/Signature-Nordkapp-Paris-2-300x81.png 300w, https:\/\/parisnordkapp.com\/wp-content\/uploads\/2025\/05\/Signature-Nordkapp-Paris-2-768x209.png 768w, https:\/\/parisnordkapp.com\/wp-content\/uploads\/2025\/05\/Signature-Nordkapp-Paris-2-1536x417.png 1536w, https:\/\/parisnordkapp.com\/wp-content\/uploads\/2025\/05\/Signature-Nordkapp-Paris-2-400x109.png 400w, https:\/\/parisnordkapp.com\/wp-content\/uploads\/2025\/05\/Signature-Nordkapp-Paris-2.png 1922w\" sizes=\"(max-width: 1024px) 100vw, 1024px\" \/><\/p><\/div>\n        \t\t<\/div>\n\t\t\t\t<\/div>\n\t\t\t\t<div class=\"elementor-element elementor-element-1810fdb animated-fast elementor-invisible elementor-widget elementor-widget-heading\" data-id=\"1810fdb\" data-element_type=\"widget\" data-settings=\"{&quot;_animation&quot;:&quot;opal-move-up&quot;}\" data-widget_type=\"heading.default\">\n\t\t\t\t<div class=\"elementor-widget-container\">\n\t\t\t<h3 class=\"elementor-heading-title elementor-size-default\">Tiziano interno'  MANUEL PODETTI<\/h3>\t\t<\/div>\n\t\t\t\t<\/div>\n\t\t\t\t<div class=\"elementor-element elementor-element-dca7bdd animated-fast elementor-invisible elementor-widget elementor-widget-heading\" data-id=\"dca7bdd\" data-element_type=\"widget\" data-settings=\"{&quot;_animation&quot;:&quot;opal-move-up&quot;}\" data-widget_type=\"heading.default\">\n\t\t\t\t<div class=\"elementor-widget-container\">\n\t\t\t<h3 class=\"elementor-heading-title elementor-size-default\">fondateurs<\/h3>\t\t<\/div>\n\t\t\t\t<\/div>\n\t\t\t\t\t<\/div>\n\t\t<\/div>\n\t\t\t\t\t<\/div>\n\t\t<\/section>\n\t\t\t\t\t<\/div>\n\t\t<\/div>\n\t\t\t\t\t<\/div>\n\t\t<\/section>\n\t\t\t\t<section class=\"elementor-section elementor-top-section elementor-element elementor-element-01cbe99 elementor-section-stretched elementor-section-boxed elementor-section-height-default elementor-section-height-default\" data-id=\"01cbe99\" data-element_type=\"section\" data-settings=\"{&quot;stretch_section&quot;:&quot;section-stretched&quot;,&quot;background_background&quot;:&quot;classic&quot;}\">\n\t\t\t\t\t\t\t<div class=\"elementor-background-overlay\"><\/div>\n\t\t\t\t\t\t\t<div class=\"elementor-container elementor-column-gap-no\">\n\t\t\t\t\t<div class=\"elementor-column elementor-col-100 elementor-top-column elementor-element elementor-element-cfb64ef\" data-id=\"cfb64ef\" data-element_type=\"column\">\n\t\t\t<div class=\"elementor-widget-wrap elementor-element-populated\">\n\t\t\t\t\t\t<div class=\"elementor-element elementor-element-383a37e elementor-align-center animated-fast elementor-invisible elementor-widget elementor-widget-heading\" data-id=\"383a37e\" data-element_type=\"widget\" data-settings=\"{&quot;_animation&quot;:&quot;opal-move-up&quot;}\" data-widget_type=\"heading.default\">\n\t\t\t\t<div class=\"elementor-widget-container\">\n\t\t\t<h2 class=\"elementor-heading-title elementor-size-default\">Atteindre Nordkapp n'est pas la fin.<\/h2>\t\t<\/div>\n\t\t\t\t<\/div>\n\t\t\t\t<div class=\"elementor-element elementor-element-f7ce6a0 elementor-align-center animated-fast elementor-invisible elementor-widget elementor-widget-heading\" data-id=\"f7ce6a0\" data-element_type=\"widget\" data-settings=\"{&quot;_animation&quot;:&quot;opal-move-up&quot;}\" data-widget_type=\"heading.default\">\n\t\t\t\t<div class=\"elementor-widget-container\">\n\t\t\t<h2 class=\"elementor-heading-title elementor-size-default\">L\u00e0 o\u00f9 la route se termine,<br> l'histoire commence.<\/h2>\t\t<\/div>\n\t\t\t\t<\/div>\n\t\t\t\t<div class=\"elementor-element elementor-element-a81a62c elementor-align-center animated-fast elementor-button-primary elementor-invisible elementor-widget elementor-widget-button\" data-id=\"a81a62c\" data-element_type=\"widget\" data-settings=\"{&quot;_animation&quot;:&quot;opal-scale-up&quot;}\" data-widget_type=\"button.default\">\n\t\t\t\t<div class=\"elementor-widget-container\">\n\t\t\t        <div class=\"elementor-button-wrapper\">\n            <a href=\"https:\/\/parisnordkapp.com\/the-event\/\" class=\"elementor-button-link elementor-button elementor-size-md\" role=\"button\">\n                \t\t<span class=\"elementor-button-content-wrapper\">\n\t\t\t\t\t\t\t\t\t<span class=\"elementor-button-text\">D\u00c9COUVRIR L'\u00c9V\u00c9NEMENT<\/span>\n\t\t\t\t\t<\/span>\n\t\t            <\/a>\n        <\/div>\n        \t\t<\/div>\n\t\t\t\t<\/div>\n\t\t\t\t\t<\/div>\n\t\t<\/div>\n\t\t\t\t\t<\/div>\n\t\t<\/section>\n\t\t\t\t<\/div>\n\t\t","protected":false},"excerpt":{"rendered":"<p>L&rsquo;\u00c9TINCELLE QUI A ALLUM\u00c9 L&rsquo;AVENTURE Paris-Nordkapp est n\u00e9 de la vision de Tiziano Intern\u00f2. Le 24 ao\u00fbt 2019, tout juste revenu d&rsquo;un voyage&nbsp;\u00e0 v\u00e9lo en autonomie de Turin \u00e0 Nordkapp,&hellip; <\/p>\n<p class=\"link-more\"><a href=\"https:\/\/parisnordkapp.com\/fr\/le-reve\/\" class=\"more-link\">Read More <span class=\"screen-reader-text\"> \u00ab\u00a0Le r\u00eave\u00a0\u00bb<\/span><\/a><\/p>\n","protected":false},"author":1,"featured_media":0,"parent":0,"menu_order":0,"comment_status":"closed","ping_status":"closed","template":"page-elementor.php","meta":{"_monsterinsights_skip_tracking":false,"_monsterinsights_sitenote_active":false,"_monsterinsights_sitenote_note":"","_monsterinsights_sitenote_category":0,"footnotes":""},"aioseo_notices":[],"_links":{"self":[{"href":"https:\/\/parisnordkapp.com\/fr\/wp-json\/wp\/v2\/pages\/7793"}],"collection":[{"href":"https:\/\/parisnordkapp.com\/fr\/wp-json\/wp\/v2\/pages"}],"about":[{"href":"https:\/\/parisnordkapp.com\/fr\/wp-json\/wp\/v2\/types\/page"}],"author":[{"embeddable":true,"href":"https:\/\/parisnordkapp.com\/fr\/wp-json\/wp\/v2\/users\/1"}],"replies":[{"embeddable":true,"href":"https:\/\/parisnordkapp.com\/fr\/wp-json\/wp\/v2\/comments?post=7793"}],"version-history":[{"count":5,"href":"https:\/\/parisnordkapp.com\/fr\/wp-json\/wp\/v2\/pages\/7793\/revisions"}],"predecessor-version":[{"id":8176,"href":"https:\/\/parisnordkapp.com\/fr\/wp-json\/wp\/v2\/pages\/7793\/revisions\/8176"}],"wp:attachment":[{"href":"https:\/\/parisnordkapp.com\/fr\/wp-json\/wp\/v2\/media?parent=7793"}],"curies":[{"name":"wp","href":"https:\/\/api.w.org\/{rel}","templated":true}]}}