{"id":7759,"date":"2025-05-21T07:53:02","date_gmt":"2025-05-21T07:53:02","guid":{"rendered":"https:\/\/parisnordkapp.com\/lo-spirito\/"},"modified":"2025-07-19T16:08:09","modified_gmt":"2025-07-19T16:08:09","slug":"lo-spirito","status":"publish","type":"page","link":"https:\/\/parisnordkapp.com\/it\/lo-spirito\/","title":{"rendered":"Lo spirito"},"content":{"rendered":"\t\t<div data-elementor-type=\"wp-post\" data-elementor-id=\"7759\" class=\"elementor elementor-7759 elementor-6777\">\n\t\t\t\t\t\t<section class=\"elementor-section elementor-top-section elementor-element elementor-element-7096fff elementor-section-boxed elementor-section-height-default elementor-section-height-default\" data-id=\"7096fff\" data-element_type=\"section\">\n\t\t\t\t\t\t<div class=\"elementor-container elementor-column-gap-no\">\n\t\t\t\t\t<div class=\"elementor-column elementor-col-50 elementor-top-column elementor-element elementor-element-5303ac7\" data-id=\"5303ac7\" data-element_type=\"column\">\n\t\t\t<div class=\"elementor-widget-wrap elementor-element-populated\">\n\t\t\t\t\t\t<div class=\"elementor-element elementor-element-be0101e elementor-tablet-align-center animated-fast elementor-invisible elementor-widget elementor-widget-heading\" data-id=\"be0101e\" data-element_type=\"widget\" data-settings=\"{&quot;_animation&quot;:&quot;opal-move-up&quot;}\" data-widget_type=\"heading.default\">\n\t\t\t\t<div class=\"elementor-widget-container\">\n\t\t\t<h2 class=\"elementor-heading-title elementor-size-default\">La Paris\u2013nordkapp non e' una gara.<br> e' PURA AVVENTURA.<\/h2>\t\t<\/div>\n\t\t\t\t<\/div>\n\t\t\t\t<div class=\"elementor-element elementor-element-cf5c73c animated-fast elementor-invisible elementor-widget elementor-widget-text-editor\" data-id=\"cf5c73c\" data-element_type=\"widget\" data-settings=\"{&quot;_animation&quot;:&quot;opal-move-up&quot;}\" data-widget_type=\"text-editor.default\">\n\t\t\t\t<div class=\"elementor-widget-container\">\n\t\t\t        <div class=\"elementor-text-editor elementor-clearfix\"><p data-start=\"213\" data-end=\"600\">\u00c8 nei sentieri sterrati che si intrecciano tra crinali ricoperti di pini.<br data-start=\"286\" data-end=\"289\" \/>\u00c8 nei passaggi nascosti che scorrono tra laghi e paludi.<br data-start=\"345\" data-end=\"348\" \/>\u00c8 nelle tracce lontane che svelano la bellezza ruvida e intatta del Nord Europa.<br data-start=\"428\" data-end=\"431\" \/>\u00c8 nel silenzio delle foreste svedesi, nel vento che soffia sugli altopiani norvegesi, nella solitudine di un trail all\u2019alba.<br data-start=\"555\" data-end=\"558\" \/>\u00c8 nell\u2019essere presenti, vulnerabili, vivi.<\/p><p data-start=\"602\" data-end=\"738\">All\u2019arrivo non troverai un podio.<br data-start=\"635\" data-end=\"638\" \/>Ma troverai qualcosa di molto pi\u00f9 profondo:<br data-start=\"681\" data-end=\"684\" \/>la sensazione di aver veramente attraversato qualcosa.<\/p><p data-start=\"740\" data-end=\"825\">Un\u2019avventura fuoristrada.<br data-start=\"765\" data-end=\"768\" \/>E l\u2019opportunit\u00e0 di connetterti con persone straordinarie.<\/p><p data-start=\"1505\" data-end=\"1767\">\u00a0<\/p><\/div>\n        \t\t<\/div>\n\t\t\t\t<\/div>\n\t\t\t\t<div class=\"elementor-element elementor-element-2148f5c img-animated elementor-widget elementor-widget-image\" data-id=\"2148f5c\" data-element_type=\"widget\" data-widget_type=\"image.default\">\n\t\t\t\t<div class=\"elementor-widget-container\">\n\t\t\t        <div class=\"elementor-image\">\n                                                <img fetchpriority=\"high\" decoding=\"async\" width=\"630\" height=\"500\" src=\"https:\/\/parisnordkapp.com\/wp-content\/uploads\/2025\/07\/Spirit_Paris-Nordkapp_2026_1.jpg\" class=\"attachment-full size-full wp-image-7678\" alt=\"\" srcset=\"https:\/\/parisnordkapp.com\/wp-content\/uploads\/2025\/07\/Spirit_Paris-Nordkapp_2026_1.jpg 630w, https:\/\/parisnordkapp.com\/wp-content\/uploads\/2025\/07\/Spirit_Paris-Nordkapp_2026_1-300x238.jpg 300w, https:\/\/parisnordkapp.com\/wp-content\/uploads\/2025\/07\/Spirit_Paris-Nordkapp_2026_1-400x317.jpg 400w\" sizes=\"(max-width: 630px) 100vw, 630px\" \/>                                                            <\/div>\n        \t\t<\/div>\n\t\t\t\t<\/div>\n\t\t\t\t\t<\/div>\n\t\t<\/div>\n\t\t\t\t<div class=\"elementor-column elementor-col-50 elementor-top-column elementor-element elementor-element-82a9ab1 c-primary\" data-id=\"82a9ab1\" data-element_type=\"column\">\n\t\t\t<div class=\"elementor-widget-wrap elementor-element-populated\">\n\t\t\t\t\t\t<div class=\"elementor-element elementor-element-bc9dd8a img-animated elementor-widget elementor-widget-image\" data-id=\"bc9dd8a\" data-element_type=\"widget\" data-widget_type=\"image.default\">\n\t\t\t\t<div class=\"elementor-widget-container\">\n\t\t\t        <div class=\"elementor-image\">\n                                                <img decoding=\"async\" width=\"520\" height=\"640\" src=\"https:\/\/parisnordkapp.com\/wp-content\/uploads\/2025\/07\/Spirit_Paris-Nordkapp_2026_2.jpg\" class=\"attachment-full size-full wp-image-7682\" alt=\"\" srcset=\"https:\/\/parisnordkapp.com\/wp-content\/uploads\/2025\/07\/Spirit_Paris-Nordkapp_2026_2.jpg 520w, https:\/\/parisnordkapp.com\/wp-content\/uploads\/2025\/07\/Spirit_Paris-Nordkapp_2026_2-244x300.jpg 244w, https:\/\/parisnordkapp.com\/wp-content\/uploads\/2025\/07\/Spirit_Paris-Nordkapp_2026_2-400x492.jpg 400w\" sizes=\"(max-width: 520px) 100vw, 520px\" \/>                                                            <\/div>\n        \t\t<\/div>\n\t\t\t\t<\/div>\n\t\t\t\t<div class=\"elementor-element elementor-element-5ed828d animated-fast elementor-invisible elementor-widget elementor-widget-text-editor\" data-id=\"5ed828d\" data-element_type=\"widget\" data-settings=\"{&quot;_animation&quot;:&quot;opal-move-up&quot;}\" data-widget_type=\"text-editor.default\">\n\t\t\t\t<div class=\"elementor-widget-container\">\n\t\t\t        <div class=\"elementor-text-editor elementor-clearfix\"><p data-start=\"1135\" data-end=\"1503\">Non importa da dove vieni n\u00e9 quale sia la tua storia:<br data-start=\"1188\" data-end=\"1191\" \/>alla Paris\u2013Nordkapp troverai una comunit\u00e0 piena di passione, ambizione e quella stessa sete d\u2019ignoto che ti spinge a partire.<br data-start=\"1316\" data-end=\"1319\" \/>Qui, avventurieri pi\u00f9 esperti condividono la strada con chi affronta la sua prima grande sfida.<br data-start=\"1403\" data-end=\"1406\" \/>Tutti legati da una sola forza: il bisogno di esplorare ci\u00f2 che si trova al di l\u00e0 dell\u2019ordinario.<\/p><p data-start=\"1505\" data-end=\"1767\">Attraversare migliaia di chilometri in moto non \u00e8 solo una prova fisica o tecnica.<br data-start=\"1587\" data-end=\"1590\" \/>\u00c8 un viaggio interiore.<br data-start=\"1613\" data-end=\"1616\" \/>Con un Roadbook come guida e paesaggi selvaggi come compagni, ogni chilometro ti avvicina non solo a Capo Nord\u2026<br data-start=\"1727\" data-end=\"1730\" \/>ma a una nuova versione di te stesso.<\/p><\/div>\n        \t\t<\/div>\n\t\t\t\t<\/div>\n\t\t\t\t<div class=\"elementor-element elementor-element-7b1c535 elementor-widget elementor-widget-opal-video-popup\" data-id=\"7b1c535\" data-element_type=\"widget\" data-widget_type=\"opal-video-popup.default\">\n\t\t\t\t<div class=\"elementor-widget-container\">\n\t\t\t        <div class=\"elementor-video-wrapper opal-video-popup\">\n            <a class=\"elementor-video-popup\" role=\"button\" href=\"https:\/\/www.youtube.com\/watch?v=2FPJeamhcBw\" data-effect=\"mfp-zoom-in\">\n                <span class=\"elementor-video-icon\"><i class=\"opal-icon-play\"><\/i><\/span>\n                <span class=\"elementor-video-title\">Play the video<\/span>            <\/a>\n\n        <\/div>\n        \t\t<\/div>\n\t\t\t\t<\/div>\n\t\t\t\t\t<\/div>\n\t\t<\/div>\n\t\t\t\t\t<\/div>\n\t\t<\/section>\n\t\t\t\t<section class=\"elementor-section elementor-top-section elementor-element elementor-element-b08bb38 elementor-section-stretched elementor-section-boxed elementor-section-height-default elementor-section-height-default\" data-id=\"b08bb38\" data-element_type=\"section\" data-settings=\"{&quot;stretch_section&quot;:&quot;section-stretched&quot;,&quot;background_background&quot;:&quot;classic&quot;}\">\n\t\t\t\t\t\t\t<div class=\"elementor-background-overlay\"><\/div>\n\t\t\t\t\t\t\t<div class=\"elementor-container elementor-column-gap-no\">\n\t\t\t\t\t<div class=\"elementor-column elementor-col-100 elementor-top-column elementor-element elementor-element-c26de39\" data-id=\"c26de39\" data-element_type=\"column\">\n\t\t\t<div class=\"elementor-widget-wrap elementor-element-populated\">\n\t\t\t\t\t\t<div class=\"elementor-element elementor-element-746773b elementor-align-center animated-fast elementor-invisible elementor-widget elementor-widget-heading\" data-id=\"746773b\" data-element_type=\"widget\" data-settings=\"{&quot;_animation&quot;:&quot;opal-move-up&quot;}\" data-widget_type=\"heading.default\">\n\t\t\t\t<div class=\"elementor-widget-container\">\n\t\t\t<h2 class=\"elementor-heading-title elementor-size-default\">Un\u2019avventura che non finisce quando scendi dalla moto.<\/h2>\t\t<\/div>\n\t\t\t\t<\/div>\n\t\t\t\t\t<\/div>\n\t\t<\/div>\n\t\t\t\t\t<\/div>\n\t\t<\/section>\n\t\t\t\t<section class=\"elementor-section elementor-top-section elementor-element elementor-element-2b4f4b5 elementor-section-stretched elementor-section-boxed elementor-section-height-default elementor-section-height-default\" data-id=\"2b4f4b5\" data-element_type=\"section\" data-settings=\"{&quot;stretch_section&quot;:&quot;section-stretched&quot;}\">\n\t\t\t\t\t\t<div class=\"elementor-container elementor-column-gap-no\">\n\t\t\t\t\t<div class=\"elementor-column elementor-col-50 elementor-top-column elementor-element elementor-element-f78a8fc\" data-id=\"f78a8fc\" data-element_type=\"column\">\n\t\t\t<div class=\"elementor-widget-wrap elementor-element-populated\">\n\t\t\t\t\t\t<div class=\"elementor-element elementor-element-913728d animated-fast elementor-invisible elementor-widget elementor-widget-heading\" data-id=\"913728d\" data-element_type=\"widget\" data-settings=\"{&quot;_animation&quot;:&quot;opal-move-up&quot;}\" data-widget_type=\"heading.default\">\n\t\t\t\t<div class=\"elementor-widget-container\">\n\t\t\t<h2 class=\"elementor-heading-title elementor-size-default\">Dormi sotto le stelle\u2026 <br>o tra le lenzuola fresche di un hotel...<\/h2>\t\t<\/div>\n\t\t\t\t<\/div>\n\t\t\t\t\t<\/div>\n\t\t<\/div>\n\t\t\t\t<div class=\"elementor-column elementor-col-50 elementor-top-column elementor-element elementor-element-9b8eb12\" data-id=\"9b8eb12\" data-element_type=\"column\">\n\t\t\t<div class=\"elementor-widget-wrap elementor-element-populated\">\n\t\t\t\t\t\t<div class=\"elementor-element elementor-element-3d45ba6 animated-fast elementor-invisible elementor-widget elementor-widget-text-editor\" data-id=\"3d45ba6\" data-element_type=\"widget\" data-settings=\"{&quot;_animation&quot;:&quot;opal-move-up&quot;,&quot;_animation_delay&quot;:350}\" data-widget_type=\"text-editor.default\">\n\t\t\t\t<div class=\"elementor-widget-container\">\n\t\t\t        <div class=\"elementor-text-editor elementor-clearfix\"><p data-start=\"109\" data-end=\"185\"><strong data-start=\"112\" data-end=\"185\">La Paris\u2013Nordkapp \u00e8 pensata per adattarsi al tuo spirito d\u2019avventura.<\/strong><\/p><p data-start=\"187\" data-end=\"427\">Sogni di campeggiare sotto il cielo del Nord, cucinando accanto alla tua moto e svegliandoti all\u2019alba nel mezzo del nulla?<br data-start=\"309\" data-end=\"312\" \/>Oppure preferisci il comfort di un letto caldo, una doccia rigenerante e una cena meritata in un ristorante locale?<\/p><p data-start=\"429\" data-end=\"456\"><span style=\"text-decoration: underline;\">La scelta \u00e8 totalmente tua.<\/span><\/p><p data-start=\"458\" data-end=\"528\">Tra un Gate e l\u2019altro, sei libero di gestire il tuo viaggio come vuoi:<\/p><p data-start=\"530\" data-end=\"648\">\ud83c\udfd5\ufe0f <strong data-start=\"534\" data-end=\"551\">Modalit\u00e0 wild<\/strong>: apri la tenda in un bosco, dormi sotto le stelle e immergiti nel ritmo silenzioso della natura.<\/p><p data-start=\"650\" data-end=\"788\">\ud83c\udfe8 <strong data-start=\"653\" data-end=\"670\">Modalit\u00e0 soft<\/strong>: prenota un hotel, goditi un pasto abbondante e ricaricati come si deve\u2026 pronto per un\u2019altra lunga giornata in sella.<\/p><p data-start=\"790\" data-end=\"925\">Non esiste una formula fissa.<br data-start=\"819\" data-end=\"822\" \/>Puoi combinare entrambi gli stili.<br data-start=\"856\" data-end=\"859\" \/>Spingi al massimo durante il giorno, poi premiati come preferisci.<\/p><p data-start=\"927\" data-end=\"1026\">La Paris\u2013Nordkapp non riguarda <em data-start=\"958\" data-end=\"964\">come<\/em> ti riposi.<br data-start=\"975\" data-end=\"978\" \/>Riguarda <em data-start=\"987\" data-end=\"1000\">fino a dove<\/em> sei disposto a spingerti.<\/p><\/div>\n        \t\t<\/div>\n\t\t\t\t<\/div>\n\t\t\t\t\t<\/div>\n\t\t<\/div>\n\t\t\t\t\t<\/div>\n\t\t<\/section>\n\t\t\t\t<section class=\"elementor-section elementor-top-section elementor-element elementor-element-8775363 elementor-section-stretched elementor-section-boxed elementor-section-height-default elementor-section-height-default\" data-id=\"8775363\" data-element_type=\"section\" data-settings=\"{&quot;stretch_section&quot;:&quot;section-stretched&quot;,&quot;background_background&quot;:&quot;classic&quot;}\">\n\t\t\t\t\t\t\t<div class=\"elementor-background-overlay\"><\/div>\n\t\t\t\t\t\t\t<div class=\"elementor-container elementor-column-gap-no\">\n\t\t\t\t\t<div class=\"elementor-column elementor-col-100 elementor-top-column elementor-element elementor-element-010890d\" data-id=\"010890d\" data-element_type=\"column\">\n\t\t\t<div class=\"elementor-widget-wrap elementor-element-populated\">\n\t\t\t\t\t\t<div class=\"elementor-element elementor-element-613d592 elementor-align-center animated-fast elementor-invisible elementor-widget elementor-widget-heading\" data-id=\"613d592\" data-element_type=\"widget\" data-settings=\"{&quot;_animation&quot;:&quot;opal-move-up&quot;}\" data-widget_type=\"heading.default\">\n\t\t\t\t<div class=\"elementor-widget-container\">\n\t\t\t<h2 class=\"elementor-heading-title elementor-size-default\">Non vieni alla Paris\u2013Nordkapp per vincere.\nCi vieni per ricordarti chi sei.<\/h2>\t\t<\/div>\n\t\t\t\t<\/div>\n\t\t\t\t<div class=\"elementor-element elementor-element-f3eb94f elementor-align-center animated-fast elementor-invisible elementor-widget elementor-widget-heading\" data-id=\"f3eb94f\" data-element_type=\"widget\" data-settings=\"{&quot;_animation&quot;:&quot;opal-move-up&quot;}\" data-widget_type=\"heading.default\">\n\t\t\t\t<div class=\"elementor-widget-container\">\n\t\t\t<h2 class=\"elementor-heading-title elementor-size-default\">Questa non e' una gara. <br>Questa e' la Paris\u2013nordkapp.<\/h2>\t\t<\/div>\n\t\t\t\t<\/div>\n\t\t\t\t<div class=\"elementor-element elementor-element-154eaef elementor-align-center animated-fast elementor-hidden-tablet elementor-hidden-mobile elementor-button-primary elementor-invisible elementor-widget elementor-widget-button\" data-id=\"154eaef\" data-element_type=\"widget\" data-settings=\"{&quot;_animation&quot;:&quot;opal-move-up&quot;}\" data-widget_type=\"button.default\">\n\t\t\t\t<div class=\"elementor-widget-container\">\n\t\t\t        <div class=\"elementor-button-wrapper\">\n            <a href=\"https:\/\/parisnordkapp.com\/it\/levento\/\" class=\"elementor-button-link elementor-button elementor-size-md\" target=\"_blank\" role=\"button\">\n                \t\t<span class=\"elementor-button-content-wrapper\">\n\t\t\t\t\t\t\t\t\t<span class=\"elementor-button-text\">SCOPRI L'EVENTO<\/span>\n\t\t\t\t\t<\/span>\n\t\t            <\/a>\n        <\/div>\n        \t\t<\/div>\n\t\t\t\t<\/div>\n\t\t\t\t\t<\/div>\n\t\t<\/div>\n\t\t\t\t\t<\/div>\n\t\t<\/section>\n\t\t\t\t<\/div>\n\t\t","protected":false},"excerpt":{"rendered":"<p>La Paris\u2013nordkapp non e&#8217; una gara. e&#8217; PURA AVVENTURA. \u00c8 nei sentieri sterrati che si intrecciano tra crinali ricoperti di pini.\u00c8 nei passaggi nascosti che scorrono tra laghi e paludi.\u00c8&hellip; <\/p>\n<p class=\"link-more\"><a href=\"https:\/\/parisnordkapp.com\/it\/lo-spirito\/\" class=\"more-link\">Read More <span class=\"screen-reader-text\"> &#8220;Lo spirito&#8221;<\/span><\/a><\/p>\n","protected":false},"author":1,"featured_media":0,"parent":0,"menu_order":0,"comment_status":"closed","ping_status":"closed","template":"page-elementor.php","meta":{"_monsterinsights_skip_tracking":false,"_monsterinsights_sitenote_active":false,"_monsterinsights_sitenote_note":"","_monsterinsights_sitenote_category":0,"footnotes":""},"aioseo_notices":[],"_links":{"self":[{"href":"https:\/\/parisnordkapp.com\/it\/wp-json\/wp\/v2\/pages\/7759"}],"collection":[{"href":"https:\/\/parisnordkapp.com\/it\/wp-json\/wp\/v2\/pages"}],"about":[{"href":"https:\/\/parisnordkapp.com\/it\/wp-json\/wp\/v2\/types\/page"}],"author":[{"embeddable":true,"href":"https:\/\/parisnordkapp.com\/it\/wp-json\/wp\/v2\/users\/1"}],"replies":[{"embeddable":true,"href":"https:\/\/parisnordkapp.com\/it\/wp-json\/wp\/v2\/comments?post=7759"}],"version-history":[{"count":6,"href":"https:\/\/parisnordkapp.com\/it\/wp-json\/wp\/v2\/pages\/7759\/revisions"}],"predecessor-version":[{"id":8033,"href":"https:\/\/parisnordkapp.com\/it\/wp-json\/wp\/v2\/pages\/7759\/revisions\/8033"}],"wp:attachment":[{"href":"https:\/\/parisnordkapp.com\/it\/wp-json\/wp\/v2\/media?parent=7759"}],"curies":[{"name":"wp","href":"https:\/\/api.w.org\/{rel}","templated":true}]}}