{"id":8490,"date":"2025-09-20T06:13:19","date_gmt":"2025-09-20T06:13:19","guid":{"rendered":"https:\/\/parisnordkapp.com\/?page_id=8490"},"modified":"2026-02-11T07:47:21","modified_gmt":"2026-02-11T07:47:21","slug":"servizio-trasporto-moto","status":"publish","type":"page","link":"https:\/\/parisnordkapp.com\/it\/informazioni\/servizio-trasporto-moto\/","title":{"rendered":"Servizio Trasporto Moto"},"content":{"rendered":"\t\t<div data-elementor-type=\"wp-post\" data-elementor-id=\"8490\" class=\"elementor elementor-8490\">\n\t\t\t\t\t\t<section class=\"elementor-section elementor-top-section elementor-element elementor-element-29f821b elementor-section-stretched elementor-section-boxed elementor-section-height-default elementor-section-height-default\" data-id=\"29f821b\" data-element_type=\"section\" data-settings=\"{&quot;stretch_section&quot;:&quot;section-stretched&quot;}\">\n\t\t\t\t\t\t<div class=\"elementor-container elementor-column-gap-no\">\n\t\t\t\t\t<div class=\"elementor-column elementor-col-100 elementor-top-column elementor-element elementor-element-fda0086\" data-id=\"fda0086\" data-element_type=\"column\">\n\t\t\t<div class=\"elementor-widget-wrap elementor-element-populated\">\n\t\t\t\t\t\t<div class=\"elementor-element elementor-element-7523374 elementor-align-center animated-fast elementor-invisible elementor-widget elementor-widget-heading\" data-id=\"7523374\" data-element_type=\"widget\" data-settings=\"{&quot;_animation&quot;:&quot;opal-move-up&quot;}\" data-widget_type=\"heading.default\">\n\t\t\t\t<div class=\"elementor-widget-container\">\n\t\t\t<h2 class=\"elementor-heading-title elementor-size-default\">FLY &amp; RIDE<\/h2>\t\t<\/div>\n\t\t\t\t<\/div>\n\t\t\t\t<div class=\"elementor-element elementor-element-2d5c84f elementor-widget elementor-widget-text-editor\" data-id=\"2d5c84f\" data-element_type=\"widget\" data-widget_type=\"text-editor.default\">\n\t\t\t\t<div class=\"elementor-widget-container\">\n\t\t\t        <div class=\"elementor-text-editor elementor-clearfix\"><p class=\"p1\">Partecipare alla Paris\u2013Nordkapp significa vivere un\u2019avventura unica e totale, ma sappiamo che per molti la logistica pu\u00f2 rappresentare una sfida.<br \/>Per questo abbiamo attivato una collaborazione con diversi Tour Operator internazionali che offrono servizi di <span class=\"s1\"><b>trasporto moto dedicati<\/b><\/span> ai partecipanti.<\/p><p class=\"p1\">Grazie a queste soluzioni potrai:<br \/><span style=\"font-family: var( --e-global-typography-text-font-family ), Sans-serif; font-weight: var( --e-global-typography-text-font-weight ); font-size: 1rem;\">&#8211; Ridurre al minimo gli spostamenti e i tempi di viaggio, scegliendo la formula <\/span><span class=\"s1\" style=\"font-family: var( --e-global-typography-text-font-family ), Sans-serif; font-weight: var( --e-global-typography-text-font-weight ); font-size: 1rem;\"><b>\u201cFly &amp; Ride\u201d<\/b><\/span><span style=\"font-family: var( --e-global-typography-text-font-family ), Sans-serif; font-weight: var( --e-global-typography-text-font-weight ); font-size: 1rem;\">.<br \/><\/span>&#8211; Consegnare la tua moto in punti di raccolta predefiniti e ritrovarla pronta alla partenza a Parigi.<br \/>&#8211; Goderti l\u2019avventura fino a Capo Nord e rientrare comodamente, con la certezza di ritrovare la moto nel tuo Paese.<\/p><p class=\"p1\">All\u2019interno di questa pagina troverai le offerte dei vari Tour Operator, aggiornate man mano che ci verranno comunicate. Ogni scheda riporter\u00e0 <span class=\"s1\"><b>Paese di riferimento, contatti diretti, prezzi e condizioni del servizio<\/b><\/span>.<\/p><\/div>\n        \t\t<\/div>\n\t\t\t\t<\/div>\n\t\t\t\t<div class=\"elementor-element elementor-element-a8479ef elementor-widget-divider--view-line elementor-widget elementor-widget-divider\" data-id=\"a8479ef\" data-element_type=\"widget\" data-widget_type=\"divider.default\">\n\t\t\t\t<div class=\"elementor-widget-container\">\n\t\t\t\t\t<div class=\"elementor-divider\">\n\t\t\t<span class=\"elementor-divider-separator\">\n\t\t\t\t\t\t<\/span>\n\t\t<\/div>\n\t\t\t\t<\/div>\n\t\t\t\t<\/div>\n\t\t\t\t<section class=\"elementor-section elementor-inner-section elementor-element elementor-element-e9cf79c elementor-section-full_width elementor-section-height-default elementor-section-height-default\" data-id=\"e9cf79c\" data-element_type=\"section\">\n\t\t\t\t\t\t<div class=\"elementor-container elementor-column-gap-no\">\n\t\t\t\t\t<div class=\"elementor-column elementor-col-100 elementor-inner-column elementor-element elementor-element-9c1b73b animated-fast elementor-invisible\" data-id=\"9c1b73b\" data-element_type=\"column\" data-settings=\"{&quot;animation&quot;:&quot;opal-move-up&quot;,&quot;animation_delay&quot;:200}\">\n\t\t\t<div class=\"elementor-widget-wrap elementor-element-populated\">\n\t\t\t\t\t\t<div class=\"elementor-element elementor-element-655440e elementor-align-center elementor-widget elementor-widget-heading\" data-id=\"655440e\" data-element_type=\"widget\" data-widget_type=\"heading.default\">\n\t\t\t\t<div class=\"elementor-widget-container\">\n\t\t\t<h2 class=\"elementor-heading-title elementor-size-default\">TOUR OPERATOR<\/h2>\t\t<\/div>\n\t\t\t\t<\/div>\n\t\t\t\t<div class=\"elementor-element elementor-element-8be0338 elementor-accordion-i-right elementor-widget elementor-widget-accordion\" data-id=\"8be0338\" data-element_type=\"widget\" data-widget_type=\"accordion.default\">\n\t\t\t\t<div class=\"elementor-widget-container\">\n\t\t\t        <div class=\"elementor-accordion\" role=\"tablist\">\n                    <div class=\"elementor-accordion-item\">\n            <div id=\"elementor-tab-title-1461\" class=\"elementor-tab-title\" tabindex=\"1461\" data-tab=\"1\" role=\"tab\" aria-controls=\"elementor-tab-content-1461\">\n                        <span class=\"elementor-accordion-icon\" aria-hidden=\"true\">\n\t\t\t\t\t\t\t<i class=\"elementor-accordion-icon-closed opal-icon-plus\"><\/i>\n\t\t\t\t\t\t\t<i class=\"elementor-accordion-icon-opened opal-icon-minus\"><\/i>\n\t\t\t\t\t\t<\/span>\n                    X-BIVOUAC            <\/div>\n            <div id=\"elementor-tab-content-1461\" class=\"elementor-tab-content elementor-clearfix\" data-tab=\"1\" role=\"tabpanel\" aria-labelledby=\"elementor-tab-title-1461\"><div>Servizi Paris\u2013Nordkapp 2026<\/div><div>\u00a0<\/div><div>Prezzo Italia \/ EU \u2192 Parigi: \u20ac550 + IVA<\/div><div>Prezzo Alta (Capo Nord) \u2192 Parigi: \u20ac1.400 + IVA<\/div><div>Prezzo Alta (Capo Nord) \u2192 Italia \/ EU: \u20ac1.500 + IVA<\/div><div>Andata + Ritorno Italia \/ EU: \u20ac1.800 + IVA<\/div><div>\u00a0<\/div><div>Sono disponibili ritiri e consegne da:<\/div><div>\u2022\u2060 \u00a0\u2060Italia (Citt\u00e0 di Castello &#8211; Parma)<\/div><div>\u2022\u2060 \u00a0\u2060Austria (Innsbruck)<\/div><div>\u2022\u2060 \u00a0\u2060Germania (Monaco di Baviera)<\/div><div>\u2022\u2060 \u00a0\u2060Svizzera (Zurigo)<\/div><div>\u2022\u2060 \u00a0\u2060Francia (Lione)<\/div><div>\u00a0<\/div><div>\u2e3b<\/div><div>\u00a0<\/div><div>Date di riferimento (2026)<\/div><div>\u2022\u2060 \u00a0\u2060Consegna moto Italia\/EU: 22\u201325 giugno<\/div><div>\u2022\u2060 \u00a0\u2060Scarico a Parigi: 27 giugno<\/div><div>\u2022\u2060 \u00a0\u2060Consegna moto ad Alta (Norvegia): 12 luglio<\/div><div>\u2022\u2060 \u00a0\u2060Rientro in Italia\/EU: dal 23 luglio<\/div><div>\u00a0<\/div><div>\u2e3b<\/div><div>\u00a0<\/div><div>Incluso<\/div><div>\u2022\u2060 \u00a0\u2060Trasporto moto con furgoni chiusi o carrelli dedicati<\/div><div>\u2022\u2060 \u00a0\u2060Copertura assicurativa per trasporto e furto<\/div><div>\u2022\u2060 \u00a0\u2060Trasporto bagagli moto max 20 kg (involucri separabili)<\/div><div>\u2022\u2060 \u00a0\u2060Assistenza logistica in fase di ritiro\/consegna e presso i checkpoint<\/div><div>\u00a0<\/div><div>\u2e3b<\/div><div>\u00a0<\/div><div>Extra (su richiesta)<\/div><div>\u2022\u2060 \u00a0\u2060Trasporto gomme<\/div><div>\u2022\u2060 \u00a0\u2060Assistenza meccanica leggera<\/div><div>\u2022\u2060 \u00a0\u2060Recupero moto (assistenza stradale in caso di guasto)<\/div><div>\u00a0<\/div><div>\u2e3b<\/div><div>\u00a0<\/div><div>Condizioni di trasporto<\/div><div>1.Moto con max 2 litri di carburante nel serbatoio<\/div><div>2.Borse\/bauli rimovibili ed etichettati con nome e numero di gara<\/div><div>3.Peso massimo del bagaglio: 20 kg per pilota<\/div><div>4.Acconto del 50% al momento della prenotazione (rimborsabile se il servizio non viene attivato)<\/div><div>5.Saldo del 100% al ritiro della moto<\/div><div>\u00a0<\/div><div>\u2e3b<\/div><div>\u00a0<\/div><div>Note<\/div><div>\u2022\u2060 \u00a0\u2060Prezzi indicativi soggetti a piccole variazioni in base a localit\u00e0 di ritiro\/consegna<\/div><div>\u2022\u2060 \u00a0\u2060Il servizio sar\u00e0 attivato al raggiungimento del numero minimo di 6 moto<\/div><div>\u2022\u2060 \u00a0\u2060Altri punti di ritiro\/consegna possono essere valutati su richiesta<\/div><div>\u00a0<\/div><div>\u2e3b<\/div><div>\u00a0<\/div><div>Contatti<\/div><div>\u00a0<\/div><div>Azienda: X-Bivouac<\/div><div>Telefono: +39 348 9021427<\/div><div>Email: info@xbivouac.com<\/div><div>Sito: www.xbivouac.com\ufffc<\/div><div>\u00a0<\/div><div>Contattaci per qualsiasi informazione. Parliamo Italiano, Inglese e Tedesco!<br \/><br \/><a href=\"https:\/\/parisnordkapp.com\/wp-content\/uploads\/2026\/01\/Offerta-X-Bivouac-x-Paris-Nordkapp-2026.pdf\"><strong>SCARICA IL PDF<\/strong><\/a><\/div><\/div>\n            <\/div>\n                    <div class=\"elementor-accordion-item\">\n            <div id=\"elementor-tab-title-1462\" class=\"elementor-tab-title\" tabindex=\"1462\" data-tab=\"2\" role=\"tab\" aria-controls=\"elementor-tab-content-1462\">\n                        <span class=\"elementor-accordion-icon\" aria-hidden=\"true\">\n\t\t\t\t\t\t\t<i class=\"elementor-accordion-icon-closed opal-icon-plus\"><\/i>\n\t\t\t\t\t\t\t<i class=\"elementor-accordion-icon-opened opal-icon-minus\"><\/i>\n\t\t\t\t\t\t<\/span>\n                    SOLARYS FACTORY            <\/div>\n            <div id=\"elementor-tab-content-1462\" class=\"elementor-tab-content elementor-clearfix\" data-tab=\"2\" role=\"tabpanel\" aria-labelledby=\"elementor-tab-title-1462\"><p>Prezzo Toscana &amp; Nord Italia \u2192 Parigi: \u20ac550 + IVA<\/p><p>Prezzo Alta (Capo Nord) \u2192 Parigi: \u20ac1.350 + IVA <i>(servizio attivo con un minimo di 5 moto)<\/i><i><\/i><\/p><p>Prezzo Alta (Capo Nord) \u2192 Nord Italia \/ Toscana: \u20ac1.500 + IVA <i>(servizio attivo con un minimo di 5 moto)<\/i><i><\/i><\/p><p>Sono possibili ritiri o consegne personalizzate da altre localit\u00e0 europee <i>(eccetto la Spagna)<\/i>.<\/p><p>\u2e3b<\/p><p>Contatti<\/p><p>Azienda: Solarys Factory<\/p><p>Telefono: +39 393 8839969<\/p><p>Email: solarysfactory@gmail.com<\/p><p>\u2e3b<\/p><p>Condizioni di Trasporto<\/p><p>1.Le moto devono essere consegnate con un massimo di 2 litri di carburante nel serbatoio.<\/p><p>2.Le borse devono essere rimovibili, etichettate con il nome del pilota e non superare i 10 kg ciascuna.<\/p><p>3.Termini di pagamento: 50% alla firma del contratto, saldo al momento del ritiro della moto.<\/p><p>\u2e3b<\/p><p>Note<\/p><p>\u2022 Tutte le moto vengono trasportate in piena sicurezza e con copertura assicurativa.<\/p><p>\u2022 Il servizio di trasporto sar\u00e0 confermato al raggiungimento del numero minimo di moto richiesto.<\/p><p>\u2022 Ulteriori punti di ritiro e consegna possono essere valutati su richiesta.<\/p><\/div>\n            <\/div>\n                    <div class=\"elementor-accordion-item\">\n            <div id=\"elementor-tab-title-1463\" class=\"elementor-tab-title\" tabindex=\"1463\" data-tab=\"3\" role=\"tab\" aria-controls=\"elementor-tab-content-1463\">\n                        <span class=\"elementor-accordion-icon\" aria-hidden=\"true\">\n\t\t\t\t\t\t\t<i class=\"elementor-accordion-icon-closed opal-icon-plus\"><\/i>\n\t\t\t\t\t\t\t<i class=\"elementor-accordion-icon-opened opal-icon-minus\"><\/i>\n\t\t\t\t\t\t<\/span>\n                    EVASIONI OFF ROAD            <\/div>\n            <div id=\"elementor-tab-content-1463\" class=\"elementor-tab-content elementor-clearfix\" data-tab=\"3\" role=\"tabpanel\" aria-labelledby=\"elementor-tab-title-1463\"><p><strong>Prezzo solo Ritorno Alta (Nordkapp) \/ Parigi: 1500\u20ac + IVA<br>Prezzo Andata Novara-Parigi: 450\u20ac + IVA<br>Prezzo Andata + Ritorno: 1800\u20ac + IVA<br><\/strong><\/p><p><strong><br><\/strong><\/p>\n<p><\/p>\n<p>Referente: Fiorenzo Lo Giusto<br>Telefono: +39 320 5640864<br>eMail: info@evasioni.org<br>SitoWeb: <a href=\"http:\/\/www.evasioni.org\/\">http:\/\/www.evasioni.org\/<\/a><\/p><p><br><\/p>\n<p>1) Transfer ITALIA \/ PARIGI 27\/06\/26 :<br>Consegna moto a Novara il 23 giugno.<br>La moto deve essere consegnata con : serbatoio con massimo 2 litri di benzina, se di pi\u00f9 saranno svuotati; bagaglio che deve rientrare nella sagoma della moto e del peso max 15 kg, le eventuali borse laterali e bauletti posteriori DEVONO ESSERE ASPORTABILI perch\u00e8 saranno rimossi e caricati a parte nel camion; solo per la tratta Italia Parigi sono permesse due gomme scorta. <br>NO RUOTE, NO MOTORI SCORTA.<br>Quota \u20ac 450 + Iva 22<\/p><p><br><\/p>\n<p>2) Transfer ALTA \/ PARIGI 11\/07\/26 :<br>Il carico si effettua il 12\/07\/26. La consegna a Parigi il 18\/07\/26. <br>Le condizioni di carico moto sono come al punto 1 ma esclude trasporto gomme e qualsiasi altro ricambio moto.<br>Quota \u20ac 1500 + Iva 22%<\/p>\n<p>Per chi usufruisce della tratta Italia\/Parigi + Alta\/Parigi quota totale \u20ac 1800+Iva 22%.<br>Si pu\u00f2 valutare il transfer Alta\/Italia (Novara) alle stesse condizioni .<\/p>\n<p>Le moto devono essere consegnate con libretto originale ed eventuali chiavi avviamento e delega al servizio con copia documento proprietario.<\/p>\n<p>Il numero minimo sono 7 moto con equipaggiamento.<\/p>\n<p>Il servizio deve essere cauzionato al massimo entro il 31 marzo 2026. La quota anticipo se Italia\/Parigi \u20ac 200+ Iva 22%. Se quota Alta\/Parigi o Alta\/Italia \u20ac 500+ Iva 22%.<\/p><\/div>\n            <\/div>\n                    <div class=\"elementor-accordion-item\">\n            <div id=\"elementor-tab-title-1464\" class=\"elementor-tab-title\" tabindex=\"1464\" data-tab=\"4\" role=\"tab\" aria-controls=\"elementor-tab-content-1464\">\n                        <span class=\"elementor-accordion-icon\" aria-hidden=\"true\">\n\t\t\t\t\t\t\t<i class=\"elementor-accordion-icon-closed opal-icon-plus\"><\/i>\n\t\t\t\t\t\t\t<i class=\"elementor-accordion-icon-opened opal-icon-minus\"><\/i>\n\t\t\t\t\t\t<\/span>\n                    TRAMELLI - YAMAHA Noleggio & Assistenza            <\/div>\n            <div id=\"elementor-tab-content-1464\" class=\"elementor-tab-content elementor-clearfix\" data-tab=\"4\" role=\"tabpanel\" aria-labelledby=\"elementor-tab-title-1464\"><p>Prezzo Andata e Ritorno: \u20ac1.800 + IVA<\/p><p>Prezzo Solo Ritorno Alta (Capo Nord) \/ Parigi: \u20ac1.500 + IVA<\/p><p>Noleggio Yamaha T\u00e9n\u00e9r\u00e9 700 (Formula Fly &amp; Ride): \u20ac4.500 + IVA<\/p><p>\u2e3b<\/p><p>Contatti<\/p><p>Nome: Alessandro Tramelli<\/p><p>Telefono: +39 335 522 0298<\/p><p>Email: tramellialessandro@gmail.com<\/p><p>Sito Web: <a href=\"http:\/\/www.tramelli.it\">www.tramelli.it<\/a><\/p><p>\u2e3b<\/p><p>Descrizione del Servizio<\/p><p>Con la Formula Fly &amp; Ride di Tramelli, puoi noleggiare una Yamaha T\u00e9n\u00e9r\u00e9 700 completamente equipaggiata, perfettamente tagliandata, con gomme nuove e dotata di sistema di navigazione.<\/p><p>Vola direttamente a Parigi e trova la moto pronta per la partenza della Paris\u2013Nordkapp 2026.<\/p><p>Una volta raggiunta Alta (Capo Nord), potrai semplicemente riconsegnare la moto e prendere il volo di ritorno verso casa \u2014 tutto incluso, con trasporto e logistica gi\u00e0 coperti.<\/p><p>\u2e3b<\/p><p>Dettagli Trasporto<\/p><p>\u2022Consegna delle moto a Piacenza da parte dei partecipanti il 23 giugno 2026.<\/p><p>\u2022Possibilit\u00e0 di ritiro in altre localit\u00e0 d\u2019Italia previo accordo privato con il Tour Operator.<\/p><p>\u2022Trasporto delle moto dall\u2019Italia a Parigi, con scarico previsto il 28 giugno 2026.<\/p><p>\u2022Consegna delle moto ad Alta (Capo Nord) da parte dei partecipanti il 12 luglio 2026.<\/p><p>\u2022Dopo l\u2019evento, le moto saranno nuovamente disponibili a Parigi o in Italia.<\/p><p>\u2e3b<\/p><p>Condizioni di Consegna<\/p><p>Ogni moto deve:<\/p><p>\u2022Essere consegnata con il serbatoio vuoto.<\/p><p>\u2022Avere bauletti o borse rimossi, ciascuno etichettato con il nome del proprietario.<\/p><\/div>\n            <\/div>\n                    <div class=\"elementor-accordion-item\">\n            <div id=\"elementor-tab-title-1465\" class=\"elementor-tab-title\" tabindex=\"1465\" data-tab=\"5\" role=\"tab\" aria-controls=\"elementor-tab-content-1465\">\n                        <span class=\"elementor-accordion-icon\" aria-hidden=\"true\">\n\t\t\t\t\t\t\t<i class=\"elementor-accordion-icon-closed opal-icon-plus\"><\/i>\n\t\t\t\t\t\t\t<i class=\"elementor-accordion-icon-opened opal-icon-minus\"><\/i>\n\t\t\t\t\t\t<\/span>\n                    AVENTURA - KOVE Noleggio & Assistenza            <\/div>\n            <div id=\"elementor-tab-content-1465\" class=\"elementor-tab-content elementor-clearfix\" data-tab=\"5\" role=\"tabpanel\" aria-labelledby=\"elementor-tab-title-1465\"><p><b>Prezzo Andata e Ritorno:<\/b><span>&nbsp;\u20ac1800 + IVA<\/span><\/p>\n<p><b>Prezzo Solo Ritorno Alta (Nordkapp) \/ Parigi:<\/b><span>&nbsp;\u20ac1500 + IVA<\/span><\/p>\n<p><b>Noleggio Kove 450 Rally (Formula Fly &amp; Ride): 4500\u20ac + IVA<\/b><b><\/b><\/p>\n<p><\/p>\n<p><span><b>Contatto:<\/b><\/span>&nbsp;Andrea Toscani<\/p>\n<p>Telefono: +39 347 6863347<\/p>\n<p>Telefono: +39 388 1218760<\/p>\n<p>Email: info@aventuraracing.it<\/p><p><br><\/p>\n<p>Con il servizio Fly &amp; Ride di Aventura Racing puoi noleggiare una Kove 450 Rally pronta all\u2019avventura, tagliandata, con gomme nuove e dotata di navigazione HugerRock. Vola a Parigi e trova la moto gi\u00e0 pronta alla partenza, poi consegnala comodamente ad Alta a fine avventura e riprendi un volo verso casa: formula all-inclusive, trasporto compreso. Per maggiori informazioni, contatta Aventura.<\/p><p><b>Noleggio Kove 450 Rally (Formula Fly &amp; Ride): 4500\u20ac + IVA<\/b><br><\/p><p><b><br><\/b><\/p>\n<p><\/p>\n<p><b>Dettagli Trasporto:<\/b><b><\/b><\/p>\n<ul style=\"caret-color: #000000; color: #000000; font-weight: 400;\">\n<li>Consegna delle moto a Piacenza da parte dei partecipanti il 23 giugno 2026<\/li>\n<li>Possibilit\u00e0 di ritiro in altre parti d\u2019Italia previo accordo privato con il Tour Operator<\/li>\n<li>Trasporto moto dall\u2019Italia a Parigi con scarico il 28 giugno 2026<\/li>\n<li>Consegna delle moto ad Alta il 12 luglio<\/li>\n<li>Moto disponibili a Parigi o in Italia<\/li>\n<\/ul>\n<p>Il costo di 1.800 \u20ac per veicolo comprende:<\/p>\n<ul style=\"caret-color: #000000; color: #000000; font-weight: 400;\">\n<li>Trasporto della moto Italia\/Parigi e Alta\/Parigi o Italia<\/li>\n<\/ul>\n<p>Le moto devono avere il serbatoio vuoto e i bauletti e\/o borse smontati. Ogni collo deve essere etichettato con il nome del proprietario.<\/p>\n<p>Per ogni moto consegnata sar\u00e0 fornito un documento da compilare e firmare.<\/p><\/div>\n            <\/div>\n                <\/div>\n        \t\t<\/div>\n\t\t\t\t<\/div>\n\t\t\t\t<div class=\"elementor-element elementor-element-8ca6c43 elementor-widget-divider--view-line elementor-widget elementor-widget-divider\" data-id=\"8ca6c43\" data-element_type=\"widget\" data-widget_type=\"divider.default\">\n\t\t\t\t<div class=\"elementor-widget-container\">\n\t\t\t\t\t<div class=\"elementor-divider\">\n\t\t\t<span class=\"elementor-divider-separator\">\n\t\t\t\t\t\t<\/span>\n\t\t<\/div>\n\t\t\t\t<\/div>\n\t\t\t\t<\/div>\n\t\t\t\t<div class=\"elementor-element elementor-element-b18627d elementor-align-center elementor-widget elementor-widget-heading\" data-id=\"b18627d\" data-element_type=\"widget\" data-widget_type=\"heading.default\">\n\t\t\t\t<div class=\"elementor-widget-container\">\n\t\t\t<h2 class=\"elementor-heading-title elementor-size-default\">SEI UN TOUR OPERATOR?<\/h2>\t\t<\/div>\n\t\t\t\t<\/div>\n\t\t\t\t<div class=\"elementor-element elementor-element-dc80eff elementor-widget elementor-widget-text-editor\" data-id=\"dc80eff\" data-element_type=\"widget\" data-widget_type=\"text-editor.default\">\n\t\t\t\t<div class=\"elementor-widget-container\">\n\t\t\t        <div class=\"elementor-text-editor elementor-clearfix\"><p class=\"p1\">Se vuoi proporre i tuoi servizi di trasporto moto e diventare partner ufficiale della Paris\u2013Nordkapp, inviaci la tua offerta a <a href=\"mailto:info@parisnordkapp.com\"><span class=\"s1\"><b>info@parisnordkapp.com<\/b><\/span><\/a>. <br \/>Saremo felici di valutare la tua proposta e pubblicarla in questa pagina.<\/p><\/div>\n        \t\t<\/div>\n\t\t\t\t<\/div>\n\t\t\t\t\t<\/div>\n\t\t<\/div>\n\t\t\t\t\t<\/div>\n\t\t<\/section>\n\t\t\t\t\t<\/div>\n\t\t<\/div>\n\t\t\t\t\t<\/div>\n\t\t<\/section>\n\t\t\t\t<\/div>\n\t\t","protected":false},"excerpt":{"rendered":"<p>FLY &amp; RIDE Partecipare alla Paris\u2013Nordkapp significa vivere un\u2019avventura unica e totale, ma sappiamo che per molti la logistica pu\u00f2 rappresentare una sfida.Per questo abbiamo attivato una collaborazione con diversi&hellip; <\/p>\n<p class=\"link-more\"><a href=\"https:\/\/parisnordkapp.com\/it\/informazioni\/servizio-trasporto-moto\/\" class=\"more-link\">Read More <span class=\"screen-reader-text\"> &#8220;Servizio Trasporto Moto&#8221;<\/span><\/a><\/p>\n","protected":false},"author":1,"featured_media":0,"parent":8642,"menu_order":0,"comment_status":"closed","ping_status":"closed","template":"page-elementor.php","meta":{"_monsterinsights_skip_tracking":false,"_monsterinsights_sitenote_active":false,"_monsterinsights_sitenote_note":"","_monsterinsights_sitenote_category":0,"footnotes":""},"aioseo_notices":[],"_links":{"self":[{"href":"https:\/\/parisnordkapp.com\/it\/wp-json\/wp\/v2\/pages\/8490"}],"collection":[{"href":"https:\/\/parisnordkapp.com\/it\/wp-json\/wp\/v2\/pages"}],"about":[{"href":"https:\/\/parisnordkapp.com\/it\/wp-json\/wp\/v2\/types\/page"}],"author":[{"embeddable":true,"href":"https:\/\/parisnordkapp.com\/it\/wp-json\/wp\/v2\/users\/1"}],"replies":[{"embeddable":true,"href":"https:\/\/parisnordkapp.com\/it\/wp-json\/wp\/v2\/comments?post=8490"}],"version-history":[{"count":43,"href":"https:\/\/parisnordkapp.com\/it\/wp-json\/wp\/v2\/pages\/8490\/revisions"}],"predecessor-version":[{"id":8912,"href":"https:\/\/parisnordkapp.com\/it\/wp-json\/wp\/v2\/pages\/8490\/revisions\/8912"}],"up":[{"embeddable":true,"href":"https:\/\/parisnordkapp.com\/it\/wp-json\/wp\/v2\/pages\/8642"}],"wp:attachment":[{"href":"https:\/\/parisnordkapp.com\/it\/wp-json\/wp\/v2\/media?parent=8490"}],"curies":[{"name":"wp","href":"https:\/\/api.w.org\/{rel}","templated":true}]}}